{"id":3494,"date":"2024-11-12T14:11:07","date_gmt":"2024-11-12T14:11:07","guid":{"rendered":"https:\/\/premis.hr\/?page_id=3494"},"modified":"2025-10-15T14:43:49","modified_gmt":"2025-10-15T14:43:49","slug":"8-liter-verpackung","status":"publish","type":"page","link":"https:\/\/premis.hr\/index.php\/de\/8-liter-verpackung\/","title":{"rendered":"8-Liter-Verpackung"},"content":{"rendered":"\t\t<div data-elementor-type=\"wp-page\" data-elementor-id=\"3494\" class=\"elementor elementor-3494\" data-elementor-post-type=\"page\">\n\t\t\t\t\t\t<section class=\"elementor-section elementor-top-section elementor-element elementor-element-7f6f0e2d elementor-section-boxed elementor-section-height-default elementor-section-height-default\" data-id=\"7f6f0e2d\" data-element_type=\"section\" data-e-type=\"section\" data-settings=\"{&quot;background_background&quot;:&quot;classic&quot;,&quot;shape_divider_bottom&quot;:&quot;waves-pattern&quot;}\">\n\t\t\t\t\t\t\t<div class=\"elementor-background-overlay\"><\/div>\n\t\t\t\t\t\t<div class=\"elementor-shape elementor-shape-bottom\" aria-hidden=\"true\" data-negative=\"false\">\n\t\t\t<svg xmlns=\"http:\/\/www.w3.org\/2000\/svg\" viewBox=\"0 0 1047.1 3.7\" preserveAspectRatio=\"xMidYMin slice\">\n\t<path class=\"elementor-shape-fill\" d=\"M1047.1,0C557,0,8.9,0,0,0v1.6c0,0,0.6-1.5,2.7-0.3C3.9,2,6.1,4.1,8.3,3.5c0.9-0.2,1.5-1.9,1.5-1.9\ts0.6-1.5,2.7-0.3C13.8,2,16,4.1,18.2,3.5c0.9-0.2,1.5-1.9,1.5-1.9s0.6-1.5,2.7-0.3C23.6,2,25.9,4.1,28,3.5c0.9-0.2,1.5-1.9,1.5-1.9\tc0,0,0.6-1.5,2.7-0.3c1.2,0.7,3.5,2.8,5.6,2.2c0.9-0.2,1.5-1.9,1.5-1.9c0,0,0.6-1.5,2.7-0.3c1.2,0.7,3.5,2.8,5.6,2.2\tc0.9-0.2,1.5-1.9,1.5-1.9s0.6-1.5,2.7-0.3c1.2,0.7,3.5,2.8,5.6,2.2c0.9-0.2,1.5-1.9,1.5-1.9s0.6-1.5,2.7-0.3C63,2,65.3,4.1,67.4,3.5\tC68.3,3.3,69,1.6,69,1.6s0.6-1.5,2.7-0.3c1.2,0.7,3.5,2.8,5.6,2.2c0.9-0.2,1.5-1.9,1.5-1.9c0,0,0.6-1.5,2.7-0.3\tC82.7,2,85,4.1,87.1,3.5c0.9-0.2,1.5-1.9,1.5-1.9s0.6-1.5,2.7-0.3C92.6,2,94.8,4.1,97,3.5c0.9-0.2,1.5-1.9,1.5-1.9s0.6-1.5,2.7-0.3\tc1.2,0.7,3.5,2.8,5.6,2.2c0.9-0.2,1.5-1.9,1.5-1.9s0.6-1.5,2.7-0.3c1.2,0.7,3.5,2.8,5.6,2.2c0.9-0.2,1.5-1.9,1.5-1.9\tc0,0,0.6-1.5,2.7-0.3c1.2,0.7,3.5,2.8,5.6,2.2c0.9-0.2,1.5-1.9,1.5-1.9c0,0,0.6-1.5,2.7-0.3c1.2,0.7,3.5,2.8,5.6,2.2\tc0.9-0.2,1.5-1.9,1.5-1.9s0.6-1.5,2.7-0.3c1.2,0.7,3.5,2.8,5.6,2.2c0.9-0.2,1.5-1.9,1.5-1.9s0.6-1.5,2.7-0.3\tc1.2,0.7,3.5,2.8,5.6,2.2c0.9-0.2,1.5-1.9,1.5-1.9s0.6-1.5,2.7-0.3c1.2,0.7,3.5,2.8,5.6,2.2c0.9-0.2,1.5-1.9,1.5-1.9\tc0,0,0.6-1.5,2.7-0.3c1.2,0.7,3.5,2.8,5.6,2.2c0.9-0.2,1.5-1.9,1.5-1.9s0.6-1.5,2.7-0.3c1.2,0.7,3.5,2.8,5.6,2.2\tc0.9-0.2,1.5-1.9,1.5-1.9s0.6-1.5,2.7-0.3c1.2,0.7,3.5,2.8,5.6,2.2c0.9-0.2,1.5-1.9,1.5-1.9s0.6-1.5,2.7-0.3\tc1.2,0.7,3.5,2.8,5.6,2.2c0.9-0.2,1.5-1.9,1.5-1.9c0,0,0.6-1.5,2.7-0.3c1.2,0.7,3.5,2.8,5.6,2.2c0.9-0.2,1.5-1.9,1.5-1.9\tc0,0,0.6-1.5,2.7-0.3c1.2,0.7,3.5,2.8,5.6,2.2c0.9-0.2,1.5-1.9,1.5-1.9s0.6-1.5,2.7-0.3c1.2,0.7,3.5,2.8,5.6,2.2\tc0.9-0.2,1.5-1.9,1.5-1.9s0.6-1.5,2.7-0.3c1.2,0.7,3.5,2.8,5.6,2.2c0.9-0.2,1.5-1.9,1.5-1.9s0.6-1.5,2.7-0.3\tc1.2,0.7,3.5,2.8,5.6,2.2c0.9-0.2,1.5-1.9,1.5-1.9c0,0,0.6-1.5,2.7-0.3c1.2,0.7,3.5,2.8,5.6,2.2c0.9-0.2,1.5-1.9,1.5-1.9\ts0.6-1.5,2.7-0.3c1.2,0.7,3.5,2.8,5.6,2.2c0.9-0.2,1.5-1.9,1.5-1.9s0.6-1.5,2.7-0.3c1.2,0.7,3.5,2.8,5.6,2.2\tc0.9-0.2,1.5-1.9,1.5-1.9s0.6-1.5,2.7-0.3c1.2,0.7,3.5,2.8,5.6,2.2c0.9-0.2,1.5-1.9,1.5-1.9c0,0,0.6-1.5,2.7-0.3\tc1.2,0.7,3.5,2.8,5.6,2.2c0.9-0.2,1.5-1.9,1.5-1.9c0,0,0.6-1.5,2.7-0.3c1.2,0.7,3.5,2.8,5.6,2.2c0.9-0.2,1.5-1.9,1.5-1.9\ts0.6-1.5,2.7-0.3c1.2,0.7,3.5,2.8,5.6,2.2c0.9-0.2,1.5-1.9,1.5-1.9s0.6-1.5,2.7-0.3c1.2,0.7,3.5,2.8,5.6,2.2\tc0.9-0.2,1.5-1.9,1.5-1.9s0.6-1.5,2.7-0.3c1.2,0.7,3.5,2.8,5.6,2.2c0.9-0.2,1.5-1.9,1.5-1.9c0,0,0.6-1.5,2.7-0.3\tc1.2,0.7,3.5,2.8,5.6,2.2c0.9-0.2,1.5-1.9,1.5-1.9s0.6-1.5,2.7-0.3c1.2,0.7,3.5,2.8,5.6,2.2c0.9-0.2,1.5-1.9,1.5-1.9\ts0.6-1.5,2.7-0.3c1.2,0.7,3.5,2.8,5.6,2.2c0.9-0.2,1.5-1.9,1.5-1.9s0.6-1.5,2.7-0.3c1.2,0.7,3.5,2.8,5.6,2.2\tc0.9-0.2,1.5-1.9,1.5-1.9c0,0,0.6-1.5,2.7-0.3c1.2,0.7,3.5,2.8,5.6,2.2c0.9-0.2,1.5-1.9,1.5-1.9c0,0,0.6-1.5,2.7-0.3\tc1.2,0.7,3.5,2.8,5.6,2.2c0.9-0.2,1.5-1.9,1.5-1.9s0.6-1.5,2.7-0.3c1.2,0.7,3.5,2.8,5.6,2.2c0.9-0.2,1.5-1.9,1.5-1.9\ts0.6-1.5,2.7-0.3c1.2,0.7,3.5,2.8,5.6,2.2c0.9-0.2,1.5-1.9,1.5-1.9s0.6-1.5,2.7-0.3c1.2,0.7,3.5,2.8,5.6,2.2\tc0.9-0.2,1.5-1.9,1.5-1.9c0,0,0.6-1.5,2.7-0.3c1.2,0.7,3.5,2.8,5.6,2.2c0.9-0.2,1.5-1.9,1.5-1.9s0.6-1.5,2.7-0.3\tc1.2,0.7,3.5,2.8,5.6,2.2c0.9-0.2,1.5-1.9,1.5-1.9s0.6-1.5,2.7-0.3c1.2,0.7,3.5,2.8,5.6,2.2c0.9-0.2,1.5-1.9,1.5-1.9\ts0.6-1.5,2.7-0.3c1.2,0.7,3.5,2.8,5.6,2.2c0.9-0.2,1.5-1.9,1.5-1.9c0,0,0.6-1.5,2.7-0.3c1.2,0.7,3.5,2.8,5.6,2.2\tc0.9-0.2,1.5-1.9,1.5-1.9c0,0,0.6-1.5,2.7-0.3c1.2,0.7,3.5,2.8,5.6,2.2c0.9-0.2,1.5-1.9,1.5-1.9s0.6-1.5,2.7-0.3\tc1.2,0.7,3.5,2.8,5.6,2.2c0.9-0.2,1.5-1.9,1.5-1.9s0.6-1.5,2.7-0.3c1.2,0.7,3.5,2.8,5.6,2.2c0.9-0.2,1.5-1.9,1.5-1.9\ts0.6-1.5,2.7-0.3c1.2,0.7,3.5,2.8,5.6,2.2c0.9-0.2,1.5-1.9,1.5-1.9c0,0,0.6-1.5,2.7-0.3c1.2,0.7,3.5,2.8,5.6,2.2\tc0.9-0.2,1.5-1.9,1.5-1.9s0.6-1.5,2.7-0.3c1.2,0.7,3.5,2.8,5.6,2.2c0.9-0.2,1.5-1.9,1.5-1.9s0.6-1.5,2.7-0.3\tc1.2,0.7,3.5,2.8,5.6,2.2c0.9-0.2,1.5-1.9,1.5-1.9s0.6-1.5,2.7-0.3c1.2,0.7,3.5,2.8,5.6,2.2c0.9-0.2,1.5-1.9,1.5-1.9\tc0,0,0.6-1.5,2.7-0.3c1.2,0.7,3.5,2.8,5.6,2.2c0.9-0.2,1.5-1.9,1.5-1.9c0,0,0.6-1.5,2.7-0.3c1.2,0.7,3.5,2.8,5.6,2.2\tc0.9-0.2,1.5-1.9,1.5-1.9s0.6-1.5,2.7-0.3c1.2,0.7,3.5,2.8,5.6,2.2c0.9-0.2,1.5-1.9,1.5-1.9s0.6-1.5,2.7-0.3\tc1.2,0.7,3.5,2.8,5.6,2.2c0.9-0.2,1.5-1.9,1.5-1.9s0.6-1.5,2.7-0.3c1.2,0.7,3.5,2.8,5.6,2.2c0.9-0.2,1.5-1.9,1.5-1.9\tc0,0,0.6-1.5,2.7-0.3c1.2,0.7,3.5,2.8,5.6,2.2c0.9-0.2,1.5-1.9,1.5-1.9s0.6-1.5,2.7-0.3c1.2,0.7,3.5,2.8,5.6,2.2\tc0.9-0.2,1.5-1.9,1.5-1.9s0.6-1.5,2.7-0.3c1.2,0.7,3.5,2.8,5.6,2.2c0.9-0.2,1.5-1.9,1.5-1.9s0.6-1.5,2.7-0.3\tc1.2,0.7,3.5,2.8,5.6,2.2c0.9-0.2,1.5-1.9,1.5-1.9c0,0,0.6-1.5,2.7-0.3c1.2,0.7,3.5,2.8,5.6,2.2c0.9-0.2,1.5-1.9,1.5-1.9\tc0,0,0.6-1.5,2.7-0.3c1.2,0.7,3.5,2.8,5.6,2.2c0.9-0.2,1.5-1.9,1.5-1.9s0.6-1.5,2.7-0.3c1.2,0.7,3.5,2.8,5.6,2.2\tc0.9-0.2,1.5-1.9,1.5-1.9s0.6-1.5,2.7-0.3c1.2,0.7,3.5,2.8,5.6,2.2c0.9-0.2,1.5-1.9,1.5-1.9s0.6-1.5,2.7-0.3\tc1.2,0.7,3.5,2.8,5.6,2.2c0.9-0.2,1.5-1.9,1.5-1.9c0,0,0.6-1.5,2.7-0.3c1.2,0.7,3.5,2.8,5.6,2.2c0.9-0.2,1.5-1.9,1.5-1.9\ts0.6-1.5,2.7-0.3c1.2,0.7,3.5,2.8,5.6,2.2c0.9-0.2,1.5-1.9,1.5-1.9s0.6-1.5,2.7-0.3c1.2,0.7,3.5,2.8,5.6,2.2\tc0.9-0.2,1.5-1.9,1.5-1.9s0.6-1.5,2.7-0.3c1.2,0.7,3.5,2.8,5.6,2.2c0.9-0.2,1.5-1.9,1.5-1.9c0,0,0.6-1.5,2.7-0.3\tc1.2,0.7,3.5,2.8,5.6,2.2c0.9-0.2,1.5-1.9,1.5-1.9c0,0,0.6-1.5,2.7-0.3c1.2,0.7,3.5,2.8,5.6,2.2c0.9-0.2,1.5-1.9,1.5-1.9\ts0.6-1.5,2.7-0.3c1.2,0.7,3.5,2.8,5.6,2.2c0.9-0.2,1.5-1.9,1.5-1.9s0.6-1.5,2.7-0.3c1.2,0.7,3.5,2.8,5.6,2.2\tc0.9-0.2,1.5-1.9,1.5-1.9s0.6-1.5,2.7-0.3c1.2,0.7,3.5,2.8,5.6,2.2c0.9-0.2,1.5-1.9,1.5-1.9c0,0,0.6-1.5,2.7-0.3\tc1.2,0.7,3.5,2.8,5.6,2.2c0.9-0.2,1.5-1.9,1.5-1.9s0.6-1.5,2.7-0.3c1.2,0.7,3.5,2.8,5.6,2.2c0.9-0.2,1.5-1.9,1.5-1.9\ts0.6-1.5,2.7-0.3c1.2,0.7,3.5,2.8,5.6,2.2c0.9-0.2,1.5-1.9,1.5-1.9s0.6-1.5,2.7-0.3c1.2,0.7,3.5,2.8,5.6,2.2\tc0.9-0.2,1.5-1.9,1.5-1.9c0,0,0.6-1.5,2.7-0.3c1.2,0.7,3.5,2.8,5.6,2.2c0.9-0.2,1.5-1.9,1.5-1.9c0,0,0.6-1.5,2.7-0.3\tc1.2,0.7,3.5,2.8,5.6,2.2c0.9-0.2,1.5-1.9,1.5-1.9s0.6-1.5,2.7-0.3c1.2,0.7,3.5,2.8,5.6,2.2c0.9-0.2,1.5-1.9,1.5-1.9\ts0.6-1.5,2.7-0.3c1.2,0.7,3.5,2.8,5.6,2.2c0.9-0.2,1.5-1.9,1.5-1.9s0.6-1.5,2.7-0.3c1.2,0.7,3.5,2.8,5.6,2.2\tc0.9-0.2,1.5-1.9,1.5-1.9c0,0,0.6-1.5,2.7-0.3c1.2,0.7,3.5,2.8,5.6,2.2c0.9-0.2,1.5-1.9,1.5-1.9s0.6-1.5,2.7-0.3\tc1.2,0.7,3.5,2.8,5.6,2.2c0.9-0.2,1.5-1.9,1.5-1.9s0.6-1.5,2.7-0.3c1.2,0.7,3.5,2.8,5.6,2.2c0.9-0.2,1.5-1.9,1.5-1.9\ts0.6-1.5,2.7-0.3c1.2,0.7,3.5,2.8,5.6,2.2c0.9-0.2,1.5-1.9,1.5-1.9c0,0,0.6-1.5,2.7-0.3c1.2,0.7,3.5,2.8,5.6,2.2\tc0.9-0.2,1.5-1.9,1.5-1.9c0,0,0.6-1.5,2.7-0.3c1.2,0.7,3.5,2.8,5.6,2.2c0.9-0.2,1.5-1.9,1.5-1.9s0.6-1.5,2.7-0.3\tc1.2,0.7,3.5,2.8,5.6,2.2c0.9-0.2,1.5-1.9,1.5-1.9s0.6-1.5,2.7-0.3c1.2,0.7,3.5,2.8,5.6,2.2c0.9-0.2,1.5-1.9,1.5-1.9\ts0.6-1.5,2.7-0.3c1.2,0.7,3.5,2.8,5.6,2.2c0.9-0.2,1.5-1.9,1.5-1.9c0,0,0.6-1.5,2.7-0.3c1.2,0.7,3.5,2.8,5.6,2.2\tc0.9-0.2,1.5-1.9,1.5-1.9s0.6-1.5,2.7-0.3c1.2,0.7,3.5,2.8,5.6,2.2c0.9-0.2,1.5-1.9,1.5-1.9s0.6-1.5,2.7-0.3\tc1.2,0.7,3.5,2.8,5.6,2.2c0.9-0.2,1.5-1.9,1.5-1.9s0.6-1.5,2.7-0.3c1.2,0.7,3.5,2.8,5.6,2.2c0.9-0.2,1.5-1.9,1.5-1.9\tc0,0,0.6-1.5,2.7-0.3c1.2,0.7,3.5,2.8,5.6,2.2c0.9-0.2,1.5-1.9,1.5-1.9c0,0,0.6-1.5,2.7-0.3c1.2,0.7,3.5,2.8,5.6,2.2\tc0.9-0.2,1.5-1.9,1.5-1.9s0.6-1.5,2.7-0.3c1.2,0.7,3.5,2.8,5.6,2.2c0.9-0.2,1.5-1.9,1.5-1.9s0.6-1.5,2.7-0.3\tc1.2,0.7,3.5,2.8,5.6,2.2c0.9-0.2,1.5-1.9,1.5-1.9s0.6-1.5,2.6-0.4V0z M2.5,1.2C2.5,1.2,2.5,1.2,2.5,1.2C2.5,1.2,2.5,1.2,2.5,1.2z M2.7,1.4c0.1,0,0.1,0.1,0.1,0.1C2.8,1.4,2.8,1.4,2.7,1.4z\"\/>\n<\/svg>\t\t<\/div>\n\t\t\t\t\t<div class=\"elementor-container elementor-column-gap-default\">\n\t\t\t\t\t<div class=\"elementor-column elementor-col-100 elementor-top-column elementor-element elementor-element-2d633153\" data-id=\"2d633153\" data-element_type=\"column\" data-e-type=\"column\">\n\t\t\t<div class=\"elementor-widget-wrap elementor-element-populated\">\n\t\t\t\t\t\t<section class=\"elementor-section elementor-inner-section elementor-element elementor-element-18ee8fe elementor-section-content-middle elementor-section-boxed elementor-section-height-default elementor-section-height-default\" data-id=\"18ee8fe\" data-element_type=\"section\" data-e-type=\"section\">\n\t\t\t\t\t\t<div class=\"elementor-container elementor-column-gap-default\">\n\t\t\t\t\t<div class=\"elementor-column elementor-col-50 elementor-inner-column elementor-element elementor-element-f9785c0 elementor-invisible\" data-id=\"f9785c0\" data-element_type=\"column\" data-e-type=\"column\" data-settings=\"{&quot;animation&quot;:&quot;bounceIn&quot;}\">\n\t\t\t<div class=\"elementor-widget-wrap elementor-element-populated\">\n\t\t\t\t\t\t<div class=\"elementor-element elementor-element-7135943b elementor-widget elementor-widget-image\" data-id=\"7135943b\" data-element_type=\"widget\" data-e-type=\"widget\" data-widget_type=\"image.default\">\n\t\t\t\t\t\t\t\t\t\t\t\t\t\t\t<img fetchpriority=\"high\" decoding=\"async\" width=\"617\" height=\"600\" src=\"https:\/\/premis.hr\/wp-content\/uploads\/2024\/11\/8L-Donut-WEB_.png\" class=\"attachment-full size-full wp-image-1486\" alt=\"Kadica Gelata od 8 Litara (Decorated 8 liter Gelato tub)\" srcset=\"https:\/\/premis.hr\/wp-content\/uploads\/2024\/11\/8L-Donut-WEB_.png 617w, https:\/\/premis.hr\/wp-content\/uploads\/2024\/11\/8L-Donut-WEB_-300x292.png 300w\" sizes=\"(max-width: 617px) 100vw, 617px\" \/>\t\t\t\t\t\t\t\t\t\t\t\t\t\t\t<\/div>\n\t\t\t\t\t<\/div>\n\t\t<\/div>\n\t\t\t\t<div class=\"elementor-column elementor-col-50 elementor-inner-column elementor-element elementor-element-6dcf863 elementor-invisible\" data-id=\"6dcf863\" data-element_type=\"column\" data-e-type=\"column\" data-settings=\"{&quot;animation&quot;:&quot;fadeInRight&quot;}\">\n\t\t\t<div class=\"elementor-widget-wrap elementor-element-populated\">\n\t\t\t\t\t\t<div class=\"elementor-element elementor-element-104173be elementor-widget elementor-widget-heading\" data-id=\"104173be\" data-element_type=\"widget\" data-e-type=\"widget\" data-widget_type=\"heading.default\">\n\t\t\t\t\t<h6 class=\"elementor-heading-title elementor-size-default\">High-End-EIS \ud83c\udf68<\/h6>\t\t\t\t<\/div>\n\t\t\t\t<div class=\"elementor-element elementor-element-5e3ae036 elementor-invisible elementor-widget elementor-widget-heading\" data-id=\"5e3ae036\" data-element_type=\"widget\" data-e-type=\"widget\" data-settings=\"{&quot;_animation&quot;:&quot;fadeInUp&quot;}\" data-widget_type=\"heading.default\">\n\t\t\t\t\t<h1 class=\"elementor-heading-title elementor-size-default\">High Ice Cream \/ 8-Liter-Verpackung<\/h1>\t\t\t\t<\/div>\n\t\t\t\t<div class=\"elementor-element elementor-element-2d86544f elementor-invisible elementor-widget elementor-widget-heading\" data-id=\"2d86544f\" data-element_type=\"widget\" data-e-type=\"widget\" data-settings=\"{&quot;_animation&quot;:&quot;fadeInUp&quot;,&quot;_animation_delay&quot;:200}\" data-widget_type=\"heading.default\">\n\t\t\t\t\t<div class=\"elementor-heading-title elementor-size-default\">Dank unserer innovativen Eispackungen und unseres kompromisslosen Qualit\u00e4tsanspruchs sind wir zum globalen Marktf\u00fchrer in der Gelato-Welt geworden, haben zahlreiche M\u00e4rkte erobert und viele Profis dazu inspiriert, Gelato von h\u00f6chster Qualit\u00e4t zu servieren.\nWho needs ordinary ice cream when you can have ours, right?<span style=\"background-color: var( --e-global-color-58a3f5b );color: var( --e-global-color-text );font-family: var( --e-global-typography-520c191-font-family ), Sans-serif;font-size: var( --e-global-typography-520c191-font-size );font-style: var( --e-global-typography-b2ce6af-font-style );font-weight: var( --e-global-typography-520c191-font-weight );letter-spacing: var( --e-global-typography-520c191-letter-spacing );text-transform: var( --e-global-typography-b2ce6af-text-transform )\"><\/span><\/div>\t\t\t\t<\/div>\n\t\t\t\t\t<\/div>\n\t\t<\/div>\n\t\t\t\t\t<\/div>\n\t\t<\/section>\n\t\t\t\t\t<\/div>\n\t\t<\/div>\n\t\t\t\t\t<\/div>\n\t\t<\/section>\n\t\t\t\t<section class=\"elementor-section elementor-top-section elementor-element elementor-element-69bab647 elementor-section-boxed elementor-section-height-default elementor-section-height-default\" data-id=\"69bab647\" data-element_type=\"section\" data-e-type=\"section\">\n\t\t\t\t\t\t<div class=\"elementor-container elementor-column-gap-default\">\n\t\t\t\t\t<div class=\"elementor-column elementor-col-100 elementor-top-column elementor-element elementor-element-741058cd elementor-invisible\" data-id=\"741058cd\" data-element_type=\"column\" data-e-type=\"column\" data-settings=\"{&quot;animation&quot;:&quot;fadeIn&quot;,&quot;animation_delay&quot;:200}\">\n\t\t\t<div class=\"elementor-widget-wrap elementor-element-populated\">\n\t\t\t\t\t\t<section class=\"elementor-section elementor-inner-section elementor-element elementor-element-5748878 elementor-section-boxed elementor-section-height-default elementor-section-height-default\" data-id=\"5748878\" data-element_type=\"section\" data-e-type=\"section\">\n\t\t\t\t\t\t<div class=\"elementor-container elementor-column-gap-default\">\n\t\t\t\t\t<div class=\"elementor-column elementor-col-100 elementor-inner-column elementor-element elementor-element-48317a0d\" data-id=\"48317a0d\" data-element_type=\"column\" data-e-type=\"column\">\n\t\t\t<div class=\"elementor-widget-wrap elementor-element-populated\">\n\t\t\t\t\t\t<div class=\"elementor-element elementor-element-6e7bb091 elementor-widget elementor-widget-heading\" data-id=\"6e7bb091\" data-element_type=\"widget\" data-e-type=\"widget\" data-widget_type=\"heading.default\">\n\t\t\t\t\t<h3 class=\"elementor-heading-title elementor-size-default\">Produktbeschreibung \u2013 Von der gefrorenen Idee zum globalen Hit: HIGH ICE CREAM 8L<\/h3>\t\t\t\t<\/div>\n\t\t\t\t<div class=\"elementor-element elementor-element-71548143 elementor-widget__width-initial elementor-widget-tablet__width-initial elementor-widget elementor-widget-text-editor\" data-id=\"71548143\" data-element_type=\"widget\" data-e-type=\"widget\" data-widget_type=\"text-editor.default\">\n\t\t\t\t\t\t\t\t\t<p><strong>Die Geschichte des Eises, das alle Regeln bricht \u2013 HIGH ICE CREAM \u2013 Luxus-Eis 8L<\/strong><\/p><p>\u00a0<\/p><p>Unsere Luxus-Eispackungen sind ein wahres Innovationswunder! Wir verpacken das Eis in <b>Einweg-Plastikbeh\u00e4lter<\/b>, die dann in Edelstahlwannen (360 x 250 x H80) platziert werden \u2013 der Standard auf dem Markt, obwohl wir definitiv die Ersten sind, die sie so cool machen.<\/p><p>Warum ist das Eis \u00fcber den Rand des Beh\u00e4lters angehoben? Ganz einfach \u2013 weil wir wollen, dass es <b>ins Auge sticht<\/b>! Ein wenig H\u00f6he, ein Hauch von Stil, und es sieht fantastisch aus, wenn es leicht \u00fcber den Rand \u201eherausragt\u201c. Um sicherzustellen, dass es nicht nur in der Vitrine, sondern auch auf seinem Weg zu Ihnen \u00fcberlebt, haben wir einen speziellen <b>10 cm hohen Plastikdeckel<\/b> entwickelt.<\/p><p>Und um die Sache noch besser zu machen, ist diese Verpackung so konzipiert, dass die Produkte <b>\u00fcbereinander gestapelt<\/b> werden k\u00f6nnen. Kein Chaos mehr im Lager \u2013 alles ist ordentlich wie ein Puzzle angeordnet. Mit unserer Verpackung ist das Eis nicht nur k\u00f6stlich, es ist auch ein <b>Lager- und Transport-PRO<\/b>!<\/p><p>\u00a0<\/p><p><strong>Eis, das Grenzen sprengt (und Preise!): Die Geschichte eines kompromisslosen Eises<\/strong><\/p><p>\u00a0<\/p><p>Damals, als Eis noch so flach wie ein Pfannkuchen und so langweilig wie ein sonnenloser Tag war, beschlossen viele Profis, die Sache selbst in die Hand zu nehmen und ihr eigenes Eis herzustellen. Sie begannen, etwas W\u00fcrze, Kreativit\u00e4t und Vision hinzuzuf\u00fcgen, was nat\u00fcrlich zu <b>h\u00f6heren Ums\u00e4tzen<\/b> f\u00fchrte. In der Zwischenzeit lebten die gro\u00dfen Eishersteller noch im letzten Jahrhundert, in der Zeit eingefroren \u2013 es fehlte an Fantasie, Esprit oder allem au\u00dfer\u2026 flachem Eis.<\/p><p>Und wir? Wir sagten: <b>\u201eGenug damit!\u201c Mittelm\u00e4\u00dfigkeit ist nicht unser Stil!<\/b> Wir hatten eine Vision \u2013 das beste Eis auf dem Markt zu kreieren, das sch\u00f6ner, k\u00f6stlicher und nat\u00fcrlich origineller ist als jedes andere. Unsere Mission war es, eine Verpackung zu schaffen, die sogar besser aussah als das Eis, das die Profis selbst herstellten. Und so begann unsere Reise zur Eis-Revolution!<\/p><p>Von der Idee bis zum fertigen Produkt war es kein Spaziergang durch einen Eis-Park \u2013 es war wie eine Achterbahnfahrt voller H\u00f6hen und Tiefen! Obwohl wir fast bei Null anfangen mussten, gaben wir nicht auf. Gl\u00fccklicherweise erhielten wir mit Hilfe von HAMAG-BICRO die Technologie, die speziell f\u00fcr unsere Produkte entwickelt wurde. Und dann kam der Moment der Wahrheit: Mit dieser neuen Technologie schufen wir das <b>frischeste, sch\u00f6nste und innovativste Gelato-Produkt auf dem kroatischen Markt!<\/b><\/p><p>Aber unser Erfolg h\u00f6rte hier nicht auf. Um unseren Kunden das Leben zu erleichtern, haben wir den <b>Preis unseres Produkts angepasst<\/b>. Das Ergebnis? <b>HIGH ICE CREAM!<\/b> Unsere neuen 8L Luxus-Packungen sind jetzt billiger, als das Eis tats\u00e4chlich aus Fertigmischungen herzustellen. Ja, Sie haben richtig geh\u00f6rt \u2013 Sie m\u00fcssen nichts mehr mischen, nehmen Sie einfach unsere Packung und genie\u00dfen Sie das Eis!<\/p><p>Unsere Catering-Eispackungen? Nun, die haben sich zu echten <b>Superstars<\/b> entwickelt!! Sie sind nicht nur unser meistverkauftes Produkt geworden, sondern haben uns auch in das <b>Universum des Gesch\u00e4ftserfolgs<\/b> katapultiert. Unsere Partner haben ihren wahren Wert erkannt, und heute betreiben sie mit unseren Packungen die erfolgreichsten Konditoreien in Kroatien.<\/p><p>Und wenn wir sagen, dass unsere Verpackung einzigartig ist \u2013 die Tatsache, dass Kunden aus der ganzen Welt uns kontaktieren, sagt alles. Unser Eis ist jetzt in <b>f\u00fcnf L\u00e4ndern<\/b> erh\u00e4ltlich, und die Zahlen steigen! Wir k\u00f6nnten uns \u201eglobale Marktf\u00fchrer in Sachen Eis\u201c nennen, aber hey, daf\u00fcr sind wir zu cool \u2013 wir arbeiten einfach leise an unserem n\u00e4chsten gro\u00dfen Projekt!<\/p><p>\u00a0<\/p><p><strong>Die Evolution der Perfektion: 5L &amp; 8L<\/strong><\/p><p>\u00a0<\/p><p>Nachdem unsere 8L-Eisbeh\u00e4lter ein Riesenerfolg wurden, dachten wir: \u201eWarum hier aufh\u00f6ren, wenn wir das Ganze auf die n\u00e4chste Stufe heben k\u00f6nnen?\u201c Also beschlossen wir ein paar Jahre sp\u00e4ter, die Messlatte h\u00f6her zu legen und eine <b>5L-Version<\/b> des Gelatos zu kreieren \u2013 und die gleiche Verpackung beizubehalten, jedoch mit einem einfacheren, flachen Deckel (ja, kein Drama mehr beim \u00d6ffnen!).<\/p><p>Aber das ist noch nicht alles! Unsere Mission war klar \u2013 die <b>feinsten Zutaten<\/b> aus allen Ecken der Welt zu beschaffen und sie zusammen mit diesen unwiderstehlichen Toppings und Saucen, die Sie sprachlos machen, in unser Gelato zu mischen. Und so wurde unser <b>Premium-Eis<\/b> geboren, das nat\u00fcrlich einen etwas h\u00f6heren Preis haben musste \u2013 jede Geschmacksrichtung hat ihre eigenen Kosten. Unser Eis ist nicht mehr nur lecker, es ist ein wahres kleines Luxus-Vergn\u00fcgen!<\/p><p>Im Jahr 2019 wurde <b>ICE CREAM CAKE<\/b>, unsere neue 5L-Eispackung, ein echter Hit \u2013 die Verkaufszahlen <b>\u00fcberstiegen<\/b> sogar die der 8L-Packungen! Das war ein klares Zeichen f\u00fcr uns: Der Markt verlangt <b>Qualit\u00e4t ohne Kompromisse<\/b>! Das konnten wir nicht ignorieren, also erkannten wir, dass unsere Kunden bereit waren, f\u00fcr Premium-Eis zu zahlen. Urspr\u00fcnglich planten wir, dass alle 8L-Packungen denselben Preis haben sollten, aber um das zu gew\u00e4hrleisten, mussten wir bei einigen Sorten \u201eAbstriche\u201c machen, um im Preisrahmen zu bleiben. Doch jetzt gab es keinen Raum f\u00fcr Kompromisse mehr \u2013 Qualit\u00e4t stand an erster Stelle, und der Preis folgte!<\/p><p>Im Jahr 2020 beschlossen wir, einen Schritt <b>aus der Box<\/b> zu machen (im wahrsten Sinne des Wortes) und eine v\u00f6llig neue 8L-Verpackung einzuf\u00fchren, gemacht f\u00fcr diejenigen, die sich nicht mit weniger zufriedengeben! Wir nahmen unsere 5L-Verpackung als Inspiration, f\u00fcgten einen Schuss Kreativit\u00e4t hinzu, und voil\u00e0 \u2013 eine Eis-Revolution war geboren! Wir erkannten, dass der Markt nur das Beste verlangt, und so schufen wir eine Premium-Linie, die nun den Weg weist. Jede Geschmacksrichtung ist ein Meisterwerk, und jeder Preis hat seinen Wert \u2013 denn Eis ohne Kompromisse ist es immer wert!<\/p><p>Unsere Partner? Nun, sie wurden bereits aufgrund ihres Eises als die <b>Besten auf dem Markt<\/b> bewertet. Wir k\u00f6nnten nicht stolzer sein! Und w\u00e4hrend wir mit einem L\u00e4cheln in die Zukunft blicken und ein paar Kugeln Eis genie\u00dfen, erwarten wir alles, was noch kommen mag.<\/p><p>F\u00fcr weitere Infos und vielleicht ein paar Eis-Tricks, schauen Sie auf unserem <b>Portal<\/b> vorbei!<\/p>\t\t\t\t\t\t\t\t<\/div>\n\t\t\t\t\t<\/div>\n\t\t<\/div>\n\t\t\t\t\t<\/div>\n\t\t<\/section>\n\t\t\t\t\t<\/div>\n\t\t<\/div>\n\t\t\t\t\t<\/div>\n\t\t<\/section>\n\t\t\t\t<\/div>\n\t\t","protected":false},"excerpt":{"rendered":"<p>High-End-EIS \ud83c\udf68 High Ice Cream \/ 8-Liter-Verpackung Dank unserer innovativen Eispackungen und unseres kompromisslosen Qualit\u00e4tsanspruchs sind wir zum globalen Marktf\u00fchrer in der Gelato-Welt geworden, haben zahlreiche M\u00e4rkte erobert und viele Profis dazu inspiriert, Gelato von h\u00f6chster Qualit\u00e4t zu servieren. Who needs ordinary ice cream when you can have ours, right? Produktbeschreibung \u2013 Von der gefrorenen [&hellip;]<\/p>\n","protected":false},"author":1,"featured_media":0,"parent":0,"menu_order":0,"comment_status":"closed","ping_status":"closed","template":"elementor_header_footer","meta":{"footnotes":""},"class_list":["post-3494","page","type-page","status-publish","hentry"],"_links":{"self":[{"href":"https:\/\/premis.hr\/index.php\/wp-json\/wp\/v2\/pages\/3494","targetHints":{"allow":["GET"]}}],"collection":[{"href":"https:\/\/premis.hr\/index.php\/wp-json\/wp\/v2\/pages"}],"about":[{"href":"https:\/\/premis.hr\/index.php\/wp-json\/wp\/v2\/types\/page"}],"author":[{"embeddable":true,"href":"https:\/\/premis.hr\/index.php\/wp-json\/wp\/v2\/users\/1"}],"replies":[{"embeddable":true,"href":"https:\/\/premis.hr\/index.php\/wp-json\/wp\/v2\/comments?post=3494"}],"version-history":[{"count":4,"href":"https:\/\/premis.hr\/index.php\/wp-json\/wp\/v2\/pages\/3494\/revisions"}],"predecessor-version":[{"id":3499,"href":"https:\/\/premis.hr\/index.php\/wp-json\/wp\/v2\/pages\/3494\/revisions\/3499"}],"wp:attachment":[{"href":"https:\/\/premis.hr\/index.php\/wp-json\/wp\/v2\/media?parent=3494"}],"curies":[{"name":"wp","href":"https:\/\/api.w.org\/{rel}","templated":true}]}}