{"id":312,"date":"2024-11-12T21:35:39","date_gmt":"2024-11-12T21:35:39","guid":{"rendered":"https:\/\/premis.hr\/2025\/?page_id=312"},"modified":"2026-02-02T10:30:15","modified_gmt":"2026-02-02T10:30:15","slug":"pravila-privatnosti","status":"publish","type":"page","link":"https:\/\/premis.hr\/index.php\/pravila-privatnosti\/","title":{"rendered":"Pravila privatnosti"},"content":{"rendered":"\t\t<div data-elementor-type=\"wp-page\" data-elementor-id=\"312\" class=\"elementor elementor-312\" data-elementor-post-type=\"page\">\n\t\t\t\t<div class=\"elementor-element elementor-element-b99853f e-flex e-con-boxed e-con e-parent\" data-id=\"b99853f\" data-element_type=\"container\" data-e-type=\"container\">\n\t\t\t\t\t<div class=\"e-con-inner\">\n\t\t\t\t<div class=\"elementor-element elementor-element-6a5ea769 elementor-widget elementor-widget-text-editor\" data-id=\"6a5ea769\" data-element_type=\"widget\" data-e-type=\"widget\" data-widget_type=\"text-editor.default\">\n\t\t\t\t\t\t\t\t\t\n<h2 class=\"wp-block-heading\">PRAVILA PRIVATNOSTI<\/h2>\n\n<p class=\"wp-block-preformatted\">U skladu s <a href=\"https:\/\/www.zakon.hr\/z\/3112\/Op%C4%87a-uredba-o-za%C5%A1titi-podataka---Uredba-%28EU%29-2016-679-\">Op\u0107om uredbom o za\u0161titi podataka<\/a>, Zakonom o provedbi Op\u0107e uredbe o za\u0161titi podataka te drugim primjenjivim propisima, <br \/><strong>PREMIS d.o.o. sa sjedi\u0161tem u Makarskoj, Put Volicije 8<\/strong> (dalje u tekstu: Dru\u0161tvo) <strong>kao voditelj obrade<\/strong> Vas temeljem \u010dlanka 13. Op\u0107e uredbe o za\u0161titi podataka, <strong>obavje\u0161tava o na\u010dinu obrade Va\u0161ih osobnih podataka.<\/strong><\/p>\n<p><\/p>\n<p class=\"wp-block-preformatted\">Dru\u0161tvo Va\u0161e osobne podatke mo\u017ee obra\u0111ivati temeljem poslovnog odnosa, sklopljenog ugovora, Zakona o obveznim odnosima, Zakona o ra\u010dunovodstvu, Zakona o porezu na dodanu vrijednost, te drugih poreznih i ra\u010dunovodstvenih mjerodavnih propisa, a u svrhu ispunjenja prava i obveza iz sklopljenog ugovora, te po\u0161tivanja pravnih obveza Dru\u0161tva kao voditelja obrade. Osim toga, va\u0161e osobne podatke mo\u017eemo obra\u0111ivati i za potrebe na\u0161ih legitimnih interesa, kao \u0161to su: poslovno komuniciranje, vo\u0111enje evidencije poslovnih partnera i procjena me\u0111usobne suradnje.<\/p>\n<p><\/p>\n<p class=\"wp-block-preformatted\"><strong>KOJE I \u010cIJE OSOBNE PODATKE OBRA\u0110UJEMO\u00a0<\/strong><\/p>\n<p><\/p>\n<p class=\"wp-block-preformatted\"><strong>SVRHA OBRADE OSOBNIH PODATAKA<\/strong><\/p>\n<p><\/p>\n<p class=\"wp-block-preformatted\">Dru\u0161tvo mo\u017ee obra\u0111ivati sljede\u0107e Va\u0161e osobne podatke odnosno kategorije osobnih podataka:<\/p>\n<p><\/p>\n<table class=\"has-fixed-layout\">\n<tbody>\n<tr>\n<td>Kategorija ispitanika:<\/td>\n<td>kategorija podataka:<\/td>\n<\/tr>\n<tr>\n<td>I. poslovni partneri fizi\u010dke osobe<\/td>\n<td>Identifikacijski podaci (kao \u0161to su ime i prezime, OIB, i sl.) Kontaktni podaci (kao \u0161to su adresa, telefon, mobitel i sl.) Bankovni podaci (broj ra\u010duna, banka, vrsta kartice i sl.)\u00a0<\/td>\n<\/tr>\n<tr>\n<td>II. kontakt osoba poslovnog partnera\u00a0<\/td>\n<td>Identifikacijski podaci (kao \u0161to su ime i prezime i sl., po potrebi OIB odgovorne osobe) Kontaktni podaci (kao \u0161to su adresa, telefon, mobitel i sl.) Podaci u vezi s radnim mjestom kod poslovnog partnera (pozicija, odjel i sl.)<\/td>\n<\/tr>\n<tr>\n<td>III. Odgovorna osoba pravne osobe<\/td>\n<td>Identifikacijski podaci (kao \u0161to su ime i prezime i sl., po potrebi OIB odgovorne osobe) Kontaktni podaci (kao \u0161to su adresa, telefon, mobitel i sl.)\u00a0<\/td>\n<\/tr>\n<tr>\n<td>I, II, III Prilikom prijave na web stranicu radi narud\u017ebe<\/td>\n<td>Kontaktni podaci (kao \u0161to su e-mail, telefon, mobitel i sl.) IP adresa s koje je napravljena prijava kao i datum i vrijeme IP adresa s koje su dane privole, kao i datum i vrijeme Datum i vrijeme registracije Prilikom osvje\u017eavanja podataka u korisni\u010dkom profilu, mogu biti prikupljeni uz navedene i sljede\u0107i podatak: IP adresa, datum i vrijeme kad je napravljeno posljednje osvje\u017eavanje\u00a0<\/td>\n<\/tr>\n<\/tbody>\n<\/table>\n<p><\/p>\n<p class=\"wp-block-preformatted\">Davanje Va\u0161ih osobnih podataka mo\u017ee biti nu\u017eno kako bismo s vama mogli stupiti u poslovni odnos, odnosno mo\u017ee postojati zakonska obveza da obra\u0111ujemo odre\u0111ene Va\u0161e osobne podatke. Ako ne postoji zakonska obveza da nam pru\u017eite svoje osobne podatke, tada to niste du\u017eni u\u010diniti, me\u0111utim, u tom slu\u010daju Dru\u0161tvo mo\u017eda ne\u0107e mo\u0107i stupiti s vama u poslovni odnos. \u00a0<\/p>\n<p><\/p>\n<p class=\"wp-block-preformatted\">PREMIS da u svojstvu voditelja obrade osobnih podataka\u00a0 prikuplja i obra\u0111uje Va\u0161e gore navedene podatke u opsegu i na na\u010din koji je potreban u sljede\u0107e svrhe\u00a0<\/p>\n<p><\/p>\n<ul class=\"wp-block-list\">\n<li>\n<p>Informiranje o proizvodima PREMIS<\/p>\n<\/li>\n\n<li>\n<p>Naru\u010divanje proizvoda PREMIS<\/p>\n<\/li>\n\n<li>\n<p>Za\u0161tite pravnih interesa..<\/p>\n<\/li>\n\n<li>\n<p>Kontaktiranje (npr. komunikacija putem e-maila, telefona, mobitela, SMS poruka, izravni posjet, pismeno \u2013po\u0161tom- na navedene na\u010dine i\/ili kanalom komunikacije kojim ste nas kontaktirali)<\/p>\n<\/li>\n\n<li>\n<p>Dostava proizvoda<\/p>\n<\/li>\n\n<li>\n<p>Rje\u0161avanje po reklamacijama<\/p>\n<\/li>\n\n<li>\n<p>Servisiranje<\/p>\n<\/li>\n\n<li>\n<p>Slanje upita<\/p>\n<\/li>\n\n<li>\n<p>I sli\u010dno.<\/p>\n<\/li>\n<\/ul>\n<p><\/p>\n<p class=\"wp-block-preformatted\"><strong>TKO IMA PRISTUP OSOBNIM PODACIMA<\/strong><\/p>\n<p><\/p>\n<p class=\"wp-block-preformatted\"><strong>KOME PRENOSIMO VA\u0160E OSOBNE PODATKE<\/strong><\/p>\n<p><\/p>\n<p class=\"wp-block-preformatted\">Pristup va\u0161im osobnim podacima mogu imati na\u0161i zaposlenici koji su ovla\u0161teni da u obavljanju svojih radnih zadataka provode odre\u0111ene radnje obrade osobnihpodataka (primjerice zaposlenici zadu\u017eeni za otpremu po\u0161te, ra\u010dunovodstvo, administraciju, dostavlja\u010di robe).\u00a0<\/p>\n<p><\/p>\n<p class=\"wp-block-preformatted\">Radi izvr\u0161avanja naprijed navedenih svrha obrade osobnih podataka, primatelji va\u0161ih osobnih podataka mogu biti nadle\u017ena dr\u017eavna tijela (kao \u0161to su Porezna uprava i sl.), na\u0161i pru\u017eatelji knjigovodstvenih i sli\u010dnih usluga, na\u0161i pru\u017eatelji usluga IT podr\u0161ke, zatim s dru\u0161tvom povezane osobe, banke, kreditne, financijske institucije i sli\u010dno, javni bilje\u017enici, te tre\u0107e osobe u odnosu na koje postoji zakonska obveza davanja va\u0161ih osobnih podataka.<\/p>\n<p><\/p>\n<p class=\"wp-block-preformatted\"><strong>ZA\u0160TITA VA\u0160IH OSOBNIH PODATAKA<\/strong><\/p>\n<p><\/p>\n<p class=\"wp-block-preformatted\">Poduzimamo sve potrebne radnje kako bi preno\u0161enje osobnih podataka na tre\u0107e osobe bilo u skladu s propisima o za\u0161titi osobnih podataka.\u00a0<\/p>\n<p><\/p>\n<p class=\"wp-block-preformatted\">U slu\u010daju eventualnog izno\u0161enja osobnih podataka izvan EU, poduzet \u0107emo potrebne mjere za\u0161tite va\u0161ih osobnih podataka kako bismo osigurali da tre\u0107a osoba kojoj se prenose va\u0161i osobni podaci osigura jednaku razinu za\u0161tite va\u0161ih osobnih podataka kao \u0161to je ona u EU. U svakom trenutku od nas mo\u017eete dobiti informaciju prenose li se izvan EU va\u0161i osobni podaci kao i poduzetim mjerama za\u0161tite na dolje navedenim kontaktnim podacima.<\/p>\n<p><\/p>\n<p class=\"wp-block-preformatted\">Poduzimamo odgovaraju\u0107e tehni\u010dke i organizacijske mjere s ciljem za\u0161tite prikupljenih osobnih podataka i sprje\u010davanja slu\u010dajnog ili nezakonitog uni\u0161tenja, gubitka, izmjene, neovla\u0161tenog otkrivanja ili pristupa osobnim podacima.<\/p>\n<p><\/p>\n<p class=\"wp-block-preformatted\"><strong>U za\u0161titi va\u0161ih osobnih podataka obvezni smo postupati u skladu s na\u0161om <\/strong> <strong><em>Politikom za\u0161tite osobnih podataka koja je dostupna na www.premis.hr<\/em><\/strong><\/p>\n<p><\/p>\n<p class=\"wp-block-preformatted\">Na\u010din na\u0161eg postupanja koji je odre\u0111en <em>Politikom za\u0161tite osobnih <\/em><em>podataka<\/em> osigurava da va\u0161e osobne podatke koristimo samo sa svrhom za koju su prikupljeni,da podatke koriste osobe koje su za to ovla\u0161tene, da se va\u0161i podaci ne otkrivaju tre\u0107ima osim u slu\u010dajevima koji su posebno odre\u0111eni, da se va\u0161i podaci \u010duvaju onoliko dugo koliko je to nu\u017eno potrebno.\u00a0<\/p>\n<p><\/p>\n<p class=\"wp-block-preformatted\">Svi na\u0161i zaposlenici svjesni su svojih zadataka i odgovornosti u postupcima obrade va\u0161ih osobnih podataka.<\/p>\n<p><\/p>\n<p class=\"wp-block-preformatted\">Ako odre\u0111ene radnje obrade va\u0161ih osobnih podataka provodi na\u0161 izvr\u0161itelj obrade, osiguravamo da isti provodi najmanje istu razinu za\u0161tite va\u0161ih osobnih podataka kao \u0161to ju provodimo mi sami.<\/p>\n<p><\/p>\n<p class=\"wp-block-preformatted\"><strong>PRIVOLA-SUGLASNOST ZA OBRADU OSOBNIH PODATAKA<\/strong><\/p>\n<p><\/p>\n<p class=\"wp-block-preformatted\">Ako se obrada odre\u0111ene vrste osobnog podatka temelji na privoli ili je za objavu ili prijenos osobnog podatka potrebna privola, istu \u0107emo od vas pribaviti u pisanom obliku. Prilikom davanja privole informirat \u0107emo vas o svrsi davanja privole i posljedici ako odbijete dati privolu. Va\u0161a privola mora biti dobrovoljna i nedvosmislena. Pisana privola \u010duva se onoliko vremena koliko se \u010duvaju i osobni podaci na koju se odnosi. Ako ste dali privolu za odre\u0111enu obradu osobnih podataka imate pravo u svako doba povu\u0107i privolu. Povla\u010denje privole ne utje\u010de na zakonitost obrade prije njezina povla\u010denja. Prilikom davanja privole o tome\u0107emo vas informirati. Privolu mo\u017eete povu\u0107i podno\u0161enjem pisane izjave.<\/p>\n<p><\/p>\n<p class=\"wp-block-preformatted\"><strong>RAZDOBLJE \u010cUVANJA OSOBNIH PODATAKA<\/strong><\/p>\n<p><\/p>\n<p class=\"wp-block-preformatted\">Va\u0161e osobne podatke \u010duvat \u0107emo pet godina od ispunjenja prava i obveza iz ugovornog odnosa, ali u slu\u010daju izdavanja\/primanja fakture, podatke \u0107emo \u010duvati tijekom razdoblja obveznog \u010duvanja knjigovodstvenih isprava propisanih mjerodavnim propisima. U slu\u010daju poslovnog komuniciranja, osobne podatke \u010duvat \u0107emo pet godina nakon prestanka poslovne komunikacije, a u slu\u010daju postavljanja, ostvarivanja ili obrane pravnih zahtjeva ili interesa, podatke \u0107emo \u010duvati ovisno o okolnostima svakog pojedinog slu\u010daja u skladu s rokovima iz posebnih propisa.<\/p>\n<p><\/p>\n<p class=\"wp-block-preformatted\"><strong>OSTVARIVANJE VA\u0160IH PRAVA<\/strong><\/p>\n<p><\/p>\n<p class=\"wp-block-preformatted\">U odnosu na obradu Va\u0161ih osobnih podataka imate sljede\u0107a prava:<\/p>\n<p><\/p>\n<ul class=\"wp-block-list\">\n<li>\n<p>pravo na pristup, ispravak i brisanje osobnih podataka, ograni\u010davanje obrade, pravo na ulaganje prigovora na obradu podataka te pravo na prenosivost podataka;<\/p>\n<\/li>\n\n<li>\n<p>pravo na podno\u0161enje prigovora Agenciji za za\u0161titu osobnih podataka.<\/p>\n<\/li>\n<\/ul>\n<p><\/p>\n<p class=\"wp-block-preformatted\">Dru\u0161tvo \u0107e obraditi Va\u0161 zahtjev i na njega odgovoriti u roku od 30 dana od dana zaprimanja. Ako se Va\u0161em zahtjevu ne mo\u017ee udovoljiti, Dru\u0161tvo Vam je du\u017eno dostaviti obrazlo\u017eeni odgovor.<\/p>\n<p><\/p>\n<p class=\"wp-block-preformatted\">Kod nas ne postoji automatizirano dono\u0161enje odluka, te se u odnosu na vas ne\u0107e donositi odluka koje se temelji isklju\u010divo na automatiziranoj obradi, uklju\u010duju\u0107i izradu profila, koja proizvodi pravne u\u010dinke koji se odnose na vas ili bi na vas zna\u010dajno utjecali.<\/p>\n<p><\/p>\n<p class=\"wp-block-preformatted\"><strong>PROMJENE OBAVIJESTI O OBRADI OSOBNIH PODATAKA<\/strong><\/p>\n<p><\/p>\n<p class=\"wp-block-preformatted\">Ovisno o potrebama mogu\u0107e je da \u0107emo promijeniti ovu Obavijesti kako bismo na\u0161e postupanje unaprijedili i postigli ve\u0107u za\u0161titu va\u0161eg prava na privatnost ili ako \u0107e to zahtijevati promjene u propisima. Svaku izmjenu ove Obavijesti odgovaraju\u0107e \u0107emo objaviti. Molimo vas da povremeno provjerite da li smo promijenili ovu na\u0161u Obavijest.\u00a0<\/p>\n<p><\/p>\n<p class=\"wp-block-preformatted\">Obavijest o obradi osobnih podataka objavljuje se na na\u0161oj internetskoj stranici te je dostupna u na\u0161em sjedi\u0161tu. Obavijest vam mo\u017eemo dostaviti na va\u0161 zahtjev.<\/p>\n<p><strong>SUSTAV VIDEO NADZORA<\/strong><\/p>\n<p>Video nadzor u smislu odredbi ovog Pravilnika odnosi se na prikupljanje i daljnju obradu osobnih podataka koja obuhva\u0107a stvaranje snimke koja \u010dini ili je namijenjena da \u010dini dio sustava pohrane temeljenih na odredbama Zakona o provedbi Op\u0107e uredbe o za\u0161titi podataka (NN broj 42\/2018), u nastavnom tekstu Zakon i odredbi Uredbe (EU) broja 2016\/679 Europskog parlamenta i vije\u0107a od dana 27. travnja 2016. godine o za\u0161titi pojedinca u vezi s obradom osobnih podataka i o slobodnom kretanju takvih podataka, u nastavnom tekstu Uredba. Video nadzor obuhva\u0107a stvaranje snimke u odnosu na slu\u017ebene objekte i prostorije voditelja obrade.<\/p>\n<p>Sustav video nadzora provodi se isklju\u010divo u svrhu za\u0161tite: a) smanjenja rizika i pove\u0107anja za\u0161tite i sigurnosti zaposlenika i ostalih osoba koji se na\u0111u u prostorima voditelja obrade a osobito kontrole ulazaka i izlazaka iz radnih prostorija i ostalih prostora. te radi smanjenja izlo\u017eenosti zaposlenika i ostalih ljudi riziku od razbojstva, provala, nasilja, kra\u0111a,<br \/>b) \u017eivota i zdravlja ljudi i imovine na javnim mjestima, s ciljem smanjenja izlo\u017eenosti ljudi i imovine riziku od razbojstva, provala, nasilja, kra\u0111a, o\u0161te\u0107enja, uni\u0161tenja, uspostavljanja javnog reda i mira i sl..<br \/>Sustav video nadzora (obrada podataka putem video nadzora) ne smije biti u suprotnosti niti prevladavati nad interesima ispitanika. Snimke koje su snimljene sustavom video nadzora mogu se isklju\u010divo koristiti za navedeno u stavku 1. ovoga \u010dlanka.<br \/><br \/>Sadr\u017eaj snimki iz sustava videonadzora predstavlja osobne podatke u smislu odredbi Zakona i Uredbe, budu\u0107i da su osobni podaci svi podaci koji se odnose na pojedinca \u010diji je identitet utvr\u0111en ili se mo\u017ee utvrditi (u daljnjem tekstu: ispitanik).<br \/><br \/>Osobni podaci prikupljeni iz sustava videonadzora moraju se obra\u0111ivati zakonito, a mogu se prikupljati samo u svrhu iz \u010dlanka 3. ovog Pravilnika koja je nu\u017ena i opravdana za za\u0161titu osoba i imovine, ako ne prevladavaju interesi ispitanika koji su u suprotnosti s obradom putem videonadzora.<br \/>Osobni podaci moraju biti bitni za postizanje odre\u0111ene svrhe i ne smiju se prikupljati u ve\u0107em opsegu nego \u0161to je to nu\u017eno da bi se postigla odre\u0111ena svrha.<\/p>\n<p>Snimljeni podaci snimaju se i \u010duvaju najdu\u017ee 30 dana od dana nastanka, a nakon navedenog roka snimke se trajno bri\u0161u, osim ako je zakonom ili drugim pozitivnim zakonskim propisom propisan du\u017ei rok \u010duvanja ili ako su dokaz u sudskom, upravnom, arbitra\u017enom ili drugom istovrijednom postupku. U slu\u010daju opravdane potrebe, a u svrhu dokazivanja mo\u017ee u svakom pojedina\u010dnom slu\u010daju odlu\u010diti da se podaci \u010duvaju du\u017ee od vremena navedenog u prethodnom stavku ovoga \u010dlanka.<\/p>\n<p>Podaci o osobama prikupljene sustavom tehni\u010dke za\u0161tite izvan njihove zakonske namjene se ne smiju koristiti.<br \/>Uvid u snimke (pristup osobnim podacima prikupljenih putem video nadzora) dopu\u0161ten je samo odgovornim osobama Voditelja obrade i osobama od njega posebno imenovanih, koje ne smiju koristiti snimke suprotno utvr\u0111enoj svrsi iz \u010dlanka 3. ovog Pravilnika.<br \/><br \/>Ovla\u0161tene osobe du\u017ene su potpisati izjavu o povjerljivosti u kojoj se obvezuju da \u0107e sve osobne podatke koje saznaju iz videosnimki \u010duvati kao poslovnu tajnu za vrijeme i nakon prestanka radnog odnosa kod poslodavca.<\/p>\n<p>Obrada osobnih podataka ispitanika putem sustava video nadzora mo\u017ee se provoditi samo u svrhu i uvjete utvr\u0111ene ovim Pravilnikom Voditelja obrade vode\u0107i ra\u010duna o tome jesu li ispunjeni uvjeti utvr\u0111eni propisima koji reguliraju za\u0161titu osobnih podataka.<\/p>\n<p><\/p>\n<p class=\"wp-block-preformatted\"><strong>PODACI ZA <a href=\"https:\/\/premis.hr\/index.php\/kontakti-premis-sladoledi-proizvodaci\/\">KONTAKT<\/a><\/strong><\/p>\n<p><\/p>\n<p class=\"wp-block-preformatted\">U slu\u010daju bilo kakvih pitanja mo\u017eete kontaktirati voditelja obrade na sljede\u0107e na\u010dine:<\/p>\n<p><\/p>\n<p class=\"wp-block-preformatted\">e-mail adresa: info@premis.hr<\/p>\n<p><\/p>\n<p class=\"wp-block-preformatted\">telefon: 021 679 394<\/p>\n<p><\/p>\n<p class=\"wp-block-preformatted\">Va\u017ee\u0107e od: 25.5.2018.<\/p>\n<p><\/p>\n<p class=\"wp-block-preformatted\">Posljednje a\u017euriranje:\u00a0<\/p>\n<p><\/p>\n<p class=\"wp-block-preformatted\">U Makarskoj, dana 25.05.2018. godine. Voditelj obrade: Zoran Premeru<\/p>\n\t\t\t\t\t\t\t\t<\/div>\n\t\t\t\t\t<\/div>\n\t\t\t\t<\/div>\n\t\t\t\t<\/div>\n\t\t","protected":false},"excerpt":{"rendered":"<p>U skladu s Op\u0107om uredbom o za\u0161titi podataka, Zakonom o provedbi Op\u0107e uredbe o za\u0161titi podataka te drugim primjenjivim propisima, PREMIS d.o.o. sa sjedi\u0161tem u Makarskoj, Put Volicije 8 (dalje u tekstu: Dru\u0161tvo) kao voditelj obrade Vas temeljem \u010dlanka 13. Op\u0107e uredbe o za\u0161titi podataka, obavje\u0161tava o na\u010dinu obrade Va\u0161ih osobnih podataka. Dru\u0161tvo Va\u0161e osobne [&hellip;]<\/p>\n","protected":false},"author":1,"featured_media":0,"parent":0,"menu_order":0,"comment_status":"closed","ping_status":"closed","template":"","meta":{"footnotes":""},"class_list":["post-312","page","type-page","status-publish","hentry"],"_links":{"self":[{"href":"https:\/\/premis.hr\/index.php\/wp-json\/wp\/v2\/pages\/312","targetHints":{"allow":["GET"]}}],"collection":[{"href":"https:\/\/premis.hr\/index.php\/wp-json\/wp\/v2\/pages"}],"about":[{"href":"https:\/\/premis.hr\/index.php\/wp-json\/wp\/v2\/types\/page"}],"author":[{"embeddable":true,"href":"https:\/\/premis.hr\/index.php\/wp-json\/wp\/v2\/users\/1"}],"replies":[{"embeddable":true,"href":"https:\/\/premis.hr\/index.php\/wp-json\/wp\/v2\/comments?post=312"}],"version-history":[{"count":32,"href":"https:\/\/premis.hr\/index.php\/wp-json\/wp\/v2\/pages\/312\/revisions"}],"predecessor-version":[{"id":4612,"href":"https:\/\/premis.hr\/index.php\/wp-json\/wp\/v2\/pages\/312\/revisions\/4612"}],"wp:attachment":[{"href":"https:\/\/premis.hr\/index.php\/wp-json\/wp\/v2\/media?parent=312"}],"curies":[{"name":"wp","href":"https:\/\/api.w.org\/{rel}","templated":true}]}}