{"id":175,"date":"2024-11-12T14:20:40","date_gmt":"2024-11-12T14:20:40","guid":{"rendered":"https:\/\/premis.hr\/2025\/?page_id=175"},"modified":"2025-02-05T07:39:24","modified_gmt":"2025-02-05T07:39:24","slug":"faq","status":"publish","type":"page","link":"https:\/\/premis.hr\/index.php\/faq\/","title":{"rendered":"FAQ"},"content":{"rendered":"\t\t<div data-elementor-type=\"wp-page\" data-elementor-id=\"175\" class=\"elementor elementor-175\" data-elementor-post-type=\"page\">\n\t\t\t\t\t\t<section class=\"elementor-section elementor-top-section elementor-element elementor-element-2850834c elementor-section-boxed elementor-section-height-default elementor-section-height-default\" data-id=\"2850834c\" data-element_type=\"section\" data-e-type=\"section\" data-settings=\"{&quot;background_background&quot;:&quot;classic&quot;,&quot;shape_divider_bottom&quot;:&quot;waves-pattern&quot;}\">\n\t\t\t\t\t\t\t<div class=\"elementor-background-overlay\"><\/div>\n\t\t\t\t\t\t<div class=\"elementor-shape elementor-shape-bottom\" aria-hidden=\"true\" data-negative=\"false\">\n\t\t\t<svg xmlns=\"http:\/\/www.w3.org\/2000\/svg\" viewBox=\"0 0 1047.1 3.7\" preserveAspectRatio=\"xMidYMin slice\">\n\t<path class=\"elementor-shape-fill\" d=\"M1047.1,0C557,0,8.9,0,0,0v1.6c0,0,0.6-1.5,2.7-0.3C3.9,2,6.1,4.1,8.3,3.5c0.9-0.2,1.5-1.9,1.5-1.9\ts0.6-1.5,2.7-0.3C13.8,2,16,4.1,18.2,3.5c0.9-0.2,1.5-1.9,1.5-1.9s0.6-1.5,2.7-0.3C23.6,2,25.9,4.1,28,3.5c0.9-0.2,1.5-1.9,1.5-1.9\tc0,0,0.6-1.5,2.7-0.3c1.2,0.7,3.5,2.8,5.6,2.2c0.9-0.2,1.5-1.9,1.5-1.9c0,0,0.6-1.5,2.7-0.3c1.2,0.7,3.5,2.8,5.6,2.2\tc0.9-0.2,1.5-1.9,1.5-1.9s0.6-1.5,2.7-0.3c1.2,0.7,3.5,2.8,5.6,2.2c0.9-0.2,1.5-1.9,1.5-1.9s0.6-1.5,2.7-0.3C63,2,65.3,4.1,67.4,3.5\tC68.3,3.3,69,1.6,69,1.6s0.6-1.5,2.7-0.3c1.2,0.7,3.5,2.8,5.6,2.2c0.9-0.2,1.5-1.9,1.5-1.9c0,0,0.6-1.5,2.7-0.3\tC82.7,2,85,4.1,87.1,3.5c0.9-0.2,1.5-1.9,1.5-1.9s0.6-1.5,2.7-0.3C92.6,2,94.8,4.1,97,3.5c0.9-0.2,1.5-1.9,1.5-1.9s0.6-1.5,2.7-0.3\tc1.2,0.7,3.5,2.8,5.6,2.2c0.9-0.2,1.5-1.9,1.5-1.9s0.6-1.5,2.7-0.3c1.2,0.7,3.5,2.8,5.6,2.2c0.9-0.2,1.5-1.9,1.5-1.9\tc0,0,0.6-1.5,2.7-0.3c1.2,0.7,3.5,2.8,5.6,2.2c0.9-0.2,1.5-1.9,1.5-1.9c0,0,0.6-1.5,2.7-0.3c1.2,0.7,3.5,2.8,5.6,2.2\tc0.9-0.2,1.5-1.9,1.5-1.9s0.6-1.5,2.7-0.3c1.2,0.7,3.5,2.8,5.6,2.2c0.9-0.2,1.5-1.9,1.5-1.9s0.6-1.5,2.7-0.3\tc1.2,0.7,3.5,2.8,5.6,2.2c0.9-0.2,1.5-1.9,1.5-1.9s0.6-1.5,2.7-0.3c1.2,0.7,3.5,2.8,5.6,2.2c0.9-0.2,1.5-1.9,1.5-1.9\tc0,0,0.6-1.5,2.7-0.3c1.2,0.7,3.5,2.8,5.6,2.2c0.9-0.2,1.5-1.9,1.5-1.9s0.6-1.5,2.7-0.3c1.2,0.7,3.5,2.8,5.6,2.2\tc0.9-0.2,1.5-1.9,1.5-1.9s0.6-1.5,2.7-0.3c1.2,0.7,3.5,2.8,5.6,2.2c0.9-0.2,1.5-1.9,1.5-1.9s0.6-1.5,2.7-0.3\tc1.2,0.7,3.5,2.8,5.6,2.2c0.9-0.2,1.5-1.9,1.5-1.9c0,0,0.6-1.5,2.7-0.3c1.2,0.7,3.5,2.8,5.6,2.2c0.9-0.2,1.5-1.9,1.5-1.9\tc0,0,0.6-1.5,2.7-0.3c1.2,0.7,3.5,2.8,5.6,2.2c0.9-0.2,1.5-1.9,1.5-1.9s0.6-1.5,2.7-0.3c1.2,0.7,3.5,2.8,5.6,2.2\tc0.9-0.2,1.5-1.9,1.5-1.9s0.6-1.5,2.7-0.3c1.2,0.7,3.5,2.8,5.6,2.2c0.9-0.2,1.5-1.9,1.5-1.9s0.6-1.5,2.7-0.3\tc1.2,0.7,3.5,2.8,5.6,2.2c0.9-0.2,1.5-1.9,1.5-1.9c0,0,0.6-1.5,2.7-0.3c1.2,0.7,3.5,2.8,5.6,2.2c0.9-0.2,1.5-1.9,1.5-1.9\ts0.6-1.5,2.7-0.3c1.2,0.7,3.5,2.8,5.6,2.2c0.9-0.2,1.5-1.9,1.5-1.9s0.6-1.5,2.7-0.3c1.2,0.7,3.5,2.8,5.6,2.2\tc0.9-0.2,1.5-1.9,1.5-1.9s0.6-1.5,2.7-0.3c1.2,0.7,3.5,2.8,5.6,2.2c0.9-0.2,1.5-1.9,1.5-1.9c0,0,0.6-1.5,2.7-0.3\tc1.2,0.7,3.5,2.8,5.6,2.2c0.9-0.2,1.5-1.9,1.5-1.9c0,0,0.6-1.5,2.7-0.3c1.2,0.7,3.5,2.8,5.6,2.2c0.9-0.2,1.5-1.9,1.5-1.9\ts0.6-1.5,2.7-0.3c1.2,0.7,3.5,2.8,5.6,2.2c0.9-0.2,1.5-1.9,1.5-1.9s0.6-1.5,2.7-0.3c1.2,0.7,3.5,2.8,5.6,2.2\tc0.9-0.2,1.5-1.9,1.5-1.9s0.6-1.5,2.7-0.3c1.2,0.7,3.5,2.8,5.6,2.2c0.9-0.2,1.5-1.9,1.5-1.9c0,0,0.6-1.5,2.7-0.3\tc1.2,0.7,3.5,2.8,5.6,2.2c0.9-0.2,1.5-1.9,1.5-1.9s0.6-1.5,2.7-0.3c1.2,0.7,3.5,2.8,5.6,2.2c0.9-0.2,1.5-1.9,1.5-1.9\ts0.6-1.5,2.7-0.3c1.2,0.7,3.5,2.8,5.6,2.2c0.9-0.2,1.5-1.9,1.5-1.9s0.6-1.5,2.7-0.3c1.2,0.7,3.5,2.8,5.6,2.2\tc0.9-0.2,1.5-1.9,1.5-1.9c0,0,0.6-1.5,2.7-0.3c1.2,0.7,3.5,2.8,5.6,2.2c0.9-0.2,1.5-1.9,1.5-1.9c0,0,0.6-1.5,2.7-0.3\tc1.2,0.7,3.5,2.8,5.6,2.2c0.9-0.2,1.5-1.9,1.5-1.9s0.6-1.5,2.7-0.3c1.2,0.7,3.5,2.8,5.6,2.2c0.9-0.2,1.5-1.9,1.5-1.9\ts0.6-1.5,2.7-0.3c1.2,0.7,3.5,2.8,5.6,2.2c0.9-0.2,1.5-1.9,1.5-1.9s0.6-1.5,2.7-0.3c1.2,0.7,3.5,2.8,5.6,2.2\tc0.9-0.2,1.5-1.9,1.5-1.9c0,0,0.6-1.5,2.7-0.3c1.2,0.7,3.5,2.8,5.6,2.2c0.9-0.2,1.5-1.9,1.5-1.9s0.6-1.5,2.7-0.3\tc1.2,0.7,3.5,2.8,5.6,2.2c0.9-0.2,1.5-1.9,1.5-1.9s0.6-1.5,2.7-0.3c1.2,0.7,3.5,2.8,5.6,2.2c0.9-0.2,1.5-1.9,1.5-1.9\ts0.6-1.5,2.7-0.3c1.2,0.7,3.5,2.8,5.6,2.2c0.9-0.2,1.5-1.9,1.5-1.9c0,0,0.6-1.5,2.7-0.3c1.2,0.7,3.5,2.8,5.6,2.2\tc0.9-0.2,1.5-1.9,1.5-1.9c0,0,0.6-1.5,2.7-0.3c1.2,0.7,3.5,2.8,5.6,2.2c0.9-0.2,1.5-1.9,1.5-1.9s0.6-1.5,2.7-0.3\tc1.2,0.7,3.5,2.8,5.6,2.2c0.9-0.2,1.5-1.9,1.5-1.9s0.6-1.5,2.7-0.3c1.2,0.7,3.5,2.8,5.6,2.2c0.9-0.2,1.5-1.9,1.5-1.9\ts0.6-1.5,2.7-0.3c1.2,0.7,3.5,2.8,5.6,2.2c0.9-0.2,1.5-1.9,1.5-1.9c0,0,0.6-1.5,2.7-0.3c1.2,0.7,3.5,2.8,5.6,2.2\tc0.9-0.2,1.5-1.9,1.5-1.9s0.6-1.5,2.7-0.3c1.2,0.7,3.5,2.8,5.6,2.2c0.9-0.2,1.5-1.9,1.5-1.9s0.6-1.5,2.7-0.3\tc1.2,0.7,3.5,2.8,5.6,2.2c0.9-0.2,1.5-1.9,1.5-1.9s0.6-1.5,2.7-0.3c1.2,0.7,3.5,2.8,5.6,2.2c0.9-0.2,1.5-1.9,1.5-1.9\tc0,0,0.6-1.5,2.7-0.3c1.2,0.7,3.5,2.8,5.6,2.2c0.9-0.2,1.5-1.9,1.5-1.9c0,0,0.6-1.5,2.7-0.3c1.2,0.7,3.5,2.8,5.6,2.2\tc0.9-0.2,1.5-1.9,1.5-1.9s0.6-1.5,2.7-0.3c1.2,0.7,3.5,2.8,5.6,2.2c0.9-0.2,1.5-1.9,1.5-1.9s0.6-1.5,2.7-0.3\tc1.2,0.7,3.5,2.8,5.6,2.2c0.9-0.2,1.5-1.9,1.5-1.9s0.6-1.5,2.7-0.3c1.2,0.7,3.5,2.8,5.6,2.2c0.9-0.2,1.5-1.9,1.5-1.9\tc0,0,0.6-1.5,2.7-0.3c1.2,0.7,3.5,2.8,5.6,2.2c0.9-0.2,1.5-1.9,1.5-1.9s0.6-1.5,2.7-0.3c1.2,0.7,3.5,2.8,5.6,2.2\tc0.9-0.2,1.5-1.9,1.5-1.9s0.6-1.5,2.7-0.3c1.2,0.7,3.5,2.8,5.6,2.2c0.9-0.2,1.5-1.9,1.5-1.9s0.6-1.5,2.7-0.3\tc1.2,0.7,3.5,2.8,5.6,2.2c0.9-0.2,1.5-1.9,1.5-1.9c0,0,0.6-1.5,2.7-0.3c1.2,0.7,3.5,2.8,5.6,2.2c0.9-0.2,1.5-1.9,1.5-1.9\tc0,0,0.6-1.5,2.7-0.3c1.2,0.7,3.5,2.8,5.6,2.2c0.9-0.2,1.5-1.9,1.5-1.9s0.6-1.5,2.7-0.3c1.2,0.7,3.5,2.8,5.6,2.2\tc0.9-0.2,1.5-1.9,1.5-1.9s0.6-1.5,2.7-0.3c1.2,0.7,3.5,2.8,5.6,2.2c0.9-0.2,1.5-1.9,1.5-1.9s0.6-1.5,2.7-0.3\tc1.2,0.7,3.5,2.8,5.6,2.2c0.9-0.2,1.5-1.9,1.5-1.9c0,0,0.6-1.5,2.7-0.3c1.2,0.7,3.5,2.8,5.6,2.2c0.9-0.2,1.5-1.9,1.5-1.9\ts0.6-1.5,2.7-0.3c1.2,0.7,3.5,2.8,5.6,2.2c0.9-0.2,1.5-1.9,1.5-1.9s0.6-1.5,2.7-0.3c1.2,0.7,3.5,2.8,5.6,2.2\tc0.9-0.2,1.5-1.9,1.5-1.9s0.6-1.5,2.7-0.3c1.2,0.7,3.5,2.8,5.6,2.2c0.9-0.2,1.5-1.9,1.5-1.9c0,0,0.6-1.5,2.7-0.3\tc1.2,0.7,3.5,2.8,5.6,2.2c0.9-0.2,1.5-1.9,1.5-1.9c0,0,0.6-1.5,2.7-0.3c1.2,0.7,3.5,2.8,5.6,2.2c0.9-0.2,1.5-1.9,1.5-1.9\ts0.6-1.5,2.7-0.3c1.2,0.7,3.5,2.8,5.6,2.2c0.9-0.2,1.5-1.9,1.5-1.9s0.6-1.5,2.7-0.3c1.2,0.7,3.5,2.8,5.6,2.2\tc0.9-0.2,1.5-1.9,1.5-1.9s0.6-1.5,2.7-0.3c1.2,0.7,3.5,2.8,5.6,2.2c0.9-0.2,1.5-1.9,1.5-1.9c0,0,0.6-1.5,2.7-0.3\tc1.2,0.7,3.5,2.8,5.6,2.2c0.9-0.2,1.5-1.9,1.5-1.9s0.6-1.5,2.7-0.3c1.2,0.7,3.5,2.8,5.6,2.2c0.9-0.2,1.5-1.9,1.5-1.9\ts0.6-1.5,2.7-0.3c1.2,0.7,3.5,2.8,5.6,2.2c0.9-0.2,1.5-1.9,1.5-1.9s0.6-1.5,2.7-0.3c1.2,0.7,3.5,2.8,5.6,2.2\tc0.9-0.2,1.5-1.9,1.5-1.9c0,0,0.6-1.5,2.7-0.3c1.2,0.7,3.5,2.8,5.6,2.2c0.9-0.2,1.5-1.9,1.5-1.9c0,0,0.6-1.5,2.7-0.3\tc1.2,0.7,3.5,2.8,5.6,2.2c0.9-0.2,1.5-1.9,1.5-1.9s0.6-1.5,2.7-0.3c1.2,0.7,3.5,2.8,5.6,2.2c0.9-0.2,1.5-1.9,1.5-1.9\ts0.6-1.5,2.7-0.3c1.2,0.7,3.5,2.8,5.6,2.2c0.9-0.2,1.5-1.9,1.5-1.9s0.6-1.5,2.7-0.3c1.2,0.7,3.5,2.8,5.6,2.2\tc0.9-0.2,1.5-1.9,1.5-1.9c0,0,0.6-1.5,2.7-0.3c1.2,0.7,3.5,2.8,5.6,2.2c0.9-0.2,1.5-1.9,1.5-1.9s0.6-1.5,2.7-0.3\tc1.2,0.7,3.5,2.8,5.6,2.2c0.9-0.2,1.5-1.9,1.5-1.9s0.6-1.5,2.7-0.3c1.2,0.7,3.5,2.8,5.6,2.2c0.9-0.2,1.5-1.9,1.5-1.9\ts0.6-1.5,2.7-0.3c1.2,0.7,3.5,2.8,5.6,2.2c0.9-0.2,1.5-1.9,1.5-1.9c0,0,0.6-1.5,2.7-0.3c1.2,0.7,3.5,2.8,5.6,2.2\tc0.9-0.2,1.5-1.9,1.5-1.9c0,0,0.6-1.5,2.7-0.3c1.2,0.7,3.5,2.8,5.6,2.2c0.9-0.2,1.5-1.9,1.5-1.9s0.6-1.5,2.7-0.3\tc1.2,0.7,3.5,2.8,5.6,2.2c0.9-0.2,1.5-1.9,1.5-1.9s0.6-1.5,2.7-0.3c1.2,0.7,3.5,2.8,5.6,2.2c0.9-0.2,1.5-1.9,1.5-1.9\ts0.6-1.5,2.7-0.3c1.2,0.7,3.5,2.8,5.6,2.2c0.9-0.2,1.5-1.9,1.5-1.9c0,0,0.6-1.5,2.7-0.3c1.2,0.7,3.5,2.8,5.6,2.2\tc0.9-0.2,1.5-1.9,1.5-1.9s0.6-1.5,2.7-0.3c1.2,0.7,3.5,2.8,5.6,2.2c0.9-0.2,1.5-1.9,1.5-1.9s0.6-1.5,2.7-0.3\tc1.2,0.7,3.5,2.8,5.6,2.2c0.9-0.2,1.5-1.9,1.5-1.9s0.6-1.5,2.7-0.3c1.2,0.7,3.5,2.8,5.6,2.2c0.9-0.2,1.5-1.9,1.5-1.9\tc0,0,0.6-1.5,2.7-0.3c1.2,0.7,3.5,2.8,5.6,2.2c0.9-0.2,1.5-1.9,1.5-1.9c0,0,0.6-1.5,2.7-0.3c1.2,0.7,3.5,2.8,5.6,2.2\tc0.9-0.2,1.5-1.9,1.5-1.9s0.6-1.5,2.7-0.3c1.2,0.7,3.5,2.8,5.6,2.2c0.9-0.2,1.5-1.9,1.5-1.9s0.6-1.5,2.7-0.3\tc1.2,0.7,3.5,2.8,5.6,2.2c0.9-0.2,1.5-1.9,1.5-1.9s0.6-1.5,2.6-0.4V0z M2.5,1.2C2.5,1.2,2.5,1.2,2.5,1.2C2.5,1.2,2.5,1.2,2.5,1.2z M2.7,1.4c0.1,0,0.1,0.1,0.1,0.1C2.8,1.4,2.8,1.4,2.7,1.4z\"\/>\n<\/svg>\t\t<\/div>\n\t\t\t\t\t<div class=\"elementor-container elementor-column-gap-default\">\n\t\t\t\t\t<div class=\"elementor-column elementor-col-100 elementor-top-column elementor-element elementor-element-515a605\" data-id=\"515a605\" data-element_type=\"column\" data-e-type=\"column\">\n\t\t\t<div class=\"elementor-widget-wrap elementor-element-populated\">\n\t\t\t\t\t\t<section class=\"elementor-section elementor-inner-section elementor-element elementor-element-63dc8d98 elementor-section-boxed elementor-section-height-default elementor-section-height-default\" data-id=\"63dc8d98\" data-element_type=\"section\" data-e-type=\"section\">\n\t\t\t\t\t\t<div class=\"elementor-container elementor-column-gap-default\">\n\t\t\t\t\t<div class=\"elementor-column elementor-col-100 elementor-inner-column elementor-element elementor-element-66e41c87\" data-id=\"66e41c87\" data-element_type=\"column\" data-e-type=\"column\">\n\t\t\t<div class=\"elementor-widget-wrap elementor-element-populated\">\n\t\t\t\t\t\t<div class=\"elementor-element elementor-element-190e3f41 elementor-invisible elementor-widget elementor-widget-heading\" data-id=\"190e3f41\" data-element_type=\"widget\" data-e-type=\"widget\" data-settings=\"{&quot;_animation&quot;:&quot;fadeInUp&quot;}\" data-widget_type=\"heading.default\">\n\t\t\t\t\t<h1 class=\"elementor-heading-title elementor-size-default\"><a href=\"https:\/\/premis.hr\/index.php\/kontakti-premis-sladoledi-proizvodaci\/\">FAQ<\/a><\/h1>\t\t\t\t<\/div>\n\t\t\t\t<div class=\"elementor-element elementor-element-4fa87236 elementor-invisible elementor-widget elementor-widget-heading\" data-id=\"4fa87236\" data-element_type=\"widget\" data-e-type=\"widget\" data-settings=\"{&quot;_animation&quot;:&quot;fadeInUp&quot;,&quot;_animation_delay&quot;:200}\" data-widget_type=\"heading.default\">\n\t\t\t\t\t<h4 class=\"elementor-heading-title elementor-size-default\"><a href=\"https:\/\/www.facebook.com\/premis.sladoledi\/\">\u010cesto postavljana pitanja -\nZnate ono, kad vam ne\u0161to padne na pamet u 3 ujutro? Mi smo ve\u0107 mislili na to! Provjeri odgovore na sva tvoja no\u0107na pitanja!\n<\/a><\/h4>\t\t\t\t<\/div>\n\t\t\t\t\t<\/div>\n\t\t<\/div>\n\t\t\t\t\t<\/div>\n\t\t<\/section>\n\t\t\t\t\t<\/div>\n\t\t<\/div>\n\t\t\t\t\t<\/div>\n\t\t<\/section>\n\t\t<div class=\"elementor-element elementor-element-6d43975 e-flex e-con-boxed e-con e-parent\" data-id=\"6d43975\" data-element_type=\"container\" data-e-type=\"container\">\n\t\t\t\t\t<div class=\"e-con-inner\">\n\t\t\t\t<div class=\"elementor-element elementor-element-a1932a0 elementor-widget elementor-widget-elementskit-faq\" data-id=\"a1932a0\" data-element_type=\"widget\" data-e-type=\"widget\" data-widget_type=\"elementskit-faq.default\">\n\t\t\t\t\t<div class=\"ekit-wid-con\" >\n                <div class=\"elementskit-single-faq elementor-repeater-item-4cdba62\">\n            <div class=\"elementskit-faq-header\">\n                <h2 class=\"elementskit-faq-title\">Frequently Asked Questions<\/h2>\n            <\/div>\n            <div class=\"elementskit-faq-body\">\n                Dobrodo\u0161li u na\u0161 FAQ - \u010cesto postavljana pitanja!\n\nOvdje smo da odgovorimo na sva va\u0161a pitanja, \u010dak i ona koja se mo\u017eda niste usudili postaviti (da, znamo sve o tome). Ako ste se ikada pitali \"Kako ovo radi?\", \"Za\u0161to to ne radi?\", ili jednostavno \"\u0160to sad?\", na pravom ste mjestu!\nFAQ: Jer nema glupih pitanja... samo zabavnih odgovora!            <\/div>\n        <\/div>\n                <div class=\"elementskit-single-faq elementor-repeater-item-3523fdf\">\n            <div class=\"elementskit-faq-header\">\n                <h2 class=\"elementskit-faq-title\">Da li nudite gotove sladolede ili strojeve, vitrine i smjese za sladoled?<\/h2>\n            <\/div>\n            <div class=\"elementskit-faq-body\">\n                Mi nudimo kompletna rje\u0161enja za sladoled bilo da \u017eelite proizvoditi sladoled ili kupovati gotove s tim da gotovi sladoledi koji prodajemo su napravljeni kao da ih radite sami.             <\/div>\n        <\/div>\n                <div class=\"elementskit-single-faq elementor-repeater-item-e0943ee\">\n            <div class=\"elementskit-faq-header\">\n                <h2 class=\"elementskit-faq-title\">Ako se kod Vas uzima gotovi sladoled da li Vi dajete vitrinu na kori\u0161tenje ili je prodajete?<\/h2>\n            <\/div>\n            <div class=\"elementskit-faq-body\">\n                Kada kupac kod nas kupuje gotove sladolede vitrine do 13 okusa, stati\u010dne dajemo na kori\u0161tenje. Ako kupac \u017eeli prodavati sladoled u profesionalnim vitrinama od 12 do 24 okusa takve vitrine dajemo u najam ili prodajemo po posebnim uvjetima. Bilo da kupac vitrinu uzima u najam ili kupuje dobiva posebnu cijenu sladoleda.            <\/div>\n        <\/div>\n                <div class=\"elementskit-single-faq elementor-repeater-item-1efe959\">\n            <div class=\"elementskit-faq-header\">\n                <h2 class=\"elementskit-faq-title\">Imam odli\u010dnu lokaciju na kojoj \u0107e se prodavati jako puno sladoleda mogu li od Vas dobiti profesionalnu vitrinu?<\/h2>\n            <\/div>\n            <div class=\"elementskit-faq-body\">\n                Bez obzira na lokaciju koju imate profesionalne vitrine ne dajemo kupcima na kori\u0161tenje ve\u0107 prodajemo ili iznajmljujemo. Ako imate odli\u010dnu lokaciju zna\u010di da \u0107e te najam vitrine vrlo brzo isplatiti kroz rabat koji dobivate na sladoled. \n\n            <\/div>\n        <\/div>\n                <div class=\"elementskit-single-faq elementor-repeater-item-058d056\">\n            <div class=\"elementskit-faq-header\">\n                <h2 class=\"elementskit-faq-title\">Uzeo bih profesionalnu vitrinu u najam kakvi su uvjeti?<\/h2>\n            <\/div>\n            <div class=\"elementskit-faq-body\">\n                Broj profesionalnih vitrina koje dajemo u najam je ograni\u010den. Prvo trebate provjeriti da li ih imamo slobodnih. Ako ih imamo slobodnih ovisno o modelu najam se kre\u0107e od 2.000,00 EUR do 3.000,00 EUR godi\u0161nje. U cijenu nije ura\u010dunat PDV. \n\n            <\/div>\n        <\/div>\n                <div class=\"elementskit-single-faq elementor-repeater-item-5234c98\">\n            <div class=\"elementskit-faq-header\">\n                <h2 class=\"elementskit-faq-title\">Koja je razlika izme\u0111u stati\u010dne i profesionalne vitrine?<\/h2>\n            <\/div>\n            <div class=\"elementskit-faq-body\">\n                Stati\u010dne vitrine imaju stati\u010dne ispariva\u010de i sladoled se nalazi ispod razine stakla. Profesionalne vitrine rade po principu zra\u010dne zavjese i sladoled se nalazi iznad razine stakla. U praksi profesionalne vitrine prikazuju proizvod te kupac kada prolazi pored vitrine vidi sladoled. Kada vidi sladoled jednostavno ga \u017eeli pojesti. Sukladno tome profesionalne vitrine na dobrim lokacijama rade puno ve\u010de promete. Stati\u010dne vitrine nije potrebno gasiti nego 1 puta mjese\u010dno i otopiti te one imaju spremi\u0161te za duple sladolede. Profesionalne vitrine potrebno je gasiti svaki dan i u sebi nemaju spremi\u0161te.            <\/div>\n        <\/div>\n                <div class=\"elementskit-single-faq elementor-repeater-item-3a8c02d\">\n            <div class=\"elementskit-faq-header\">\n                <h2 class=\"elementskit-faq-title\">\u017delim kupiti profesionalnu vitrinu za sladoled kakvi su uvjeti ako uzimam sladoled od Vas?<\/h2>\n            <\/div>\n            <div class=\"elementskit-faq-body\">\n                Premis d.o.o. je ekskluzivni uvoznik Italproget vitrina za sladoled. Sukladno tome imamo odli\u010dne uvijete nabave istih. Kupcima koji \u017eele uzimati na\u0161 sladoled i kupiti kod nas vitrinu dajemo posebne rabate na vitrinu i sladoled. \n\n            <\/div>\n        <\/div>\n                <div class=\"elementskit-single-faq elementor-repeater-item-90ac4ff\">\n            <div class=\"elementskit-faq-header\">\n                <h2 class=\"elementskit-faq-title\">Proizvodio bih sam sladoled i kod Vas bih kupio opremu i sirovine za proizvodnju sladoleda da li je mogu\u0107e da od Vas dobijem vitrinu za sladoled na kori\u0161tenje.<\/h2>\n            <\/div>\n            <div class=\"elementskit-faq-body\">\n                U slu\u010daju kada kre\u0107ete u vlastitu proizvodnju mi Vam nismo u mogu\u0107nosti dati nikakvu opremu. Bilo da se radi o vitrinama, strojevima ili nekoj drugoj opremi. Svim kupcima koji komplet opreme i sirovine kupuju kod nas u mogu\u0107nosti smo dati popust na opremu i sirovine. \n            <\/div>\n        <\/div>\n                <div class=\"elementskit-single-faq elementor-repeater-item-1069c37\">\n            <div class=\"elementskit-faq-header\">\n                <h2 class=\"elementskit-faq-title\">Da li iznajmljujete to\u010dene aparate?<\/h2>\n            <\/div>\n            <div class=\"elementskit-faq-body\">\n                Ne. To\u010dene aparate isklju\u010divo prodajemo. Okvirna cijena samojstoje\u0107eg aparata za to\u010deni sladoled s 3 ru\u010dice iznosi 13.990 EUR + PDV. Budu\u0107i da kupci u pro\u0161lim sezonama nisu ostvarili uspjeh u prodaji sladoleda iste vi\u0161e ne nudimo.            <\/div>\n        <\/div>\n                <div class=\"elementskit-single-faq elementor-repeater-item-7eefa9c\">\n            <div class=\"elementskit-faq-header\">\n                <h2 class=\"elementskit-faq-title\">FAQ: Va\u0161 vodi\u010d kroz misterije uz osmijeh i ozbiljne odgovore!<\/h2>\n            <\/div>\n            <div class=\"elementskit-faq-body\">\n                Samo pratite na\u0161e jednostavne sladoledne upute \u2013 ozbiljno, lak\u0161e je nego \u0161to mislite! A ako se ipak ne\u0161to zakomplicira, slobodno nas nazovite. Obo\u017eavamo kad nas zovete, pogotovo kad \u010dujemo onaj ton panike u va\u0161em glasu (SAMO SE \u0160ALIMO).\n\nAko ovdje ne prona\u0111ete odgovor, ne o\u010dajavajte \u2013 pi\u0161ite nam ili nas nazovite. Mo\u017eda se nasmijemo va\u0161em pitanju (diskretno, naravno), ali ubrzo nakon toga bacamo se na posao i vra\u0107amo vas na pravi put s ozbiljnim odgovorom.\n\nJer na kraju krajeva, FAQ nije samo skup pitanja i odgovora \u2013 to je na\u0161 zajedni\u010dki pothvat u osvajanju misterija! \ud83d\ude0a            <\/div>\n        <\/div>\n                <div class=\"elementskit-single-faq elementor-repeater-item-d7c931c\">\n            <div class=\"elementskit-faq-header\">\n                <h2 class=\"elementskit-faq-title\">FAQ: Va\u0161 vodi\u010d kroz misterije uz osmijeh i ozbiljne odgovore!<\/h2>\n            <\/div>\n            <div class=\"elementskit-faq-body\">\n                Samo pratite na\u0161e jednostavne sladoledne upute \u2013 ozbiljno, lak\u0161e je nego \u0161to mislite! A ako se ipak ne\u0161to zakomplicira, slobodno nas nazovite. Obo\u017eavamo kad nas zovete, pogotovo kad \u010dujemo onaj ton panike u va\u0161em glasu (SAMO SE \u0160ALIMO).\n\nAko ovdje ne prona\u0111ete odgovor, ne o\u010dajavajte \u2013 pi\u0161ite nam ili nas nazovite. Mo\u017eda se nasmijemo va\u0161em pitanju (diskretno, naravno), ali ubrzo nakon toga bacamo se na posao i vra\u0107amo vas na pravi put s ozbiljnim odgovorom.\n\nJer na kraju krajeva, FAQ nije samo skup pitanja i odgovora \u2013 to je na\u0161 zajedni\u010dki pothvat u osvajanju misterija! \ud83d\ude0a            <\/div>\n        <\/div>\n                \n    <\/div>\t\t\t\t<\/div>\n\t\t\t\t\t<\/div>\n\t\t\t\t<\/div>\n\t\t\t\t<section class=\"elementor-section elementor-top-section elementor-element elementor-element-1dd0e27 elementor-reverse-mobile elementor-section-boxed elementor-section-height-default elementor-section-height-default\" data-id=\"1dd0e27\" data-element_type=\"section\" data-e-type=\"section\">\n\t\t\t\t\t\t<div class=\"elementor-container elementor-column-gap-default\">\n\t\t\t\t\t<div class=\"elementor-column elementor-col-100 elementor-top-column elementor-element elementor-element-969d928\" data-id=\"969d928\" data-element_type=\"column\" data-e-type=\"column\">\n\t\t\t<div class=\"elementor-widget-wrap\">\n\t\t\t\t\t\t\t<\/div>\n\t\t<\/div>\n\t\t\t\t\t<\/div>\n\t\t<\/section>\n\t\t\t\t<section class=\"elementor-section elementor-top-section elementor-element elementor-element-187221c1 elementor-section-boxed elementor-section-height-default elementor-section-height-default\" data-id=\"187221c1\" data-element_type=\"section\" data-e-type=\"section\" data-settings=\"{&quot;background_background&quot;:&quot;classic&quot;}\">\n\t\t\t\t\t\t<div class=\"elementor-container elementor-column-gap-default\">\n\t\t\t\t\t<div class=\"elementor-column elementor-col-100 elementor-top-column elementor-element elementor-element-2c8a13ef elementor-invisible\" data-id=\"2c8a13ef\" data-element_type=\"column\" data-e-type=\"column\" data-settings=\"{&quot;background_background&quot;:&quot;classic&quot;,&quot;animation&quot;:&quot;bounceIn&quot;}\">\n\t\t\t<div class=\"elementor-widget-wrap elementor-element-populated\">\n\t\t\t\t\t\t<div class=\"elementor-element elementor-element-6db8bbf8 elementor-view-stacked elementor-shape-circle elementor-widget elementor-widget-icon\" data-id=\"6db8bbf8\" data-element_type=\"widget\" data-e-type=\"widget\" data-widget_type=\"icon.default\">\n\t\t\t\t\t\t\t<div class=\"elementor-icon-wrapper\">\n\t\t\t<div class=\"elementor-icon\">\n\t\t\t<i aria-hidden=\"true\" class=\"icon icon-email\"><\/i>\t\t\t<\/div>\n\t\t<\/div>\n\t\t\t\t\t\t<\/div>\n\t\t\t\t<div class=\"elementor-element elementor-element-20e9406b elementor-widget elementor-widget-heading\" data-id=\"20e9406b\" data-element_type=\"widget\" data-e-type=\"widget\" data-widget_type=\"heading.default\">\n\t\t\t\t\t<h2 class=\"elementor-heading-title elementor-size-default\">Jo\u0161 uvijek imate pitanja? Tu smo za vas \ud83d\ude42<\/h2>\t\t\t\t<\/div>\n\t\t\t\t<div class=\"elementor-element elementor-element-313b04c3 elementor-widget elementor-widget-text-editor\" data-id=\"313b04c3\" data-element_type=\"widget\" data-e-type=\"widget\" data-widget_type=\"text-editor.default\">\n\t\t\t\t\t\t\t\t\t<p><strong>Otvoreni smo za sva va\u0161a gelato pitanja.<\/strong> Slobodno nas <a href=\"https:\/\/premis.hr\/index.php\/kontakti-premis-sladoledi-proizvodaci\/\">kontaktirajte<\/a>!<\/p>\t\t\t\t\t\t\t\t<\/div>\n\t\t\t\t<div class=\"elementor-element elementor-element-51e01965 elementor-align-center elementor-widget elementor-widget-button\" data-id=\"51e01965\" data-element_type=\"widget\" data-e-type=\"widget\" data-widget_type=\"button.default\">\n\t\t\t\t\t\t\t\t\t\t<a class=\"elementor-button elementor-button-link elementor-size-md\" href=\"mailto:info@premis.hr\">\n\t\t\t\t\t\t<span class=\"elementor-button-content-wrapper\">\n\t\t\t\t\t\t\t\t\t<span class=\"elementor-button-text\">Po\u0161aljite nam email<\/span>\n\t\t\t\t\t<\/span>\n\t\t\t\t\t<\/a>\n\t\t\t\t\t\t\t\t<\/div>\n\t\t\t\t\t<\/div>\n\t\t<\/div>\n\t\t\t\t\t<\/div>\n\t\t<\/section>\n\t\t\t\t<section class=\"elementor-section elementor-top-section elementor-element elementor-element-64633c88 elementor-section-boxed elementor-section-height-default elementor-section-height-default\" data-id=\"64633c88\" data-element_type=\"section\" data-e-type=\"section\">\n\t\t\t\t\t\t<div class=\"elementor-container elementor-column-gap-default\">\n\t\t\t\t\t<div class=\"elementor-column elementor-col-100 elementor-top-column elementor-element elementor-element-8551921\" data-id=\"8551921\" data-element_type=\"column\" data-e-type=\"column\">\n\t\t\t<div class=\"elementor-widget-wrap\">\n\t\t\t\t\t\t\t<\/div>\n\t\t<\/div>\n\t\t\t\t\t<\/div>\n\t\t<\/section>\n\t\t\t\t<\/div>\n\t\t","protected":false},"excerpt":{"rendered":"<p>\u010cesto postavljana pitanja &#8211; Znate ono, kad vam ne\u0161to padne na pamet u 3 ujutro? Mi smo ve\u0107 mislili na to! Provjeri odgovore na sva tvoja no\u0107na pitanja! Frequently Asked Questions Dobrodo\u0161li u na\u0161 FAQ &#8211; \u010cesto postavljana pitanja! Ovdje smo da odgovorimo na sva va\u0161a pitanja, \u010dak i ona koja se mo\u017eda niste usudili [&hellip;]<\/p>\n","protected":false},"author":1,"featured_media":0,"parent":0,"menu_order":0,"comment_status":"closed","ping_status":"closed","template":"elementor_header_footer","meta":{"footnotes":""},"class_list":["post-175","page","type-page","status-publish","hentry"],"_links":{"self":[{"href":"https:\/\/premis.hr\/index.php\/wp-json\/wp\/v2\/pages\/175","targetHints":{"allow":["GET"]}}],"collection":[{"href":"https:\/\/premis.hr\/index.php\/wp-json\/wp\/v2\/pages"}],"about":[{"href":"https:\/\/premis.hr\/index.php\/wp-json\/wp\/v2\/types\/page"}],"author":[{"embeddable":true,"href":"https:\/\/premis.hr\/index.php\/wp-json\/wp\/v2\/users\/1"}],"replies":[{"embeddable":true,"href":"https:\/\/premis.hr\/index.php\/wp-json\/wp\/v2\/comments?post=175"}],"version-history":[{"count":66,"href":"https:\/\/premis.hr\/index.php\/wp-json\/wp\/v2\/pages\/175\/revisions"}],"predecessor-version":[{"id":2986,"href":"https:\/\/premis.hr\/index.php\/wp-json\/wp\/v2\/pages\/175\/revisions\/2986"}],"wp:attachment":[{"href":"https:\/\/premis.hr\/index.php\/wp-json\/wp\/v2\/media?parent=175"}],"curies":[{"name":"wp","href":"https:\/\/api.w.org\/{rel}","templated":true}]}}