{"id":154,"date":"2024-11-12T14:11:07","date_gmt":"2024-11-12T14:11:07","guid":{"rendered":"https:\/\/premis.hr\/2025\/?page_id=154"},"modified":"2025-02-04T09:39:24","modified_gmt":"2025-02-04T09:39:24","slug":"ugostiteljski-sladoledi-8l","status":"publish","type":"page","link":"https:\/\/premis.hr\/index.php\/ugostiteljski-sladoledi-8l\/","title":{"rendered":"Ugostiteljski sladoledi 8L"},"content":{"rendered":"\t\t<div data-elementor-type=\"wp-page\" data-elementor-id=\"154\" class=\"elementor elementor-154\" data-elementor-post-type=\"page\">\n\t\t\t\t\t\t<section class=\"elementor-section elementor-top-section elementor-element elementor-element-7f6f0e2d elementor-section-boxed elementor-section-height-default elementor-section-height-default\" data-id=\"7f6f0e2d\" data-element_type=\"section\" data-e-type=\"section\" data-settings=\"{&quot;background_background&quot;:&quot;classic&quot;,&quot;shape_divider_bottom&quot;:&quot;waves-pattern&quot;}\">\n\t\t\t\t\t\t\t<div class=\"elementor-background-overlay\"><\/div>\n\t\t\t\t\t\t<div class=\"elementor-shape elementor-shape-bottom\" aria-hidden=\"true\" data-negative=\"false\">\n\t\t\t<svg xmlns=\"http:\/\/www.w3.org\/2000\/svg\" viewBox=\"0 0 1047.1 3.7\" preserveAspectRatio=\"xMidYMin slice\">\n\t<path class=\"elementor-shape-fill\" d=\"M1047.1,0C557,0,8.9,0,0,0v1.6c0,0,0.6-1.5,2.7-0.3C3.9,2,6.1,4.1,8.3,3.5c0.9-0.2,1.5-1.9,1.5-1.9\ts0.6-1.5,2.7-0.3C13.8,2,16,4.1,18.2,3.5c0.9-0.2,1.5-1.9,1.5-1.9s0.6-1.5,2.7-0.3C23.6,2,25.9,4.1,28,3.5c0.9-0.2,1.5-1.9,1.5-1.9\tc0,0,0.6-1.5,2.7-0.3c1.2,0.7,3.5,2.8,5.6,2.2c0.9-0.2,1.5-1.9,1.5-1.9c0,0,0.6-1.5,2.7-0.3c1.2,0.7,3.5,2.8,5.6,2.2\tc0.9-0.2,1.5-1.9,1.5-1.9s0.6-1.5,2.7-0.3c1.2,0.7,3.5,2.8,5.6,2.2c0.9-0.2,1.5-1.9,1.5-1.9s0.6-1.5,2.7-0.3C63,2,65.3,4.1,67.4,3.5\tC68.3,3.3,69,1.6,69,1.6s0.6-1.5,2.7-0.3c1.2,0.7,3.5,2.8,5.6,2.2c0.9-0.2,1.5-1.9,1.5-1.9c0,0,0.6-1.5,2.7-0.3\tC82.7,2,85,4.1,87.1,3.5c0.9-0.2,1.5-1.9,1.5-1.9s0.6-1.5,2.7-0.3C92.6,2,94.8,4.1,97,3.5c0.9-0.2,1.5-1.9,1.5-1.9s0.6-1.5,2.7-0.3\tc1.2,0.7,3.5,2.8,5.6,2.2c0.9-0.2,1.5-1.9,1.5-1.9s0.6-1.5,2.7-0.3c1.2,0.7,3.5,2.8,5.6,2.2c0.9-0.2,1.5-1.9,1.5-1.9\tc0,0,0.6-1.5,2.7-0.3c1.2,0.7,3.5,2.8,5.6,2.2c0.9-0.2,1.5-1.9,1.5-1.9c0,0,0.6-1.5,2.7-0.3c1.2,0.7,3.5,2.8,5.6,2.2\tc0.9-0.2,1.5-1.9,1.5-1.9s0.6-1.5,2.7-0.3c1.2,0.7,3.5,2.8,5.6,2.2c0.9-0.2,1.5-1.9,1.5-1.9s0.6-1.5,2.7-0.3\tc1.2,0.7,3.5,2.8,5.6,2.2c0.9-0.2,1.5-1.9,1.5-1.9s0.6-1.5,2.7-0.3c1.2,0.7,3.5,2.8,5.6,2.2c0.9-0.2,1.5-1.9,1.5-1.9\tc0,0,0.6-1.5,2.7-0.3c1.2,0.7,3.5,2.8,5.6,2.2c0.9-0.2,1.5-1.9,1.5-1.9s0.6-1.5,2.7-0.3c1.2,0.7,3.5,2.8,5.6,2.2\tc0.9-0.2,1.5-1.9,1.5-1.9s0.6-1.5,2.7-0.3c1.2,0.7,3.5,2.8,5.6,2.2c0.9-0.2,1.5-1.9,1.5-1.9s0.6-1.5,2.7-0.3\tc1.2,0.7,3.5,2.8,5.6,2.2c0.9-0.2,1.5-1.9,1.5-1.9c0,0,0.6-1.5,2.7-0.3c1.2,0.7,3.5,2.8,5.6,2.2c0.9-0.2,1.5-1.9,1.5-1.9\tc0,0,0.6-1.5,2.7-0.3c1.2,0.7,3.5,2.8,5.6,2.2c0.9-0.2,1.5-1.9,1.5-1.9s0.6-1.5,2.7-0.3c1.2,0.7,3.5,2.8,5.6,2.2\tc0.9-0.2,1.5-1.9,1.5-1.9s0.6-1.5,2.7-0.3c1.2,0.7,3.5,2.8,5.6,2.2c0.9-0.2,1.5-1.9,1.5-1.9s0.6-1.5,2.7-0.3\tc1.2,0.7,3.5,2.8,5.6,2.2c0.9-0.2,1.5-1.9,1.5-1.9c0,0,0.6-1.5,2.7-0.3c1.2,0.7,3.5,2.8,5.6,2.2c0.9-0.2,1.5-1.9,1.5-1.9\ts0.6-1.5,2.7-0.3c1.2,0.7,3.5,2.8,5.6,2.2c0.9-0.2,1.5-1.9,1.5-1.9s0.6-1.5,2.7-0.3c1.2,0.7,3.5,2.8,5.6,2.2\tc0.9-0.2,1.5-1.9,1.5-1.9s0.6-1.5,2.7-0.3c1.2,0.7,3.5,2.8,5.6,2.2c0.9-0.2,1.5-1.9,1.5-1.9c0,0,0.6-1.5,2.7-0.3\tc1.2,0.7,3.5,2.8,5.6,2.2c0.9-0.2,1.5-1.9,1.5-1.9c0,0,0.6-1.5,2.7-0.3c1.2,0.7,3.5,2.8,5.6,2.2c0.9-0.2,1.5-1.9,1.5-1.9\ts0.6-1.5,2.7-0.3c1.2,0.7,3.5,2.8,5.6,2.2c0.9-0.2,1.5-1.9,1.5-1.9s0.6-1.5,2.7-0.3c1.2,0.7,3.5,2.8,5.6,2.2\tc0.9-0.2,1.5-1.9,1.5-1.9s0.6-1.5,2.7-0.3c1.2,0.7,3.5,2.8,5.6,2.2c0.9-0.2,1.5-1.9,1.5-1.9c0,0,0.6-1.5,2.7-0.3\tc1.2,0.7,3.5,2.8,5.6,2.2c0.9-0.2,1.5-1.9,1.5-1.9s0.6-1.5,2.7-0.3c1.2,0.7,3.5,2.8,5.6,2.2c0.9-0.2,1.5-1.9,1.5-1.9\ts0.6-1.5,2.7-0.3c1.2,0.7,3.5,2.8,5.6,2.2c0.9-0.2,1.5-1.9,1.5-1.9s0.6-1.5,2.7-0.3c1.2,0.7,3.5,2.8,5.6,2.2\tc0.9-0.2,1.5-1.9,1.5-1.9c0,0,0.6-1.5,2.7-0.3c1.2,0.7,3.5,2.8,5.6,2.2c0.9-0.2,1.5-1.9,1.5-1.9c0,0,0.6-1.5,2.7-0.3\tc1.2,0.7,3.5,2.8,5.6,2.2c0.9-0.2,1.5-1.9,1.5-1.9s0.6-1.5,2.7-0.3c1.2,0.7,3.5,2.8,5.6,2.2c0.9-0.2,1.5-1.9,1.5-1.9\ts0.6-1.5,2.7-0.3c1.2,0.7,3.5,2.8,5.6,2.2c0.9-0.2,1.5-1.9,1.5-1.9s0.6-1.5,2.7-0.3c1.2,0.7,3.5,2.8,5.6,2.2\tc0.9-0.2,1.5-1.9,1.5-1.9c0,0,0.6-1.5,2.7-0.3c1.2,0.7,3.5,2.8,5.6,2.2c0.9-0.2,1.5-1.9,1.5-1.9s0.6-1.5,2.7-0.3\tc1.2,0.7,3.5,2.8,5.6,2.2c0.9-0.2,1.5-1.9,1.5-1.9s0.6-1.5,2.7-0.3c1.2,0.7,3.5,2.8,5.6,2.2c0.9-0.2,1.5-1.9,1.5-1.9\ts0.6-1.5,2.7-0.3c1.2,0.7,3.5,2.8,5.6,2.2c0.9-0.2,1.5-1.9,1.5-1.9c0,0,0.6-1.5,2.7-0.3c1.2,0.7,3.5,2.8,5.6,2.2\tc0.9-0.2,1.5-1.9,1.5-1.9c0,0,0.6-1.5,2.7-0.3c1.2,0.7,3.5,2.8,5.6,2.2c0.9-0.2,1.5-1.9,1.5-1.9s0.6-1.5,2.7-0.3\tc1.2,0.7,3.5,2.8,5.6,2.2c0.9-0.2,1.5-1.9,1.5-1.9s0.6-1.5,2.7-0.3c1.2,0.7,3.5,2.8,5.6,2.2c0.9-0.2,1.5-1.9,1.5-1.9\ts0.6-1.5,2.7-0.3c1.2,0.7,3.5,2.8,5.6,2.2c0.9-0.2,1.5-1.9,1.5-1.9c0,0,0.6-1.5,2.7-0.3c1.2,0.7,3.5,2.8,5.6,2.2\tc0.9-0.2,1.5-1.9,1.5-1.9s0.6-1.5,2.7-0.3c1.2,0.7,3.5,2.8,5.6,2.2c0.9-0.2,1.5-1.9,1.5-1.9s0.6-1.5,2.7-0.3\tc1.2,0.7,3.5,2.8,5.6,2.2c0.9-0.2,1.5-1.9,1.5-1.9s0.6-1.5,2.7-0.3c1.2,0.7,3.5,2.8,5.6,2.2c0.9-0.2,1.5-1.9,1.5-1.9\tc0,0,0.6-1.5,2.7-0.3c1.2,0.7,3.5,2.8,5.6,2.2c0.9-0.2,1.5-1.9,1.5-1.9c0,0,0.6-1.5,2.7-0.3c1.2,0.7,3.5,2.8,5.6,2.2\tc0.9-0.2,1.5-1.9,1.5-1.9s0.6-1.5,2.7-0.3c1.2,0.7,3.5,2.8,5.6,2.2c0.9-0.2,1.5-1.9,1.5-1.9s0.6-1.5,2.7-0.3\tc1.2,0.7,3.5,2.8,5.6,2.2c0.9-0.2,1.5-1.9,1.5-1.9s0.6-1.5,2.7-0.3c1.2,0.7,3.5,2.8,5.6,2.2c0.9-0.2,1.5-1.9,1.5-1.9\tc0,0,0.6-1.5,2.7-0.3c1.2,0.7,3.5,2.8,5.6,2.2c0.9-0.2,1.5-1.9,1.5-1.9s0.6-1.5,2.7-0.3c1.2,0.7,3.5,2.8,5.6,2.2\tc0.9-0.2,1.5-1.9,1.5-1.9s0.6-1.5,2.7-0.3c1.2,0.7,3.5,2.8,5.6,2.2c0.9-0.2,1.5-1.9,1.5-1.9s0.6-1.5,2.7-0.3\tc1.2,0.7,3.5,2.8,5.6,2.2c0.9-0.2,1.5-1.9,1.5-1.9c0,0,0.6-1.5,2.7-0.3c1.2,0.7,3.5,2.8,5.6,2.2c0.9-0.2,1.5-1.9,1.5-1.9\tc0,0,0.6-1.5,2.7-0.3c1.2,0.7,3.5,2.8,5.6,2.2c0.9-0.2,1.5-1.9,1.5-1.9s0.6-1.5,2.7-0.3c1.2,0.7,3.5,2.8,5.6,2.2\tc0.9-0.2,1.5-1.9,1.5-1.9s0.6-1.5,2.7-0.3c1.2,0.7,3.5,2.8,5.6,2.2c0.9-0.2,1.5-1.9,1.5-1.9s0.6-1.5,2.7-0.3\tc1.2,0.7,3.5,2.8,5.6,2.2c0.9-0.2,1.5-1.9,1.5-1.9c0,0,0.6-1.5,2.7-0.3c1.2,0.7,3.5,2.8,5.6,2.2c0.9-0.2,1.5-1.9,1.5-1.9\ts0.6-1.5,2.7-0.3c1.2,0.7,3.5,2.8,5.6,2.2c0.9-0.2,1.5-1.9,1.5-1.9s0.6-1.5,2.7-0.3c1.2,0.7,3.5,2.8,5.6,2.2\tc0.9-0.2,1.5-1.9,1.5-1.9s0.6-1.5,2.7-0.3c1.2,0.7,3.5,2.8,5.6,2.2c0.9-0.2,1.5-1.9,1.5-1.9c0,0,0.6-1.5,2.7-0.3\tc1.2,0.7,3.5,2.8,5.6,2.2c0.9-0.2,1.5-1.9,1.5-1.9c0,0,0.6-1.5,2.7-0.3c1.2,0.7,3.5,2.8,5.6,2.2c0.9-0.2,1.5-1.9,1.5-1.9\ts0.6-1.5,2.7-0.3c1.2,0.7,3.5,2.8,5.6,2.2c0.9-0.2,1.5-1.9,1.5-1.9s0.6-1.5,2.7-0.3c1.2,0.7,3.5,2.8,5.6,2.2\tc0.9-0.2,1.5-1.9,1.5-1.9s0.6-1.5,2.7-0.3c1.2,0.7,3.5,2.8,5.6,2.2c0.9-0.2,1.5-1.9,1.5-1.9c0,0,0.6-1.5,2.7-0.3\tc1.2,0.7,3.5,2.8,5.6,2.2c0.9-0.2,1.5-1.9,1.5-1.9s0.6-1.5,2.7-0.3c1.2,0.7,3.5,2.8,5.6,2.2c0.9-0.2,1.5-1.9,1.5-1.9\ts0.6-1.5,2.7-0.3c1.2,0.7,3.5,2.8,5.6,2.2c0.9-0.2,1.5-1.9,1.5-1.9s0.6-1.5,2.7-0.3c1.2,0.7,3.5,2.8,5.6,2.2\tc0.9-0.2,1.5-1.9,1.5-1.9c0,0,0.6-1.5,2.7-0.3c1.2,0.7,3.5,2.8,5.6,2.2c0.9-0.2,1.5-1.9,1.5-1.9c0,0,0.6-1.5,2.7-0.3\tc1.2,0.7,3.5,2.8,5.6,2.2c0.9-0.2,1.5-1.9,1.5-1.9s0.6-1.5,2.7-0.3c1.2,0.7,3.5,2.8,5.6,2.2c0.9-0.2,1.5-1.9,1.5-1.9\ts0.6-1.5,2.7-0.3c1.2,0.7,3.5,2.8,5.6,2.2c0.9-0.2,1.5-1.9,1.5-1.9s0.6-1.5,2.7-0.3c1.2,0.7,3.5,2.8,5.6,2.2\tc0.9-0.2,1.5-1.9,1.5-1.9c0,0,0.6-1.5,2.7-0.3c1.2,0.7,3.5,2.8,5.6,2.2c0.9-0.2,1.5-1.9,1.5-1.9s0.6-1.5,2.7-0.3\tc1.2,0.7,3.5,2.8,5.6,2.2c0.9-0.2,1.5-1.9,1.5-1.9s0.6-1.5,2.7-0.3c1.2,0.7,3.5,2.8,5.6,2.2c0.9-0.2,1.5-1.9,1.5-1.9\ts0.6-1.5,2.7-0.3c1.2,0.7,3.5,2.8,5.6,2.2c0.9-0.2,1.5-1.9,1.5-1.9c0,0,0.6-1.5,2.7-0.3c1.2,0.7,3.5,2.8,5.6,2.2\tc0.9-0.2,1.5-1.9,1.5-1.9c0,0,0.6-1.5,2.7-0.3c1.2,0.7,3.5,2.8,5.6,2.2c0.9-0.2,1.5-1.9,1.5-1.9s0.6-1.5,2.7-0.3\tc1.2,0.7,3.5,2.8,5.6,2.2c0.9-0.2,1.5-1.9,1.5-1.9s0.6-1.5,2.7-0.3c1.2,0.7,3.5,2.8,5.6,2.2c0.9-0.2,1.5-1.9,1.5-1.9\ts0.6-1.5,2.7-0.3c1.2,0.7,3.5,2.8,5.6,2.2c0.9-0.2,1.5-1.9,1.5-1.9c0,0,0.6-1.5,2.7-0.3c1.2,0.7,3.5,2.8,5.6,2.2\tc0.9-0.2,1.5-1.9,1.5-1.9s0.6-1.5,2.7-0.3c1.2,0.7,3.5,2.8,5.6,2.2c0.9-0.2,1.5-1.9,1.5-1.9s0.6-1.5,2.7-0.3\tc1.2,0.7,3.5,2.8,5.6,2.2c0.9-0.2,1.5-1.9,1.5-1.9s0.6-1.5,2.7-0.3c1.2,0.7,3.5,2.8,5.6,2.2c0.9-0.2,1.5-1.9,1.5-1.9\tc0,0,0.6-1.5,2.7-0.3c1.2,0.7,3.5,2.8,5.6,2.2c0.9-0.2,1.5-1.9,1.5-1.9c0,0,0.6-1.5,2.7-0.3c1.2,0.7,3.5,2.8,5.6,2.2\tc0.9-0.2,1.5-1.9,1.5-1.9s0.6-1.5,2.7-0.3c1.2,0.7,3.5,2.8,5.6,2.2c0.9-0.2,1.5-1.9,1.5-1.9s0.6-1.5,2.7-0.3\tc1.2,0.7,3.5,2.8,5.6,2.2c0.9-0.2,1.5-1.9,1.5-1.9s0.6-1.5,2.6-0.4V0z M2.5,1.2C2.5,1.2,2.5,1.2,2.5,1.2C2.5,1.2,2.5,1.2,2.5,1.2z M2.7,1.4c0.1,0,0.1,0.1,0.1,0.1C2.8,1.4,2.8,1.4,2.7,1.4z\"\/>\n<\/svg>\t\t<\/div>\n\t\t\t\t\t<div class=\"elementor-container elementor-column-gap-default\">\n\t\t\t\t\t<div class=\"elementor-column elementor-col-100 elementor-top-column elementor-element elementor-element-2d633153\" data-id=\"2d633153\" data-element_type=\"column\" data-e-type=\"column\">\n\t\t\t<div class=\"elementor-widget-wrap elementor-element-populated\">\n\t\t\t\t\t\t<section class=\"elementor-section elementor-inner-section elementor-element elementor-element-18ee8fe elementor-section-content-middle elementor-section-boxed elementor-section-height-default elementor-section-height-default\" data-id=\"18ee8fe\" data-element_type=\"section\" data-e-type=\"section\">\n\t\t\t\t\t\t<div class=\"elementor-container elementor-column-gap-default\">\n\t\t\t\t\t<div class=\"elementor-column elementor-col-50 elementor-inner-column elementor-element elementor-element-f9785c0 elementor-invisible\" data-id=\"f9785c0\" data-element_type=\"column\" data-e-type=\"column\" data-settings=\"{&quot;animation&quot;:&quot;bounceIn&quot;}\">\n\t\t\t<div class=\"elementor-widget-wrap elementor-element-populated\">\n\t\t\t\t\t\t<div class=\"elementor-element elementor-element-7135943b elementor-widget elementor-widget-image\" data-id=\"7135943b\" data-element_type=\"widget\" data-e-type=\"widget\" data-widget_type=\"image.default\">\n\t\t\t\t\t\t\t\t\t\t\t\t\t\t\t<img fetchpriority=\"high\" decoding=\"async\" width=\"617\" height=\"600\" src=\"http:\/\/premis.hr\/wp-content\/uploads\/2024\/11\/8L-Donut-WEB_.png\" class=\"attachment-full size-full wp-image-1486\" alt=\"Kadica Gelata od 8 Litara (Decorated 8 liter Gelato tub)\" srcset=\"http:\/\/premis.hr\/wp-content\/uploads\/2024\/11\/8L-Donut-WEB_.png 617w, http:\/\/premis.hr\/wp-content\/uploads\/2024\/11\/8L-Donut-WEB_-300x292.png 300w\" sizes=\"(max-width: 617px) 100vw, 617px\" \/>\t\t\t\t\t\t\t\t\t\t\t\t\t\t\t<\/div>\n\t\t\t\t\t<\/div>\n\t\t<\/div>\n\t\t\t\t<div class=\"elementor-column elementor-col-50 elementor-inner-column elementor-element elementor-element-6dcf863 elementor-invisible\" data-id=\"6dcf863\" data-element_type=\"column\" data-e-type=\"column\" data-settings=\"{&quot;animation&quot;:&quot;fadeInRight&quot;}\">\n\t\t\t<div class=\"elementor-widget-wrap elementor-element-populated\">\n\t\t\t\t\t\t<div class=\"elementor-element elementor-element-104173be elementor-widget elementor-widget-heading\" data-id=\"104173be\" data-element_type=\"widget\" data-e-type=\"widget\" data-widget_type=\"heading.default\">\n\t\t\t\t\t<h6 class=\"elementor-heading-title elementor-size-default\">Ugostiteljski sladoled<\/h6>\t\t\t\t<\/div>\n\t\t\t\t<div class=\"elementor-element elementor-element-5e3ae036 elementor-invisible elementor-widget elementor-widget-heading\" data-id=\"5e3ae036\" data-element_type=\"widget\" data-e-type=\"widget\" data-settings=\"{&quot;_animation&quot;:&quot;fadeInUp&quot;}\" data-widget_type=\"heading.default\">\n\t\t\t\t\t<h1 class=\"elementor-heading-title elementor-size-default\">pakiranje od 8 L\n<\/h1>\t\t\t\t<\/div>\n\t\t\t\t<div class=\"elementor-element elementor-element-2d86544f elementor-invisible elementor-widget elementor-widget-heading\" data-id=\"2d86544f\" data-element_type=\"widget\" data-e-type=\"widget\" data-settings=\"{&quot;_animation&quot;:&quot;fadeInUp&quot;,&quot;_animation_delay&quot;:200}\" data-widget_type=\"heading.default\">\n\t\t\t\t\t<div class=\"elementor-heading-title elementor-size-default\">Zahvaljuju\u0107i inovativnim pakiranjima sladoleda i nekompromisnoj kvaliteti, postali smo globalni lider u svijetu sladoleda, osvojili brojna tr\u017ei\u0161ta i inspirirali mnoge ugostitelje da nude vrhunske gelato proizvode. \n Kome treba obi\u010dan sladoled kad mo\u017eete imati na\u0161, zar ne?<\/div>\t\t\t\t<\/div>\n\t\t\t\t\t<\/div>\n\t\t<\/div>\n\t\t\t\t\t<\/div>\n\t\t<\/section>\n\t\t\t\t\t<\/div>\n\t\t<\/div>\n\t\t\t\t\t<\/div>\n\t\t<\/section>\n\t\t\t\t<section class=\"elementor-section elementor-top-section elementor-element elementor-element-69bab647 elementor-section-boxed elementor-section-height-default elementor-section-height-default\" data-id=\"69bab647\" data-element_type=\"section\" data-e-type=\"section\">\n\t\t\t\t\t\t<div class=\"elementor-container elementor-column-gap-default\">\n\t\t\t\t\t<div class=\"elementor-column elementor-col-100 elementor-top-column elementor-element elementor-element-741058cd elementor-invisible\" data-id=\"741058cd\" data-element_type=\"column\" data-e-type=\"column\" data-settings=\"{&quot;animation&quot;:&quot;fadeIn&quot;,&quot;animation_delay&quot;:200}\">\n\t\t\t<div class=\"elementor-widget-wrap elementor-element-populated\">\n\t\t\t\t\t\t<section class=\"elementor-section elementor-inner-section elementor-element elementor-element-5748878 elementor-section-boxed elementor-section-height-default elementor-section-height-default\" data-id=\"5748878\" data-element_type=\"section\" data-e-type=\"section\">\n\t\t\t\t\t\t<div class=\"elementor-container elementor-column-gap-default\">\n\t\t\t\t\t<div class=\"elementor-column elementor-col-100 elementor-inner-column elementor-element elementor-element-48317a0d\" data-id=\"48317a0d\" data-element_type=\"column\" data-e-type=\"column\">\n\t\t\t<div class=\"elementor-widget-wrap elementor-element-populated\">\n\t\t\t\t\t\t<div class=\"elementor-element elementor-element-6e7bb091 elementor-widget elementor-widget-heading\" data-id=\"6e7bb091\" data-element_type=\"widget\" data-e-type=\"widget\" data-widget_type=\"heading.default\">\n\t\t\t\t\t<h3 class=\"elementor-heading-title elementor-size-default\">Opis proizvoda - \nOd zamrznute ideje do globalnog hita<br>Ugostiteljski sladoledi 8L<\/h3>\t\t\t\t<\/div>\n\t\t\t\t<div class=\"elementor-element elementor-element-71548143 elementor-widget elementor-widget-text-editor\" data-id=\"71548143\" data-element_type=\"widget\" data-e-type=\"widget\" data-widget_type=\"text-editor.default\">\n\t\t\t\t\t\t\t\t\t<p><strong>Pri\u010da o sladoledu koji je izvan svih okvira &#8211; HIGH ICE CREAM &#8211; Ugostiteljski sladoled 8L<\/strong><\/p>\n<p>Na\u0161a ugostiteljska pakiranja sladoleda su pravo malo inovacijsko \u010dudo! Pakiramo sladoled u jednokratne plasti\u010dne kadice, a te kadice smje\u0161tamo u inox kutije dimenzija 360 x 250 x V80, koje su standard na tr\u017ei\u0161tu (iako smo sigurno prvi koji su ih u\u010dinili tako <em>cool<\/em>).<\/p>\n<p>Za\u0161to je sladoled povi\u0161en iznad ruba kadice? Pa, jednostavno \u2013 jer \u017eelimo da bude atraktivan! Malo visine, malo stila, a i sjajno izgleda kad se malo &#8220;uspinje&#8221; iznad ruba. Da sve to pre\u017eivimo ne samo u izlogu, nego i na putu do vas, osmislili smo poseban 10 cm visok plasti\u010dni poklopac.<\/p>\n<p>A da stvar bude jo\u0161 bolja, ovo pakiranje je dizajnirano tako da se proizvodi mogu slagati jedan na drugi. Zna\u010di, nema vi\u0161e zbrke u skladi\u0161tu, sve je poslo\u017eeno kao slagalica. Uz na\u0161u ambala\u017eu, sladoled ne samo da \u0161to je ukusan, nego je i pravi profesionalac u skladi\u0161tenju i transportu!<\/p>\n<p><strong>Sladoled koji pomi\u010de granicu, a i cijenu : Pri\u010da o sladoledu bez kompromisa<\/strong><\/p>\n<p>U vrijeme kada su svi sladoledi bili ravni kao plo\u010de i dosadni kao dan bez sunca, mnogi su ugostitelji odlu\u010dili zgrabiti stvar u svoje ruke i po\u010deti proizvoditi vlastiti sladoled. I tako su po\u010deli dodavati malo za\u010dina, kreativnosti i vizije, \u0161to je naravno dovelo do ve\u0107e prodaje. S druge strane, veliki proizvo\u0111a\u010di sladoleda su i dalje \u017eivjeli u pro\u0161lom stolje\u0107u, kao da su u zamrznutom stanju \u2013 bez ma\u0161te, bez duha, bez i\u010dega osim&#8230; ravnih sladoleda.<\/p>\n<p>A mi? Mi smo rekli &#8220;dosta!&#8221; Prosje\u010dnost nije na\u0161 stil! Imali smo viziju \u2013 napraviti najbolji sladoled na tr\u017ei\u0161tu, onaj koji \u0107e biti ljep\u0161i, ukusniji i, naravno, originalniji od svih drugih. Na\u0161a misija bila je stvoriti <a href=\"https:\/\/www.instagram.com\/p\/C56qWThMazO\/\">ugostiteljska pakiranja<\/a> koja \u0107e izgledati bolje \u010dak i od onih sladoleda koje su sami ugostitelji radili u svojim objektima. I tako je krenuo na\u0161 put, prema sladolednoj revoluciji!<\/p>\n<p>Od ideje do gotovog proizvoda nije bio \u0161etnja po sladolednom parku \u2013 bilo je to kao vo\u017enja na toboganu punom uspona i padova! Iako smo krenuli gotovo ispo\u010detka, nismo odustali. Sre\u0107om, uz pomo\u0107 HAMAG-BICRO-a dobili smo potrebnu tehnologiju koja je osmi\u0161ljena ba\u0161 za na\u0161e projekte. I onda je do\u0161ao trenutak istine: uz novu tehnologiju stvorili smo najsvje\u017eiji, najljep\u0161i i najinovativniji gelato proizvod na hrvatskom tr\u017ei\u0161tu!<\/p>\n<p>I tu nije stao na\u0161 uspjeh. Da bismo olak\u0161ali \u017eivot na\u0161im kupcima, prilagodili smo cijenu proizvoda. Rezultat? HIGH ICE CREAM, na\u0161a nova ugostiteljska pakiranja od 8L sada su jeftinija od same proizvodnje sladoleda od smjesa. Da, dobro ste \u010duli \u2013 vi\u0161e ne morate mije\u0161ati smjesu, samo odaberete na\u0161e pakiranje i u\u017eivate u sladoledu!<\/p>\n<p>Na\u0161a ugostiteljska pakiranja sladoleda? Pa, postala su prave zvijezde! Ne samo da su postala na\u0161 najprodavaniji proizvod, ve\u0107 su nas katapultirala u svemir poslovnog uspjeha. Na\u0161i partneri prepoznali su pravu vrijednost i danas s na\u0161im pakiranjima vode najuspje\u0161nije slasti\u010darnice u Hrvatskoj.<\/p>\n<p>&nbsp;A kad ka\u017eemo da su na\u0161a sladoledna pakiranja jedinstvena \u2013 u prilog tome govori i \u010dinjenica da su se po\u010deli javljati kupci iz cijelog svijeta. Na\u0161 je gelato sada prisutan u pet dr\u017eava, a brojke rastu! Mo\u017eemo re\u0107i da smo prakti\u010dki &#8220;globalni lideri u svijetu sladoleda&#8221;, ali tko bi se hvalio, mi samo hladno radimo na novim projektima!<\/p>\n<p>Nakon \u0161to su na\u0161i 8L sladoledni paketi postali pravi hit, pomislili smo: &#8220;Za\u0161to stati na tome kad mo\u017eemo napraviti jo\u0161 bolje?&#8221; I tako smo, nekoliko godina kasnije, odlu\u010dili podi\u0107i ljestvicu i stvoriti ICE CREAM CAKE, sladoled u pakiranjima od 5L \u2013 i to u istoj ambala\u017ei, ali s jo\u0161 jednostavnijim, ravnim poklopcem (da, manje drame pri otvaranju!).<\/p>\n<p>Ali nije tu kraj! Na\u0161a misija bila je jasna \u2013 nabaviti najbolje sirovine iz svih krajeva svijeta i staviti ih u na\u0161 gelato, zajedno s onim slasnim dodacima i umacima koji \u0107e vas ostaviti bez daha. I tako je nastao na\u0161 premium sladoled, koji je, naravno, morao biti malo skuplji \u2013 &nbsp;svaki okus ima razli\u010ditu cijenu. Na\u0161 sladoled sada nije samo ukusan, on je prava mala luksuzna poslastica!<\/p>\n<p>U 2019. godini, na\u0161e novo pakiranje ugostiteljskog sladoleda od 5L postalo je pravi hit \u2013 prodaja je prema\u0161ila \u010dak i onu od 8L pakiranja! To nam je bio jasan signal: tr\u017ei\u0161te tra\u017ei kvalitetu bez kompromisa! Nismo mogli to ignorirati, pa smo shvatili da su na\u0161i kupci spremni platiti za vrhunski sladoled. Prije smo imali plan da sva 8L pakiranja imaju istu cijenu, ali smo zbog toga morali &#8220;popustiti&#8221; kod nekih okusa kako bismo ostali u cjenovnom okviru. Sada, me\u0111utim, nije bilo vi\u0161e mjesta za kompromise \u2013 kvaliteta je bila na prvom mjestu, a cijena je i\u0161la za njom!<\/p>\n<p>U 2020. godini odlu\u010dili smo napraviti korak izvan svih okvira (i to doslovno) i predstaviti HIGH ICE CREAM, potpuno nova 8L pakiranja, koja su kao stvorena za one koji ne prihva\u0107aju kompromis! Uzmemo ICE CREAM CAKE &#8211; 5L pakiranje kao inspiraciju, dodamo malo ma\u0161tovitosti, i voil\u00e0 \u2013 dobijemo sladolednu revoluciju! Shvatili smo da tr\u017ei\u0161te tra\u017ei kvalitetu i ni\u0161ta manje od toga, pa smo stvorili premium liniju koja sad vlada tr\u017ei\u0161tem. Svaki okus je specijalitet, a svaka cijena ima svoju vrijednost \u2013 jer sladoled bez kompromisa zaslu\u017euje svoju cijenu!<\/p>\n<p>Na\u0161i partneri? Pa, njih su ve\u0107 ocijenili kao objekte sa sladoledima koji su najbolji na tr\u017ei\u0161tu. Ne mo\u017eemo biti ponosniji! I dok gledamo u budu\u0107nost s osmijehom u\u017eivaju\u0107i u nekoliko kugli sladoleda, veselo i\u0161\u010dekujemo \u0161to nas sve \u010deka.<\/p>\n<p>Za vi\u0161e informacija i mo\u017eda pokoji trik o sladoledu, svratite na na\u0161 <span style=\"text-decoration: underline;\"><em><strong><a href=\"https:\/\/www.portal.premis.hr\/\">portal<\/a><\/strong><\/em><\/span>!<\/p>\t\t\t\t\t\t\t\t<\/div>\n\t\t\t\t\t<\/div>\n\t\t<\/div>\n\t\t\t\t\t<\/div>\n\t\t<\/section>\n\t\t\t\t\t<\/div>\n\t\t<\/div>\n\t\t\t\t\t<\/div>\n\t\t<\/section>\n\t\t\t\t<\/div>\n\t\t","protected":false},"excerpt":{"rendered":"<p>Ugostiteljski sladoled pakiranje od 8 L Zahvaljuju\u0107i inovativnim pakiranjima sladoleda i nekompromisnoj kvaliteti, postali smo globalni lider u svijetu sladoleda, osvojili brojna tr\u017ei\u0161ta i inspirirali mnoge ugostitelje da nude vrhunske gelato proizvode. Kome treba obi\u010dan sladoled kad mo\u017eete imati na\u0161, zar ne? Opis proizvoda &#8211; Od zamrznute ideje do globalnog hitaUgostiteljski sladoledi 8L Pri\u010da o [&hellip;]<\/p>\n","protected":false},"author":1,"featured_media":0,"parent":0,"menu_order":0,"comment_status":"closed","ping_status":"closed","template":"elementor_header_footer","meta":{"footnotes":""},"class_list":["post-154","page","type-page","status-publish","hentry"],"_links":{"self":[{"href":"https:\/\/premis.hr\/index.php\/wp-json\/wp\/v2\/pages\/154","targetHints":{"allow":["GET"]}}],"collection":[{"href":"https:\/\/premis.hr\/index.php\/wp-json\/wp\/v2\/pages"}],"about":[{"href":"https:\/\/premis.hr\/index.php\/wp-json\/wp\/v2\/types\/page"}],"author":[{"embeddable":true,"href":"https:\/\/premis.hr\/index.php\/wp-json\/wp\/v2\/users\/1"}],"replies":[{"embeddable":true,"href":"https:\/\/premis.hr\/index.php\/wp-json\/wp\/v2\/comments?post=154"}],"version-history":[{"count":63,"href":"https:\/\/premis.hr\/index.php\/wp-json\/wp\/v2\/pages\/154\/revisions"}],"predecessor-version":[{"id":2896,"href":"https:\/\/premis.hr\/index.php\/wp-json\/wp\/v2\/pages\/154\/revisions\/2896"}],"wp:attachment":[{"href":"https:\/\/premis.hr\/index.php\/wp-json\/wp\/v2\/media?parent=154"}],"curies":[{"name":"wp","href":"https:\/\/api.w.org\/{rel}","templated":true}]}}