{"id":123,"date":"2024-11-12T14:03:10","date_gmt":"2024-11-12T14:03:10","guid":{"rendered":"https:\/\/premis.hr\/2025\/?page_id=123"},"modified":"2025-02-16T11:13:03","modified_gmt":"2025-02-16T11:13:03","slug":"ugostiteljski-sladoledi-5l","status":"publish","type":"page","link":"https:\/\/premis.hr\/index.php\/ugostiteljski-sladoledi-5l\/","title":{"rendered":"Ugostiteljski sladoledi 5L"},"content":{"rendered":"\t\t<div data-elementor-type=\"wp-page\" data-elementor-id=\"123\" class=\"elementor elementor-123\" data-elementor-post-type=\"page\">\n\t\t\t\t\t\t<section class=\"elementor-section elementor-top-section elementor-element elementor-element-50a33452 elementor-section-boxed elementor-section-height-default elementor-section-height-default\" data-id=\"50a33452\" data-element_type=\"section\" data-e-type=\"section\" data-settings=\"{&quot;background_background&quot;:&quot;gradient&quot;,&quot;shape_divider_bottom&quot;:&quot;waves-pattern&quot;}\">\n\t\t\t\t\t\t\t<div class=\"elementor-background-overlay\"><\/div>\n\t\t\t\t\t\t<div class=\"elementor-shape elementor-shape-bottom\" aria-hidden=\"true\" data-negative=\"false\">\n\t\t\t<svg xmlns=\"http:\/\/www.w3.org\/2000\/svg\" viewBox=\"0 0 1047.1 3.7\" preserveAspectRatio=\"xMidYMin slice\">\n\t<path class=\"elementor-shape-fill\" d=\"M1047.1,0C557,0,8.9,0,0,0v1.6c0,0,0.6-1.5,2.7-0.3C3.9,2,6.1,4.1,8.3,3.5c0.9-0.2,1.5-1.9,1.5-1.9\ts0.6-1.5,2.7-0.3C13.8,2,16,4.1,18.2,3.5c0.9-0.2,1.5-1.9,1.5-1.9s0.6-1.5,2.7-0.3C23.6,2,25.9,4.1,28,3.5c0.9-0.2,1.5-1.9,1.5-1.9\tc0,0,0.6-1.5,2.7-0.3c1.2,0.7,3.5,2.8,5.6,2.2c0.9-0.2,1.5-1.9,1.5-1.9c0,0,0.6-1.5,2.7-0.3c1.2,0.7,3.5,2.8,5.6,2.2\tc0.9-0.2,1.5-1.9,1.5-1.9s0.6-1.5,2.7-0.3c1.2,0.7,3.5,2.8,5.6,2.2c0.9-0.2,1.5-1.9,1.5-1.9s0.6-1.5,2.7-0.3C63,2,65.3,4.1,67.4,3.5\tC68.3,3.3,69,1.6,69,1.6s0.6-1.5,2.7-0.3c1.2,0.7,3.5,2.8,5.6,2.2c0.9-0.2,1.5-1.9,1.5-1.9c0,0,0.6-1.5,2.7-0.3\tC82.7,2,85,4.1,87.1,3.5c0.9-0.2,1.5-1.9,1.5-1.9s0.6-1.5,2.7-0.3C92.6,2,94.8,4.1,97,3.5c0.9-0.2,1.5-1.9,1.5-1.9s0.6-1.5,2.7-0.3\tc1.2,0.7,3.5,2.8,5.6,2.2c0.9-0.2,1.5-1.9,1.5-1.9s0.6-1.5,2.7-0.3c1.2,0.7,3.5,2.8,5.6,2.2c0.9-0.2,1.5-1.9,1.5-1.9\tc0,0,0.6-1.5,2.7-0.3c1.2,0.7,3.5,2.8,5.6,2.2c0.9-0.2,1.5-1.9,1.5-1.9c0,0,0.6-1.5,2.7-0.3c1.2,0.7,3.5,2.8,5.6,2.2\tc0.9-0.2,1.5-1.9,1.5-1.9s0.6-1.5,2.7-0.3c1.2,0.7,3.5,2.8,5.6,2.2c0.9-0.2,1.5-1.9,1.5-1.9s0.6-1.5,2.7-0.3\tc1.2,0.7,3.5,2.8,5.6,2.2c0.9-0.2,1.5-1.9,1.5-1.9s0.6-1.5,2.7-0.3c1.2,0.7,3.5,2.8,5.6,2.2c0.9-0.2,1.5-1.9,1.5-1.9\tc0,0,0.6-1.5,2.7-0.3c1.2,0.7,3.5,2.8,5.6,2.2c0.9-0.2,1.5-1.9,1.5-1.9s0.6-1.5,2.7-0.3c1.2,0.7,3.5,2.8,5.6,2.2\tc0.9-0.2,1.5-1.9,1.5-1.9s0.6-1.5,2.7-0.3c1.2,0.7,3.5,2.8,5.6,2.2c0.9-0.2,1.5-1.9,1.5-1.9s0.6-1.5,2.7-0.3\tc1.2,0.7,3.5,2.8,5.6,2.2c0.9-0.2,1.5-1.9,1.5-1.9c0,0,0.6-1.5,2.7-0.3c1.2,0.7,3.5,2.8,5.6,2.2c0.9-0.2,1.5-1.9,1.5-1.9\tc0,0,0.6-1.5,2.7-0.3c1.2,0.7,3.5,2.8,5.6,2.2c0.9-0.2,1.5-1.9,1.5-1.9s0.6-1.5,2.7-0.3c1.2,0.7,3.5,2.8,5.6,2.2\tc0.9-0.2,1.5-1.9,1.5-1.9s0.6-1.5,2.7-0.3c1.2,0.7,3.5,2.8,5.6,2.2c0.9-0.2,1.5-1.9,1.5-1.9s0.6-1.5,2.7-0.3\tc1.2,0.7,3.5,2.8,5.6,2.2c0.9-0.2,1.5-1.9,1.5-1.9c0,0,0.6-1.5,2.7-0.3c1.2,0.7,3.5,2.8,5.6,2.2c0.9-0.2,1.5-1.9,1.5-1.9\ts0.6-1.5,2.7-0.3c1.2,0.7,3.5,2.8,5.6,2.2c0.9-0.2,1.5-1.9,1.5-1.9s0.6-1.5,2.7-0.3c1.2,0.7,3.5,2.8,5.6,2.2\tc0.9-0.2,1.5-1.9,1.5-1.9s0.6-1.5,2.7-0.3c1.2,0.7,3.5,2.8,5.6,2.2c0.9-0.2,1.5-1.9,1.5-1.9c0,0,0.6-1.5,2.7-0.3\tc1.2,0.7,3.5,2.8,5.6,2.2c0.9-0.2,1.5-1.9,1.5-1.9c0,0,0.6-1.5,2.7-0.3c1.2,0.7,3.5,2.8,5.6,2.2c0.9-0.2,1.5-1.9,1.5-1.9\ts0.6-1.5,2.7-0.3c1.2,0.7,3.5,2.8,5.6,2.2c0.9-0.2,1.5-1.9,1.5-1.9s0.6-1.5,2.7-0.3c1.2,0.7,3.5,2.8,5.6,2.2\tc0.9-0.2,1.5-1.9,1.5-1.9s0.6-1.5,2.7-0.3c1.2,0.7,3.5,2.8,5.6,2.2c0.9-0.2,1.5-1.9,1.5-1.9c0,0,0.6-1.5,2.7-0.3\tc1.2,0.7,3.5,2.8,5.6,2.2c0.9-0.2,1.5-1.9,1.5-1.9s0.6-1.5,2.7-0.3c1.2,0.7,3.5,2.8,5.6,2.2c0.9-0.2,1.5-1.9,1.5-1.9\ts0.6-1.5,2.7-0.3c1.2,0.7,3.5,2.8,5.6,2.2c0.9-0.2,1.5-1.9,1.5-1.9s0.6-1.5,2.7-0.3c1.2,0.7,3.5,2.8,5.6,2.2\tc0.9-0.2,1.5-1.9,1.5-1.9c0,0,0.6-1.5,2.7-0.3c1.2,0.7,3.5,2.8,5.6,2.2c0.9-0.2,1.5-1.9,1.5-1.9c0,0,0.6-1.5,2.7-0.3\tc1.2,0.7,3.5,2.8,5.6,2.2c0.9-0.2,1.5-1.9,1.5-1.9s0.6-1.5,2.7-0.3c1.2,0.7,3.5,2.8,5.6,2.2c0.9-0.2,1.5-1.9,1.5-1.9\ts0.6-1.5,2.7-0.3c1.2,0.7,3.5,2.8,5.6,2.2c0.9-0.2,1.5-1.9,1.5-1.9s0.6-1.5,2.7-0.3c1.2,0.7,3.5,2.8,5.6,2.2\tc0.9-0.2,1.5-1.9,1.5-1.9c0,0,0.6-1.5,2.7-0.3c1.2,0.7,3.5,2.8,5.6,2.2c0.9-0.2,1.5-1.9,1.5-1.9s0.6-1.5,2.7-0.3\tc1.2,0.7,3.5,2.8,5.6,2.2c0.9-0.2,1.5-1.9,1.5-1.9s0.6-1.5,2.7-0.3c1.2,0.7,3.5,2.8,5.6,2.2c0.9-0.2,1.5-1.9,1.5-1.9\ts0.6-1.5,2.7-0.3c1.2,0.7,3.5,2.8,5.6,2.2c0.9-0.2,1.5-1.9,1.5-1.9c0,0,0.6-1.5,2.7-0.3c1.2,0.7,3.5,2.8,5.6,2.2\tc0.9-0.2,1.5-1.9,1.5-1.9c0,0,0.6-1.5,2.7-0.3c1.2,0.7,3.5,2.8,5.6,2.2c0.9-0.2,1.5-1.9,1.5-1.9s0.6-1.5,2.7-0.3\tc1.2,0.7,3.5,2.8,5.6,2.2c0.9-0.2,1.5-1.9,1.5-1.9s0.6-1.5,2.7-0.3c1.2,0.7,3.5,2.8,5.6,2.2c0.9-0.2,1.5-1.9,1.5-1.9\ts0.6-1.5,2.7-0.3c1.2,0.7,3.5,2.8,5.6,2.2c0.9-0.2,1.5-1.9,1.5-1.9c0,0,0.6-1.5,2.7-0.3c1.2,0.7,3.5,2.8,5.6,2.2\tc0.9-0.2,1.5-1.9,1.5-1.9s0.6-1.5,2.7-0.3c1.2,0.7,3.5,2.8,5.6,2.2c0.9-0.2,1.5-1.9,1.5-1.9s0.6-1.5,2.7-0.3\tc1.2,0.7,3.5,2.8,5.6,2.2c0.9-0.2,1.5-1.9,1.5-1.9s0.6-1.5,2.7-0.3c1.2,0.7,3.5,2.8,5.6,2.2c0.9-0.2,1.5-1.9,1.5-1.9\tc0,0,0.6-1.5,2.7-0.3c1.2,0.7,3.5,2.8,5.6,2.2c0.9-0.2,1.5-1.9,1.5-1.9c0,0,0.6-1.5,2.7-0.3c1.2,0.7,3.5,2.8,5.6,2.2\tc0.9-0.2,1.5-1.9,1.5-1.9s0.6-1.5,2.7-0.3c1.2,0.7,3.5,2.8,5.6,2.2c0.9-0.2,1.5-1.9,1.5-1.9s0.6-1.5,2.7-0.3\tc1.2,0.7,3.5,2.8,5.6,2.2c0.9-0.2,1.5-1.9,1.5-1.9s0.6-1.5,2.7-0.3c1.2,0.7,3.5,2.8,5.6,2.2c0.9-0.2,1.5-1.9,1.5-1.9\tc0,0,0.6-1.5,2.7-0.3c1.2,0.7,3.5,2.8,5.6,2.2c0.9-0.2,1.5-1.9,1.5-1.9s0.6-1.5,2.7-0.3c1.2,0.7,3.5,2.8,5.6,2.2\tc0.9-0.2,1.5-1.9,1.5-1.9s0.6-1.5,2.7-0.3c1.2,0.7,3.5,2.8,5.6,2.2c0.9-0.2,1.5-1.9,1.5-1.9s0.6-1.5,2.7-0.3\tc1.2,0.7,3.5,2.8,5.6,2.2c0.9-0.2,1.5-1.9,1.5-1.9c0,0,0.6-1.5,2.7-0.3c1.2,0.7,3.5,2.8,5.6,2.2c0.9-0.2,1.5-1.9,1.5-1.9\tc0,0,0.6-1.5,2.7-0.3c1.2,0.7,3.5,2.8,5.6,2.2c0.9-0.2,1.5-1.9,1.5-1.9s0.6-1.5,2.7-0.3c1.2,0.7,3.5,2.8,5.6,2.2\tc0.9-0.2,1.5-1.9,1.5-1.9s0.6-1.5,2.7-0.3c1.2,0.7,3.5,2.8,5.6,2.2c0.9-0.2,1.5-1.9,1.5-1.9s0.6-1.5,2.7-0.3\tc1.2,0.7,3.5,2.8,5.6,2.2c0.9-0.2,1.5-1.9,1.5-1.9c0,0,0.6-1.5,2.7-0.3c1.2,0.7,3.5,2.8,5.6,2.2c0.9-0.2,1.5-1.9,1.5-1.9\ts0.6-1.5,2.7-0.3c1.2,0.7,3.5,2.8,5.6,2.2c0.9-0.2,1.5-1.9,1.5-1.9s0.6-1.5,2.7-0.3c1.2,0.7,3.5,2.8,5.6,2.2\tc0.9-0.2,1.5-1.9,1.5-1.9s0.6-1.5,2.7-0.3c1.2,0.7,3.5,2.8,5.6,2.2c0.9-0.2,1.5-1.9,1.5-1.9c0,0,0.6-1.5,2.7-0.3\tc1.2,0.7,3.5,2.8,5.6,2.2c0.9-0.2,1.5-1.9,1.5-1.9c0,0,0.6-1.5,2.7-0.3c1.2,0.7,3.5,2.8,5.6,2.2c0.9-0.2,1.5-1.9,1.5-1.9\ts0.6-1.5,2.7-0.3c1.2,0.7,3.5,2.8,5.6,2.2c0.9-0.2,1.5-1.9,1.5-1.9s0.6-1.5,2.7-0.3c1.2,0.7,3.5,2.8,5.6,2.2\tc0.9-0.2,1.5-1.9,1.5-1.9s0.6-1.5,2.7-0.3c1.2,0.7,3.5,2.8,5.6,2.2c0.9-0.2,1.5-1.9,1.5-1.9c0,0,0.6-1.5,2.7-0.3\tc1.2,0.7,3.5,2.8,5.6,2.2c0.9-0.2,1.5-1.9,1.5-1.9s0.6-1.5,2.7-0.3c1.2,0.7,3.5,2.8,5.6,2.2c0.9-0.2,1.5-1.9,1.5-1.9\ts0.6-1.5,2.7-0.3c1.2,0.7,3.5,2.8,5.6,2.2c0.9-0.2,1.5-1.9,1.5-1.9s0.6-1.5,2.7-0.3c1.2,0.7,3.5,2.8,5.6,2.2\tc0.9-0.2,1.5-1.9,1.5-1.9c0,0,0.6-1.5,2.7-0.3c1.2,0.7,3.5,2.8,5.6,2.2c0.9-0.2,1.5-1.9,1.5-1.9c0,0,0.6-1.5,2.7-0.3\tc1.2,0.7,3.5,2.8,5.6,2.2c0.9-0.2,1.5-1.9,1.5-1.9s0.6-1.5,2.7-0.3c1.2,0.7,3.5,2.8,5.6,2.2c0.9-0.2,1.5-1.9,1.5-1.9\ts0.6-1.5,2.7-0.3c1.2,0.7,3.5,2.8,5.6,2.2c0.9-0.2,1.5-1.9,1.5-1.9s0.6-1.5,2.7-0.3c1.2,0.7,3.5,2.8,5.6,2.2\tc0.9-0.2,1.5-1.9,1.5-1.9c0,0,0.6-1.5,2.7-0.3c1.2,0.7,3.5,2.8,5.6,2.2c0.9-0.2,1.5-1.9,1.5-1.9s0.6-1.5,2.7-0.3\tc1.2,0.7,3.5,2.8,5.6,2.2c0.9-0.2,1.5-1.9,1.5-1.9s0.6-1.5,2.7-0.3c1.2,0.7,3.5,2.8,5.6,2.2c0.9-0.2,1.5-1.9,1.5-1.9\ts0.6-1.5,2.7-0.3c1.2,0.7,3.5,2.8,5.6,2.2c0.9-0.2,1.5-1.9,1.5-1.9c0,0,0.6-1.5,2.7-0.3c1.2,0.7,3.5,2.8,5.6,2.2\tc0.9-0.2,1.5-1.9,1.5-1.9c0,0,0.6-1.5,2.7-0.3c1.2,0.7,3.5,2.8,5.6,2.2c0.9-0.2,1.5-1.9,1.5-1.9s0.6-1.5,2.7-0.3\tc1.2,0.7,3.5,2.8,5.6,2.2c0.9-0.2,1.5-1.9,1.5-1.9s0.6-1.5,2.7-0.3c1.2,0.7,3.5,2.8,5.6,2.2c0.9-0.2,1.5-1.9,1.5-1.9\ts0.6-1.5,2.7-0.3c1.2,0.7,3.5,2.8,5.6,2.2c0.9-0.2,1.5-1.9,1.5-1.9c0,0,0.6-1.5,2.7-0.3c1.2,0.7,3.5,2.8,5.6,2.2\tc0.9-0.2,1.5-1.9,1.5-1.9s0.6-1.5,2.7-0.3c1.2,0.7,3.5,2.8,5.6,2.2c0.9-0.2,1.5-1.9,1.5-1.9s0.6-1.5,2.7-0.3\tc1.2,0.7,3.5,2.8,5.6,2.2c0.9-0.2,1.5-1.9,1.5-1.9s0.6-1.5,2.7-0.3c1.2,0.7,3.5,2.8,5.6,2.2c0.9-0.2,1.5-1.9,1.5-1.9\tc0,0,0.6-1.5,2.7-0.3c1.2,0.7,3.5,2.8,5.6,2.2c0.9-0.2,1.5-1.9,1.5-1.9c0,0,0.6-1.5,2.7-0.3c1.2,0.7,3.5,2.8,5.6,2.2\tc0.9-0.2,1.5-1.9,1.5-1.9s0.6-1.5,2.7-0.3c1.2,0.7,3.5,2.8,5.6,2.2c0.9-0.2,1.5-1.9,1.5-1.9s0.6-1.5,2.7-0.3\tc1.2,0.7,3.5,2.8,5.6,2.2c0.9-0.2,1.5-1.9,1.5-1.9s0.6-1.5,2.6-0.4V0z M2.5,1.2C2.5,1.2,2.5,1.2,2.5,1.2C2.5,1.2,2.5,1.2,2.5,1.2z M2.7,1.4c0.1,0,0.1,0.1,0.1,0.1C2.8,1.4,2.8,1.4,2.7,1.4z\"\/>\n<\/svg>\t\t<\/div>\n\t\t\t\t\t<div class=\"elementor-container elementor-column-gap-default\">\n\t\t\t\t\t<div class=\"elementor-column elementor-col-100 elementor-top-column elementor-element elementor-element-51eeda1f\" data-id=\"51eeda1f\" data-element_type=\"column\" data-e-type=\"column\">\n\t\t\t<div class=\"elementor-widget-wrap elementor-element-populated\">\n\t\t\t\t\t\t<section class=\"elementor-section elementor-inner-section elementor-element elementor-element-45f68e26 elementor-section-content-middle elementor-section-boxed elementor-section-height-default elementor-section-height-default\" data-id=\"45f68e26\" data-element_type=\"section\" data-e-type=\"section\">\n\t\t\t\t\t\t<div class=\"elementor-container elementor-column-gap-default\">\n\t\t\t\t\t<div class=\"elementor-column elementor-col-50 elementor-inner-column elementor-element elementor-element-10e1acbf elementor-invisible\" data-id=\"10e1acbf\" data-element_type=\"column\" data-e-type=\"column\" data-settings=\"{&quot;animation&quot;:&quot;bounceIn&quot;}\">\n\t\t\t<div class=\"elementor-widget-wrap elementor-element-populated\">\n\t\t\t\t\t\t<div class=\"elementor-element elementor-element-570d3c23 elementor-widget elementor-widget-image\" data-id=\"570d3c23\" data-element_type=\"widget\" data-e-type=\"widget\" data-widget_type=\"image.default\">\n\t\t\t\t\t\t\t\t\t\t\t\t\t\t\t<img fetchpriority=\"high\" decoding=\"async\" width=\"617\" height=\"600\" src=\"https:\/\/premis.hr\/wp-content\/uploads\/2024\/11\/5L-WEB.png\" class=\"attachment-full size-full wp-image-1443\" alt=\"Kadica Premium Gelata od 5 Litara (Decorated 5 liter Premium Gelato tub)\" srcset=\"https:\/\/premis.hr\/wp-content\/uploads\/2024\/11\/5L-WEB.png 617w, https:\/\/premis.hr\/wp-content\/uploads\/2024\/11\/5L-WEB-300x292.png 300w\" sizes=\"(max-width: 617px) 100vw, 617px\" \/>\t\t\t\t\t\t\t\t\t\t\t\t\t\t\t<\/div>\n\t\t\t\t\t<\/div>\n\t\t<\/div>\n\t\t\t\t<div class=\"elementor-column elementor-col-50 elementor-inner-column elementor-element elementor-element-74b5a7c elementor-invisible\" data-id=\"74b5a7c\" data-element_type=\"column\" data-e-type=\"column\" data-settings=\"{&quot;animation&quot;:&quot;fadeInRight&quot;}\">\n\t\t\t<div class=\"elementor-widget-wrap elementor-element-populated\">\n\t\t\t\t\t\t<div class=\"elementor-element elementor-element-4cf3799b elementor-widget elementor-widget-heading\" data-id=\"4cf3799b\" data-element_type=\"widget\" data-e-type=\"widget\" data-widget_type=\"heading.default\">\n\t\t\t\t\t<h6 class=\"elementor-heading-title elementor-size-default\">Ugostiteljski sladoled<\/h6>\t\t\t\t<\/div>\n\t\t\t\t<div class=\"elementor-element elementor-element-591c08e8 elementor-invisible elementor-widget elementor-widget-heading\" data-id=\"591c08e8\" data-element_type=\"widget\" data-e-type=\"widget\" data-settings=\"{&quot;_animation&quot;:&quot;fadeInUp&quot;}\" data-widget_type=\"heading.default\">\n\t\t\t\t\t<h1 class=\"elementor-heading-title elementor-size-default\">pakiranje od 5 L<\/h1>\t\t\t\t<\/div>\n\t\t\t\t<div class=\"elementor-element elementor-element-7b5a055 elementor-invisible elementor-widget elementor-widget-heading\" data-id=\"7b5a055\" data-element_type=\"widget\" data-e-type=\"widget\" data-settings=\"{&quot;_animation&quot;:&quot;fadeInUp&quot;,&quot;_animation_delay&quot;:200}\" data-widget_type=\"heading.default\">\n\t\t\t\t\t<div class=\"elementor-heading-title elementor-size-default\">Svjetski hit iz na\u0161e kuhinje: ICE CREAM CAKE! 5-litarski sladoled o kojem svi pri\u010daju!<\/div>\t\t\t\t<\/div>\n\t\t\t\t\t<\/div>\n\t\t<\/div>\n\t\t\t\t\t<\/div>\n\t\t<\/section>\n\t\t\t\t\t<\/div>\n\t\t<\/div>\n\t\t\t\t\t<\/div>\n\t\t<\/section>\n\t\t\t\t<section class=\"elementor-section elementor-top-section elementor-element elementor-element-6eab16c6 elementor-section-boxed elementor-section-height-default elementor-section-height-default\" data-id=\"6eab16c6\" data-element_type=\"section\" data-e-type=\"section\">\n\t\t\t\t\t\t<div class=\"elementor-container elementor-column-gap-default\">\n\t\t\t\t\t<div class=\"elementor-column elementor-col-100 elementor-top-column elementor-element elementor-element-229d1911 elementor-invisible\" data-id=\"229d1911\" data-element_type=\"column\" data-e-type=\"column\" data-settings=\"{&quot;animation&quot;:&quot;fadeIn&quot;,&quot;animation_delay&quot;:200}\">\n\t\t\t<div class=\"elementor-widget-wrap elementor-element-populated\">\n\t\t\t\t\t\t<section class=\"elementor-section elementor-inner-section elementor-element elementor-element-94e274a elementor-section-boxed elementor-section-height-default elementor-section-height-default\" data-id=\"94e274a\" data-element_type=\"section\" data-e-type=\"section\">\n\t\t\t\t\t\t<div class=\"elementor-container elementor-column-gap-default\">\n\t\t\t\t\t<div class=\"elementor-column elementor-col-100 elementor-inner-column elementor-element elementor-element-44eb743b\" data-id=\"44eb743b\" data-element_type=\"column\" data-e-type=\"column\">\n\t\t\t<div class=\"elementor-widget-wrap elementor-element-populated\">\n\t\t\t\t\t\t<div class=\"elementor-element elementor-element-5fe6c7d4 elementor-widget elementor-widget-heading\" data-id=\"5fe6c7d4\" data-element_type=\"widget\" data-e-type=\"widget\" data-widget_type=\"heading.default\">\n\t\t\t\t\t<h3 class=\"elementor-heading-title elementor-size-default\">Opis proizvoda - ICE CREAM CAKE - 5 litara vrhunske slastice<\/h3>\t\t\t\t<\/div>\n\t\t\t\t<div class=\"elementor-element elementor-element-694c5449 elementor-widget elementor-widget-text-editor\" data-id=\"694c5449\" data-element_type=\"widget\" data-e-type=\"widget\" data-widget_type=\"text-editor.default\">\n\t\t\t\t\t\t\t\t\t<p><strong>Pri\u010da o na\u0161em najve\u0107em uspjehu &#8211; ICE CREAM CAKE &#8211; 5-litarskom sladoledu premium kvalitete<\/strong><\/p><p>Kad smo na tada pospano tr\u017ei\u0161te lansirali HIGH ICECREAM &#8211; na\u0161a legendarna pakiranja sladoleda od 8 litara, znali smo da vi\u0161e ni\u0161ta ne\u0107e biti isto \u2013 promijenili smo pravila igre!\u00a0 Kako to obi\u010dno biva, kad igra postane previ\u0161e predvidljiva, vrijeme je za novu rundu inovacija. Bilo je to izazovno, jer su i drugi proizvo\u0111a\u010di ubrzo iskopirali na\u0161e jumbo porcije, a mi smo svoje gelato proizvode doveli do gotovo mitskog savr\u0161enstva. No, nije bilo vremena za opu\u0161tanje \u2013 vrijeme je bilo za revoluciju. Postali smo inspiracija, ali i meta. No, mi smo uvijek korak ispred konkurencije, spremni na nove sladoledne izazove.\u00a0<\/p><p><strong>Sladoledna inspiracija: Od sajamske novosti do doma\u0107eg izazova<\/strong><\/p><p>Na svjetskim sajmovima nai\u0161li smo na nevjerojatnu stvar: \u0161iroka pakiranja sladoleda s debelim slojem \u010dokolade ili umaka, predstavljena kao <em>premium<\/em> proizvodi za male slasti\u010dare. Naravno, ta nas je ideja odmah oborila s nogu! Ipak, brzo smo shvatili da ta \u010dokoladna \u010duda nije lako ubaciti u ve\u0107i obujam proizvodnje, jer su rezervirana za one koji rade u malim serijama i s beskona\u010dnim strpljenjem. I tako, dok smo promi\u0161ljali \u0161to i kako dalje, bilo je jasno da \u0107e ovakvi gelato proizvodi uskoro osvanuti i kod nas, a mali slasti\u010dari pretvoriti se u pravu konkurenciju. Trebalo je reagirati.<\/p><p><strong>Revolucija u svijetu sladoleda: ICE CREAM CAKE! Prva na svijetu s 5L pakiranjem!<\/strong><\/p><p>Ubrzo smo krenuli u projektiranje novih tehnologija koje su nam posebno prilago\u0111ene \u2013 sve s ciljem da optimiziramo proizvodnju sladoleda i prilagodimo je na\u0161oj ambicioznoj viziji. Uz podr\u0161ku EU fondova i HAMAG-BIKRO-a, uspjeli smo pretvoriti na\u0161u viziju u stvarnost i nabaviti te nove tehnologije kako bi plasirali ne\u0161to nevjerojatno: ICE CREAM CAKE! PRVA ugostiteljska pakiranja sladoleda od 5 litara na svjetskom tr\u017ei\u0161tu! Da, dobro ste pro\u010ditali \u2013 prva na svijetu. Izmislili smo sladolednu lavinu u kutiji, dovoljno veliku da rashladi cijelu obitelj!\u00a0<\/p><p><strong>Kvaliteta bez kompromisa, u prakti\u010dnom pakiranju &#8211; Sladoled koji je postavio nove standarde!<\/strong><\/p><p>Na\u0161a 5-litarska pakiranja dolaze u jednokratnim plasti\u010dnim kadicama koje se savr\u0161eno uklapaju u standardne inox kadice 360x250xV80, omiljene kod ugostitelja. Nije nam bilo dovoljno da nam gelato samo dobro izgleda \u2013 htjeli smo vrhunski proizvod, bez kompromisa na kvaliteti. Za svaki okus osigurali smo najkvalitetnije dostupne sirovine, one o kojima su drugi proizvo\u0111a\u010di mogli samo sanjati. Ulaganje u vrhunske sastojke zna\u010dajno je pove\u0107alo cijenu proizvodnje, pa \u010dak smo i mi na trenutak stali i zapitali se je li ovo previ\u0161e. Me\u0111utim, vjerujemo da je kvaliteta okusa gelata neupitna i opravdava ulaganje.\u00a0<\/p><p><strong>Fokusirani na kvalitetu &#8211; od visokih ambicija do vrhunskog sladoleda!<\/strong><\/p><p>Bili smo svjesni da stvaramo nove trendove i postavljamo nove standarde u svijetu sladoleda. Kada smo krenuli u ovu avanturu, znali smo da \u017eelimo ne\u0161to druga\u010dije. Odabrali smo najkvalitetnije sastojke, eksperimentirali s razli\u010ditim kombinacijama okusa i tekstura, te na kraju stvorili proizvod koji nadilazi sva o\u010dekivanja. Svaki korak u procesu proizvodnje bio je pa\u017eljivo osmi\u0161ljen kako bismo osigurali da na\u0161 sladoled bude vrhunske kvalitete. Ideja je bila jasna: proizvod nije za svakoga, ve\u0107 za one koji u svojoj ponudi \u017eele vrhunski kvalitetan gelato.<\/p><p><strong>5 litara uspjeha: Na\u0161a najprodavanija pakiranja osvojila su svijet!<\/strong><\/p><p>Rezultat? ICE CREAM CAKE, na\u0161a <a href=\"https:\/\/www.instagram.com\/p\/DCC4r_OIASG\/\">5-litarska pakiranja<\/a> postala su hit i u 2019. na\u0161 najprodavaniji proizvod! Zbog toga smo 2020. filozofiju kvalitete i vrhunskih sirovina prenijeli i na na\u0161a prvotna 8-litarska pakiranja-HIGH ICECREAM. Danas su na\u0161a 5-litarska ugostiteljska pakiranja i dalje jedinstvena na globalnom tr\u017ei\u0161tu, a tijekom ljeta primamo upite sa svih strana svijeta i trenutno ih izvozimo u pet dr\u017eava. Na\u0161a 5-litarska pakiranja postala su za\u0161titni znak na\u0161e kompanije.<\/p><p>Ako \u017eelite saznati vi\u0161e o ovom ledenom hitu, pridru\u017eite se na\u0161oj sladolednoj zajednici i posjetite na\u0161 <span style=\"text-decoration: underline;\"><em><strong><a href=\"https:\/\/www.portal.premis.hr\/\">portal<\/a><\/strong><\/em><\/span> kako bi postali dio <em>sladoledne elite<\/em>!\u00a0<\/p>\t\t\t\t\t\t\t\t<\/div>\n\t\t\t\t\t<\/div>\n\t\t<\/div>\n\t\t\t\t\t<\/div>\n\t\t<\/section>\n\t\t\t\t\t<\/div>\n\t\t<\/div>\n\t\t\t\t\t<\/div>\n\t\t<\/section>\n\t\t\t\t<\/div>\n\t\t","protected":false},"excerpt":{"rendered":"<p>Ugostiteljski sladoled pakiranje od 5 L Svjetski hit iz na\u0161e kuhinje: ICE CREAM CAKE! 5-litarski sladoled o kojem svi pri\u010daju! Opis proizvoda &#8211; ICE CREAM CAKE &#8211; 5 litara vrhunske slastice Pri\u010da o na\u0161em najve\u0107em uspjehu &#8211; ICE CREAM CAKE &#8211; 5-litarskom sladoledu premium kvalitete Kad smo na tada pospano tr\u017ei\u0161te lansirali HIGH ICECREAM &#8211; [&hellip;]<\/p>\n","protected":false},"author":1,"featured_media":1443,"parent":0,"menu_order":0,"comment_status":"closed","ping_status":"closed","template":"elementor_header_footer","meta":{"footnotes":""},"class_list":["post-123","page","type-page","status-publish","has-post-thumbnail","hentry"],"_links":{"self":[{"href":"https:\/\/premis.hr\/index.php\/wp-json\/wp\/v2\/pages\/123","targetHints":{"allow":["GET"]}}],"collection":[{"href":"https:\/\/premis.hr\/index.php\/wp-json\/wp\/v2\/pages"}],"about":[{"href":"https:\/\/premis.hr\/index.php\/wp-json\/wp\/v2\/types\/page"}],"author":[{"embeddable":true,"href":"https:\/\/premis.hr\/index.php\/wp-json\/wp\/v2\/users\/1"}],"replies":[{"embeddable":true,"href":"https:\/\/premis.hr\/index.php\/wp-json\/wp\/v2\/comments?post=123"}],"version-history":[{"count":95,"href":"https:\/\/premis.hr\/index.php\/wp-json\/wp\/v2\/pages\/123\/revisions"}],"predecessor-version":[{"id":3298,"href":"https:\/\/premis.hr\/index.php\/wp-json\/wp\/v2\/pages\/123\/revisions\/3298"}],"wp:featuredmedia":[{"embeddable":true,"href":"https:\/\/premis.hr\/index.php\/wp-json\/wp\/v2\/media\/1443"}],"wp:attachment":[{"href":"https:\/\/premis.hr\/index.php\/wp-json\/wp\/v2\/media?parent=123"}],"curies":[{"name":"wp","href":"https:\/\/api.w.org\/{rel}","templated":true}]}}