{"id":1093,"date":"2024-11-22T11:47:18","date_gmt":"2024-11-22T11:47:18","guid":{"rendered":"https:\/\/premis.hr\/2025\/?page_id=1093"},"modified":"2025-02-04T12:43:51","modified_gmt":"2025-02-04T12:43:51","slug":"strojevi-za-sladoled","status":"publish","type":"page","link":"https:\/\/premis.hr\/index.php\/strojevi-za-sladoled\/","title":{"rendered":"Strojevi za sladoled"},"content":{"rendered":"\t\t<div data-elementor-type=\"wp-page\" data-elementor-id=\"1093\" class=\"elementor elementor-1093\" data-elementor-post-type=\"page\">\n\t\t\t\t\t\t<section class=\"elementor-section elementor-top-section elementor-element elementor-element-99bd3a1 elementor-section-boxed elementor-section-height-default elementor-section-height-default\" data-id=\"99bd3a1\" data-element_type=\"section\" data-e-type=\"section\" data-settings=\"{&quot;background_background&quot;:&quot;classic&quot;,&quot;shape_divider_bottom&quot;:&quot;waves-pattern&quot;}\">\n\t\t\t\t\t\t\t<div class=\"elementor-background-overlay\"><\/div>\n\t\t\t\t\t\t<div class=\"elementor-shape elementor-shape-bottom\" aria-hidden=\"true\" data-negative=\"false\">\n\t\t\t<svg xmlns=\"http:\/\/www.w3.org\/2000\/svg\" viewBox=\"0 0 1047.1 3.7\" preserveAspectRatio=\"xMidYMin slice\">\n\t<path class=\"elementor-shape-fill\" d=\"M1047.1,0C557,0,8.9,0,0,0v1.6c0,0,0.6-1.5,2.7-0.3C3.9,2,6.1,4.1,8.3,3.5c0.9-0.2,1.5-1.9,1.5-1.9\ts0.6-1.5,2.7-0.3C13.8,2,16,4.1,18.2,3.5c0.9-0.2,1.5-1.9,1.5-1.9s0.6-1.5,2.7-0.3C23.6,2,25.9,4.1,28,3.5c0.9-0.2,1.5-1.9,1.5-1.9\tc0,0,0.6-1.5,2.7-0.3c1.2,0.7,3.5,2.8,5.6,2.2c0.9-0.2,1.5-1.9,1.5-1.9c0,0,0.6-1.5,2.7-0.3c1.2,0.7,3.5,2.8,5.6,2.2\tc0.9-0.2,1.5-1.9,1.5-1.9s0.6-1.5,2.7-0.3c1.2,0.7,3.5,2.8,5.6,2.2c0.9-0.2,1.5-1.9,1.5-1.9s0.6-1.5,2.7-0.3C63,2,65.3,4.1,67.4,3.5\tC68.3,3.3,69,1.6,69,1.6s0.6-1.5,2.7-0.3c1.2,0.7,3.5,2.8,5.6,2.2c0.9-0.2,1.5-1.9,1.5-1.9c0,0,0.6-1.5,2.7-0.3\tC82.7,2,85,4.1,87.1,3.5c0.9-0.2,1.5-1.9,1.5-1.9s0.6-1.5,2.7-0.3C92.6,2,94.8,4.1,97,3.5c0.9-0.2,1.5-1.9,1.5-1.9s0.6-1.5,2.7-0.3\tc1.2,0.7,3.5,2.8,5.6,2.2c0.9-0.2,1.5-1.9,1.5-1.9s0.6-1.5,2.7-0.3c1.2,0.7,3.5,2.8,5.6,2.2c0.9-0.2,1.5-1.9,1.5-1.9\tc0,0,0.6-1.5,2.7-0.3c1.2,0.7,3.5,2.8,5.6,2.2c0.9-0.2,1.5-1.9,1.5-1.9c0,0,0.6-1.5,2.7-0.3c1.2,0.7,3.5,2.8,5.6,2.2\tc0.9-0.2,1.5-1.9,1.5-1.9s0.6-1.5,2.7-0.3c1.2,0.7,3.5,2.8,5.6,2.2c0.9-0.2,1.5-1.9,1.5-1.9s0.6-1.5,2.7-0.3\tc1.2,0.7,3.5,2.8,5.6,2.2c0.9-0.2,1.5-1.9,1.5-1.9s0.6-1.5,2.7-0.3c1.2,0.7,3.5,2.8,5.6,2.2c0.9-0.2,1.5-1.9,1.5-1.9\tc0,0,0.6-1.5,2.7-0.3c1.2,0.7,3.5,2.8,5.6,2.2c0.9-0.2,1.5-1.9,1.5-1.9s0.6-1.5,2.7-0.3c1.2,0.7,3.5,2.8,5.6,2.2\tc0.9-0.2,1.5-1.9,1.5-1.9s0.6-1.5,2.7-0.3c1.2,0.7,3.5,2.8,5.6,2.2c0.9-0.2,1.5-1.9,1.5-1.9s0.6-1.5,2.7-0.3\tc1.2,0.7,3.5,2.8,5.6,2.2c0.9-0.2,1.5-1.9,1.5-1.9c0,0,0.6-1.5,2.7-0.3c1.2,0.7,3.5,2.8,5.6,2.2c0.9-0.2,1.5-1.9,1.5-1.9\tc0,0,0.6-1.5,2.7-0.3c1.2,0.7,3.5,2.8,5.6,2.2c0.9-0.2,1.5-1.9,1.5-1.9s0.6-1.5,2.7-0.3c1.2,0.7,3.5,2.8,5.6,2.2\tc0.9-0.2,1.5-1.9,1.5-1.9s0.6-1.5,2.7-0.3c1.2,0.7,3.5,2.8,5.6,2.2c0.9-0.2,1.5-1.9,1.5-1.9s0.6-1.5,2.7-0.3\tc1.2,0.7,3.5,2.8,5.6,2.2c0.9-0.2,1.5-1.9,1.5-1.9c0,0,0.6-1.5,2.7-0.3c1.2,0.7,3.5,2.8,5.6,2.2c0.9-0.2,1.5-1.9,1.5-1.9\ts0.6-1.5,2.7-0.3c1.2,0.7,3.5,2.8,5.6,2.2c0.9-0.2,1.5-1.9,1.5-1.9s0.6-1.5,2.7-0.3c1.2,0.7,3.5,2.8,5.6,2.2\tc0.9-0.2,1.5-1.9,1.5-1.9s0.6-1.5,2.7-0.3c1.2,0.7,3.5,2.8,5.6,2.2c0.9-0.2,1.5-1.9,1.5-1.9c0,0,0.6-1.5,2.7-0.3\tc1.2,0.7,3.5,2.8,5.6,2.2c0.9-0.2,1.5-1.9,1.5-1.9c0,0,0.6-1.5,2.7-0.3c1.2,0.7,3.5,2.8,5.6,2.2c0.9-0.2,1.5-1.9,1.5-1.9\ts0.6-1.5,2.7-0.3c1.2,0.7,3.5,2.8,5.6,2.2c0.9-0.2,1.5-1.9,1.5-1.9s0.6-1.5,2.7-0.3c1.2,0.7,3.5,2.8,5.6,2.2\tc0.9-0.2,1.5-1.9,1.5-1.9s0.6-1.5,2.7-0.3c1.2,0.7,3.5,2.8,5.6,2.2c0.9-0.2,1.5-1.9,1.5-1.9c0,0,0.6-1.5,2.7-0.3\tc1.2,0.7,3.5,2.8,5.6,2.2c0.9-0.2,1.5-1.9,1.5-1.9s0.6-1.5,2.7-0.3c1.2,0.7,3.5,2.8,5.6,2.2c0.9-0.2,1.5-1.9,1.5-1.9\ts0.6-1.5,2.7-0.3c1.2,0.7,3.5,2.8,5.6,2.2c0.9-0.2,1.5-1.9,1.5-1.9s0.6-1.5,2.7-0.3c1.2,0.7,3.5,2.8,5.6,2.2\tc0.9-0.2,1.5-1.9,1.5-1.9c0,0,0.6-1.5,2.7-0.3c1.2,0.7,3.5,2.8,5.6,2.2c0.9-0.2,1.5-1.9,1.5-1.9c0,0,0.6-1.5,2.7-0.3\tc1.2,0.7,3.5,2.8,5.6,2.2c0.9-0.2,1.5-1.9,1.5-1.9s0.6-1.5,2.7-0.3c1.2,0.7,3.5,2.8,5.6,2.2c0.9-0.2,1.5-1.9,1.5-1.9\ts0.6-1.5,2.7-0.3c1.2,0.7,3.5,2.8,5.6,2.2c0.9-0.2,1.5-1.9,1.5-1.9s0.6-1.5,2.7-0.3c1.2,0.7,3.5,2.8,5.6,2.2\tc0.9-0.2,1.5-1.9,1.5-1.9c0,0,0.6-1.5,2.7-0.3c1.2,0.7,3.5,2.8,5.6,2.2c0.9-0.2,1.5-1.9,1.5-1.9s0.6-1.5,2.7-0.3\tc1.2,0.7,3.5,2.8,5.6,2.2c0.9-0.2,1.5-1.9,1.5-1.9s0.6-1.5,2.7-0.3c1.2,0.7,3.5,2.8,5.6,2.2c0.9-0.2,1.5-1.9,1.5-1.9\ts0.6-1.5,2.7-0.3c1.2,0.7,3.5,2.8,5.6,2.2c0.9-0.2,1.5-1.9,1.5-1.9c0,0,0.6-1.5,2.7-0.3c1.2,0.7,3.5,2.8,5.6,2.2\tc0.9-0.2,1.5-1.9,1.5-1.9c0,0,0.6-1.5,2.7-0.3c1.2,0.7,3.5,2.8,5.6,2.2c0.9-0.2,1.5-1.9,1.5-1.9s0.6-1.5,2.7-0.3\tc1.2,0.7,3.5,2.8,5.6,2.2c0.9-0.2,1.5-1.9,1.5-1.9s0.6-1.5,2.7-0.3c1.2,0.7,3.5,2.8,5.6,2.2c0.9-0.2,1.5-1.9,1.5-1.9\ts0.6-1.5,2.7-0.3c1.2,0.7,3.5,2.8,5.6,2.2c0.9-0.2,1.5-1.9,1.5-1.9c0,0,0.6-1.5,2.7-0.3c1.2,0.7,3.5,2.8,5.6,2.2\tc0.9-0.2,1.5-1.9,1.5-1.9s0.6-1.5,2.7-0.3c1.2,0.7,3.5,2.8,5.6,2.2c0.9-0.2,1.5-1.9,1.5-1.9s0.6-1.5,2.7-0.3\tc1.2,0.7,3.5,2.8,5.6,2.2c0.9-0.2,1.5-1.9,1.5-1.9s0.6-1.5,2.7-0.3c1.2,0.7,3.5,2.8,5.6,2.2c0.9-0.2,1.5-1.9,1.5-1.9\tc0,0,0.6-1.5,2.7-0.3c1.2,0.7,3.5,2.8,5.6,2.2c0.9-0.2,1.5-1.9,1.5-1.9c0,0,0.6-1.5,2.7-0.3c1.2,0.7,3.5,2.8,5.6,2.2\tc0.9-0.2,1.5-1.9,1.5-1.9s0.6-1.5,2.7-0.3c1.2,0.7,3.5,2.8,5.6,2.2c0.9-0.2,1.5-1.9,1.5-1.9s0.6-1.5,2.7-0.3\tc1.2,0.7,3.5,2.8,5.6,2.2c0.9-0.2,1.5-1.9,1.5-1.9s0.6-1.5,2.7-0.3c1.2,0.7,3.5,2.8,5.6,2.2c0.9-0.2,1.5-1.9,1.5-1.9\tc0,0,0.6-1.5,2.7-0.3c1.2,0.7,3.5,2.8,5.6,2.2c0.9-0.2,1.5-1.9,1.5-1.9s0.6-1.5,2.7-0.3c1.2,0.7,3.5,2.8,5.6,2.2\tc0.9-0.2,1.5-1.9,1.5-1.9s0.6-1.5,2.7-0.3c1.2,0.7,3.5,2.8,5.6,2.2c0.9-0.2,1.5-1.9,1.5-1.9s0.6-1.5,2.7-0.3\tc1.2,0.7,3.5,2.8,5.6,2.2c0.9-0.2,1.5-1.9,1.5-1.9c0,0,0.6-1.5,2.7-0.3c1.2,0.7,3.5,2.8,5.6,2.2c0.9-0.2,1.5-1.9,1.5-1.9\tc0,0,0.6-1.5,2.7-0.3c1.2,0.7,3.5,2.8,5.6,2.2c0.9-0.2,1.5-1.9,1.5-1.9s0.6-1.5,2.7-0.3c1.2,0.7,3.5,2.8,5.6,2.2\tc0.9-0.2,1.5-1.9,1.5-1.9s0.6-1.5,2.7-0.3c1.2,0.7,3.5,2.8,5.6,2.2c0.9-0.2,1.5-1.9,1.5-1.9s0.6-1.5,2.7-0.3\tc1.2,0.7,3.5,2.8,5.6,2.2c0.9-0.2,1.5-1.9,1.5-1.9c0,0,0.6-1.5,2.7-0.3c1.2,0.7,3.5,2.8,5.6,2.2c0.9-0.2,1.5-1.9,1.5-1.9\ts0.6-1.5,2.7-0.3c1.2,0.7,3.5,2.8,5.6,2.2c0.9-0.2,1.5-1.9,1.5-1.9s0.6-1.5,2.7-0.3c1.2,0.7,3.5,2.8,5.6,2.2\tc0.9-0.2,1.5-1.9,1.5-1.9s0.6-1.5,2.7-0.3c1.2,0.7,3.5,2.8,5.6,2.2c0.9-0.2,1.5-1.9,1.5-1.9c0,0,0.6-1.5,2.7-0.3\tc1.2,0.7,3.5,2.8,5.6,2.2c0.9-0.2,1.5-1.9,1.5-1.9c0,0,0.6-1.5,2.7-0.3c1.2,0.7,3.5,2.8,5.6,2.2c0.9-0.2,1.5-1.9,1.5-1.9\ts0.6-1.5,2.7-0.3c1.2,0.7,3.5,2.8,5.6,2.2c0.9-0.2,1.5-1.9,1.5-1.9s0.6-1.5,2.7-0.3c1.2,0.7,3.5,2.8,5.6,2.2\tc0.9-0.2,1.5-1.9,1.5-1.9s0.6-1.5,2.7-0.3c1.2,0.7,3.5,2.8,5.6,2.2c0.9-0.2,1.5-1.9,1.5-1.9c0,0,0.6-1.5,2.7-0.3\tc1.2,0.7,3.5,2.8,5.6,2.2c0.9-0.2,1.5-1.9,1.5-1.9s0.6-1.5,2.7-0.3c1.2,0.7,3.5,2.8,5.6,2.2c0.9-0.2,1.5-1.9,1.5-1.9\ts0.6-1.5,2.7-0.3c1.2,0.7,3.5,2.8,5.6,2.2c0.9-0.2,1.5-1.9,1.5-1.9s0.6-1.5,2.7-0.3c1.2,0.7,3.5,2.8,5.6,2.2\tc0.9-0.2,1.5-1.9,1.5-1.9c0,0,0.6-1.5,2.7-0.3c1.2,0.7,3.5,2.8,5.6,2.2c0.9-0.2,1.5-1.9,1.5-1.9c0,0,0.6-1.5,2.7-0.3\tc1.2,0.7,3.5,2.8,5.6,2.2c0.9-0.2,1.5-1.9,1.5-1.9s0.6-1.5,2.7-0.3c1.2,0.7,3.5,2.8,5.6,2.2c0.9-0.2,1.5-1.9,1.5-1.9\ts0.6-1.5,2.7-0.3c1.2,0.7,3.5,2.8,5.6,2.2c0.9-0.2,1.5-1.9,1.5-1.9s0.6-1.5,2.7-0.3c1.2,0.7,3.5,2.8,5.6,2.2\tc0.9-0.2,1.5-1.9,1.5-1.9c0,0,0.6-1.5,2.7-0.3c1.2,0.7,3.5,2.8,5.6,2.2c0.9-0.2,1.5-1.9,1.5-1.9s0.6-1.5,2.7-0.3\tc1.2,0.7,3.5,2.8,5.6,2.2c0.9-0.2,1.5-1.9,1.5-1.9s0.6-1.5,2.7-0.3c1.2,0.7,3.5,2.8,5.6,2.2c0.9-0.2,1.5-1.9,1.5-1.9\ts0.6-1.5,2.7-0.3c1.2,0.7,3.5,2.8,5.6,2.2c0.9-0.2,1.5-1.9,1.5-1.9c0,0,0.6-1.5,2.7-0.3c1.2,0.7,3.5,2.8,5.6,2.2\tc0.9-0.2,1.5-1.9,1.5-1.9c0,0,0.6-1.5,2.7-0.3c1.2,0.7,3.5,2.8,5.6,2.2c0.9-0.2,1.5-1.9,1.5-1.9s0.6-1.5,2.7-0.3\tc1.2,0.7,3.5,2.8,5.6,2.2c0.9-0.2,1.5-1.9,1.5-1.9s0.6-1.5,2.7-0.3c1.2,0.7,3.5,2.8,5.6,2.2c0.9-0.2,1.5-1.9,1.5-1.9\ts0.6-1.5,2.7-0.3c1.2,0.7,3.5,2.8,5.6,2.2c0.9-0.2,1.5-1.9,1.5-1.9c0,0,0.6-1.5,2.7-0.3c1.2,0.7,3.5,2.8,5.6,2.2\tc0.9-0.2,1.5-1.9,1.5-1.9s0.6-1.5,2.7-0.3c1.2,0.7,3.5,2.8,5.6,2.2c0.9-0.2,1.5-1.9,1.5-1.9s0.6-1.5,2.7-0.3\tc1.2,0.7,3.5,2.8,5.6,2.2c0.9-0.2,1.5-1.9,1.5-1.9s0.6-1.5,2.7-0.3c1.2,0.7,3.5,2.8,5.6,2.2c0.9-0.2,1.5-1.9,1.5-1.9\tc0,0,0.6-1.5,2.7-0.3c1.2,0.7,3.5,2.8,5.6,2.2c0.9-0.2,1.5-1.9,1.5-1.9c0,0,0.6-1.5,2.7-0.3c1.2,0.7,3.5,2.8,5.6,2.2\tc0.9-0.2,1.5-1.9,1.5-1.9s0.6-1.5,2.7-0.3c1.2,0.7,3.5,2.8,5.6,2.2c0.9-0.2,1.5-1.9,1.5-1.9s0.6-1.5,2.7-0.3\tc1.2,0.7,3.5,2.8,5.6,2.2c0.9-0.2,1.5-1.9,1.5-1.9s0.6-1.5,2.6-0.4V0z M2.5,1.2C2.5,1.2,2.5,1.2,2.5,1.2C2.5,1.2,2.5,1.2,2.5,1.2z M2.7,1.4c0.1,0,0.1,0.1,0.1,0.1C2.8,1.4,2.8,1.4,2.7,1.4z\"\/>\n<\/svg>\t\t<\/div>\n\t\t\t\t\t<div class=\"elementor-container elementor-column-gap-default\">\n\t\t\t\t\t<div class=\"elementor-column elementor-col-100 elementor-top-column elementor-element elementor-element-d0c7c2c\" data-id=\"d0c7c2c\" data-element_type=\"column\" data-e-type=\"column\">\n\t\t\t<div class=\"elementor-widget-wrap elementor-element-populated\">\n\t\t\t\t\t\t<section class=\"elementor-section elementor-inner-section elementor-element elementor-element-3599b8f elementor-section-boxed elementor-section-height-default elementor-section-height-default\" data-id=\"3599b8f\" data-element_type=\"section\" data-e-type=\"section\">\n\t\t\t\t\t\t<div class=\"elementor-container elementor-column-gap-default\">\n\t\t\t\t\t<div class=\"elementor-column elementor-col-100 elementor-inner-column elementor-element elementor-element-e9715c1\" data-id=\"e9715c1\" data-element_type=\"column\" data-e-type=\"column\">\n\t\t\t<div class=\"elementor-widget-wrap elementor-element-populated\">\n\t\t\t\t\t\t<div class=\"elementor-element elementor-element-ab71fae elementor-invisible elementor-widget elementor-widget-heading\" data-id=\"ab71fae\" data-element_type=\"widget\" data-e-type=\"widget\" data-settings=\"{&quot;_animation&quot;:&quot;fadeInUp&quot;}\" data-widget_type=\"heading.default\">\n\t\t\t\t\t<h1 class=\"elementor-heading-title elementor-size-default\">Strojevi za sladoled<\/h1>\t\t\t\t<\/div>\n\t\t\t\t<div class=\"elementor-element elementor-element-dcefeb3 elementor-invisible elementor-widget elementor-widget-heading\" data-id=\"dcefeb3\" data-element_type=\"widget\" data-e-type=\"widget\" data-settings=\"{&quot;_animation&quot;:&quot;fadeInUp&quot;,&quot;_animation_delay&quot;:200}\" data-widget_type=\"heading.default\">\n\t\t\t\t\t<h4 class=\"elementor-heading-title elementor-size-default\"><a href=\"https:\/\/www.portal.premis.hr\/noviteti-za-strojevi-za-proizvodnju-sladoleda\/\">Premis: Strojevi za sladoled koji nas svaki put iznova osvoje \u2013 doslovno!<\/a><\/h4>\t\t\t\t<\/div>\n\t\t\t\t\t<\/div>\n\t\t<\/div>\n\t\t\t\t\t<\/div>\n\t\t<\/section>\n\t\t\t\t\t<\/div>\n\t\t<\/div>\n\t\t\t\t\t<\/div>\n\t\t<\/section>\n\t\t<div class=\"elementor-element elementor-element-42e0309 e-flex e-con-boxed e-con e-parent\" data-id=\"42e0309\" data-element_type=\"container\" data-e-type=\"container\">\n\t\t\t\t\t<div class=\"e-con-inner\">\n\t\t<div class=\"elementor-element elementor-element-8e2eb78 e-con-full e-flex e-con e-child\" data-id=\"8e2eb78\" data-element_type=\"container\" data-e-type=\"container\">\n\t\t\t\t<div class=\"elementor-element elementor-element-ef29475 elementor-widget elementor-widget-image\" data-id=\"ef29475\" data-element_type=\"widget\" data-e-type=\"widget\" data-widget_type=\"image.default\">\n\t\t\t\t\t\t\t\t\t\t\t\t\t\t\t<img fetchpriority=\"high\" decoding=\"async\" width=\"800\" height=\"450\" src=\"https:\/\/premis.hr\/wp-content\/uploads\/2024\/11\/strojevi_za_sladoled.jpg\" class=\"attachment-large size-large wp-image-1132\" alt=\"Oprema za pravljenje sladoleda (Ice Cream making machinery)\" srcset=\"https:\/\/premis.hr\/wp-content\/uploads\/2024\/11\/strojevi_za_sladoled.jpg 800w, https:\/\/premis.hr\/wp-content\/uploads\/2024\/11\/strojevi_za_sladoled-300x169.jpg 300w, https:\/\/premis.hr\/wp-content\/uploads\/2024\/11\/strojevi_za_sladoled-768x432.jpg 768w\" sizes=\"(max-width: 800px) 100vw, 800px\" \/>\t\t\t\t\t\t\t\t\t\t\t\t\t\t\t<\/div>\n\t\t\t\t<\/div>\n\t\t<div class=\"elementor-element elementor-element-283d3fc e-con-full e-flex e-con e-child\" data-id=\"283d3fc\" data-element_type=\"container\" data-e-type=\"container\">\n\t\t\t\t<div class=\"elementor-element elementor-element-8d128f5 elementor-widget elementor-widget-heading\" data-id=\"8d128f5\" data-element_type=\"widget\" data-e-type=\"widget\" data-widget_type=\"heading.default\">\n\t\t\t\t\t<h2 class=\"elementor-heading-title elementor-size-default\">Technogel strojevi za sladoled <\/h2>\t\t\t\t<\/div>\n\t\t\t\t<div class=\"elementor-element elementor-element-4d4e2e9 elementor-widget elementor-widget-text-editor\" data-id=\"4d4e2e9\" data-element_type=\"widget\" data-e-type=\"widget\" data-widget_type=\"text-editor.default\">\n\t\t\t\t\t\t\t\t\t<p data-sourcepos=\"3:1-3:319\">Pravi majstori u proizvodnji sladoleda! Ako tra\u017eite strojeve koji se pona\u0161aju bolje od va\u0161ih zaposlenika, evo rje\u0161enja!<\/p><p data-sourcepos=\"3:1-3:319\">U Premisu ve\u0107 dugi niz godina <strong>poma\u017eemo svojim partnerima sladoledarima da prona\u0111u idealne strojeve za sladoled<\/strong>. Tijekom godina smo, oslu\u0161kuju\u0107i \u017eelje kupaca, <strong>sura\u0111ivali s razli\u010ditim proizvo\u0111a\u010dima<\/strong>. Krenuli smo s Technogelom, no u \u017eelji da udovoljimo potra\u017enji za poznatijim imenima na tr\u017ei\u0161tu, oku\u0161ali smo se i s drugim brendovima.<\/p><p data-sourcepos=\"5:1-5:81\">Me\u0111utim, iskustvo nas je nau\u010dilo da <strong>popularnost ne jam\u010di uvijek i kvalitetu<\/strong>.\u00a0<\/p><p data-sourcepos=\"7:1-7:257\">Naime, kupci koji su se odlu\u010dili za <a href=\"https:\/\/www.technogel.com\/en\"><strong>Technogel strojeve<\/strong><\/a>, unato\u010d po\u010detnoj skepsi, <strong>nisu imali nikakvih problema s radom<\/strong>. \u0160tovi\u0161e, primijetili smo da se <strong>potro\u0161ni dijelovi na Technogel strojevima tro\u0161e znatno manje<\/strong> u usporedbi s drugim proizvo\u0111a\u010dima. Izgleda da popularnost ima svojih prednosti, ali iskustvo je ono \u0161to se ra\u010duna!<\/p>\t\t\t\t\t\t\t\t<\/div>\n\t\t\t\t<\/div>\n\t\t\t\t\t<\/div>\n\t\t\t\t<\/div>\n\t\t<div class=\"elementor-element elementor-element-36cb8c1 e-flex e-con-boxed e-con e-parent\" data-id=\"36cb8c1\" data-element_type=\"container\" data-e-type=\"container\">\n\t\t\t\t\t<div class=\"e-con-inner\">\n\t\t\t\t<div class=\"elementor-element elementor-element-87fd8a1 elementor-widget elementor-widget-text-editor\" data-id=\"87fd8a1\" data-element_type=\"widget\" data-e-type=\"widget\" data-widget_type=\"text-editor.default\">\n\t\t\t\t\t\t\t\t\t<p data-sourcepos=\"11:1-11:20\">Ta spoznaja nas je dovela do va\u017enog zaklju\u010dka: <strong>zadovoljstvo kupaca i pouzdanost strojeva su nam na prvom mjestu<\/strong>. I zato, kako bismo bili sigurni da \u0107emo vam uvijek pru\u017eiti najbolje, odlu\u010dili smo u budu\u0107nosti prodavati <strong>isklju\u010divo Technogel strojeve za sladoled<\/strong> \u2013 jer, tko ne voli kad sve ide glatko, zar ne?<\/p>\n<p data-sourcepos=\"11:1-11:20\"><strong>Za\u0161to Technogel?<\/strong><\/p>\n<ul data-sourcepos=\"13:1-16:0\">\n<li data-sourcepos=\"13:1-13:102\"><strong>Neprevazi\u0111ena pouzdanost:<\/strong> Technogel strojevi su poput dobrog starog prijatelja \u2013 uvijek tu kad ih treba\u0161, izdr\u017eljivi i spremni da pre\u017eive i naj\u017ee\u0161\u0107e izazove!<\/li>\n<li data-sourcepos=\"14:1-14:133\"><strong>Minimalno odr\u017eavanje:<\/strong> Zahvaljuju\u0107i kvalitetnoj izradi, Technogel strojevi zahtijevaju minimalno odr\u017eavanje i zamjenu dijelova. Za\u0161to bi se brinuo oko odr\u017eavanja, kad mo\u017ee\u0161 u\u017eivati u \u017eivotu?<\/li>\n<li data-sourcepos=\"15:1-16:0\"><strong>Zadovoljni kupci:<\/strong> Na\u0161 servisni odjel potvr\u0111uje &#8211; Technogel strojevi rijetko uzrokuju probleme.&nbsp;<\/li>\n<\/ul>\n<p data-sourcepos=\"17:1-17:136\">U Premisu vjerujemo da je <strong>Technogel pravi izbor za svakog slasti\u010dara<\/strong> koji tra\u017ei pouzdan, kvalitetan i dugotrajan stroj za sladoled koji \u0107e zajedno sa na\u0161im sirovinama napraviti najbolji gelato.<\/p>\t\t\t\t\t\t\t\t<\/div>\n\t\t\t\t\t<\/div>\n\t\t\t\t<\/div>\n\t\t<div class=\"elementor-element elementor-element-25a3d60 e-flex e-con-boxed e-con e-parent\" data-id=\"25a3d60\" data-element_type=\"container\" data-e-type=\"container\">\n\t\t\t\t\t<div class=\"e-con-inner\">\n\t\t<div class=\"elementor-element elementor-element-c0d51fa e-con-full e-flex e-con e-child\" data-id=\"c0d51fa\" data-element_type=\"container\" data-e-type=\"container\">\n\t\t\t\t<div class=\"elementor-element elementor-element-3f8c0a0 elementor-widget elementor-widget-image-gallery\" data-id=\"3f8c0a0\" data-element_type=\"widget\" data-e-type=\"widget\" data-widget_type=\"image-gallery.default\">\n\t\t\t\t\t\t\t<div class=\"elementor-image-gallery\">\n\t\t\t<div id='gallery-1' class='gallery galleryid-1093 gallery-columns-3 gallery-size-medium_large'><figure class='gallery-item'>\n\t\t\t<div class='gallery-icon landscape'>\n\t\t\t\t<a data-elementor-open-lightbox=\"yes\" data-elementor-lightbox-slideshow=\"3f8c0a0\" data-e-action-hash=\"#elementor-action%3Aaction%3Dlightbox%26settings%3DeyJpZCI6MTIxMiwidXJsIjoiaHR0cHM6XC9cL3ByZW1pcy5oclwvd3AtY29udGVudFwvdXBsb2Fkc1wvMjAyNFwvMTFcL1Byb2Zlc2lvbmFsLmpwZyIsInNsaWRlc2hvdyI6IjNmOGMwYTAifQ%3D%3D\" href='https:\/\/premis.hr\/wp-content\/uploads\/2024\/11\/Profesional.jpg'><img decoding=\"async\" width=\"768\" height=\"543\" src=\"https:\/\/premis.hr\/wp-content\/uploads\/2024\/11\/Profesional-768x543.jpg\" class=\"attachment-medium_large size-medium_large\" alt=\"Oprema za pravljenje sladoleda (Ice Cream making machinery)\" aria-describedby=\"gallery-1-1212\" srcset=\"https:\/\/premis.hr\/wp-content\/uploads\/2024\/11\/Profesional-768x543.jpg 768w, https:\/\/premis.hr\/wp-content\/uploads\/2024\/11\/Profesional-300x212.jpg 300w, https:\/\/premis.hr\/wp-content\/uploads\/2024\/11\/Profesional.jpg 841w\" sizes=\"(max-width: 768px) 100vw, 768px\" \/><\/a>\n\t\t\t<\/div>\n\t\t\t\t<figcaption class='wp-caption-text gallery-caption' id='gallery-1-1212'>\n\t\t\t\tSladoledni strojevi i oprema za izradu sladoleda (Equipment and machines for Ice Cream Making)\n\t\t\t\t<\/figcaption><\/figure><figure class='gallery-item'>\n\t\t\t<div class='gallery-icon landscape'>\n\t\t\t\t<a data-elementor-open-lightbox=\"yes\" data-elementor-lightbox-slideshow=\"3f8c0a0\" data-e-action-hash=\"#elementor-action%3Aaction%3Dlightbox%26settings%3DeyJpZCI6MTIxMywidXJsIjoiaHR0cHM6XC9cL3ByZW1pcy5oclwvd3AtY29udGVudFwvdXBsb2Fkc1wvMjAyNFwvMTFcL0FnZU1peC5qcGciLCJzbGlkZXNob3ciOiIzZjhjMGEwIn0%3D\" href='https:\/\/premis.hr\/wp-content\/uploads\/2024\/11\/AgeMix.jpg'><img decoding=\"async\" width=\"768\" height=\"543\" src=\"https:\/\/premis.hr\/wp-content\/uploads\/2024\/11\/AgeMix-768x543.jpg\" class=\"attachment-medium_large size-medium_large\" alt=\"Oprema za pravljenje sladoleda (Ice Cream making machinery)\" aria-describedby=\"gallery-1-1213\" srcset=\"https:\/\/premis.hr\/wp-content\/uploads\/2024\/11\/AgeMix-768x543.jpg 768w, https:\/\/premis.hr\/wp-content\/uploads\/2024\/11\/AgeMix-300x212.jpg 300w, https:\/\/premis.hr\/wp-content\/uploads\/2024\/11\/AgeMix.jpg 841w\" sizes=\"(max-width: 768px) 100vw, 768px\" \/><\/a>\n\t\t\t<\/div>\n\t\t\t\t<figcaption class='wp-caption-text gallery-caption' id='gallery-1-1213'>\n\t\t\t\tSladoledni strojevi i oprema za izradu sladoleda (Equipment and machines for Ice Cream Making)\n\t\t\t\t<\/figcaption><\/figure><figure class='gallery-item'>\n\t\t\t<div class='gallery-icon landscape'>\n\t\t\t\t<a data-elementor-open-lightbox=\"yes\" data-elementor-lightbox-slideshow=\"3f8c0a0\" data-e-action-hash=\"#elementor-action%3Aaction%3Dlightbox%26settings%3DeyJpZCI6MTIxNCwidXJsIjoiaHR0cHM6XC9cL3ByZW1pcy5oclwvd3AtY29udGVudFwvdXBsb2Fkc1wvMjAyNFwvMTFcL01hbnRlLmpwZyIsInNsaWRlc2hvdyI6IjNmOGMwYTAifQ%3D%3D\" href='https:\/\/premis.hr\/wp-content\/uploads\/2024\/11\/Mante.jpg'><img loading=\"lazy\" decoding=\"async\" width=\"768\" height=\"543\" src=\"https:\/\/premis.hr\/wp-content\/uploads\/2024\/11\/Mante-768x543.jpg\" class=\"attachment-medium_large size-medium_large\" alt=\"Oprema za pravljenje sladoleda (Ice Cream making machinery)\" aria-describedby=\"gallery-1-1214\" srcset=\"https:\/\/premis.hr\/wp-content\/uploads\/2024\/11\/Mante-768x543.jpg 768w, https:\/\/premis.hr\/wp-content\/uploads\/2024\/11\/Mante-300x212.jpg 300w, https:\/\/premis.hr\/wp-content\/uploads\/2024\/11\/Mante.jpg 841w\" sizes=\"(max-width: 768px) 100vw, 768px\" \/><\/a>\n\t\t\t<\/div>\n\t\t\t\t<figcaption class='wp-caption-text gallery-caption' id='gallery-1-1214'>\n\t\t\t\tSladoledni strojevi i oprema za izradu sladoleda (Equipment and machines for Ice Cream Making)\n\t\t\t\t<\/figcaption><\/figure><figure class='gallery-item'>\n\t\t\t<div class='gallery-icon landscape'>\n\t\t\t\t<a data-elementor-open-lightbox=\"yes\" data-elementor-lightbox-slideshow=\"3f8c0a0\" data-e-action-hash=\"#elementor-action%3Aaction%3Dlightbox%26settings%3DeyJpZCI6MTIxNiwidXJsIjoiaHR0cHM6XC9cL3ByZW1pcy5oclwvd3AtY29udGVudFwvdXBsb2Fkc1wvMjAyNFwvMTFcL01hbnRlVHMyLmpwZyIsInNsaWRlc2hvdyI6IjNmOGMwYTAifQ%3D%3D\" href='https:\/\/premis.hr\/wp-content\/uploads\/2024\/11\/ManteTs2.jpg'><img loading=\"lazy\" decoding=\"async\" width=\"768\" height=\"543\" src=\"https:\/\/premis.hr\/wp-content\/uploads\/2024\/11\/ManteTs2-768x543.jpg\" class=\"attachment-medium_large size-medium_large\" alt=\"Oprema za pravljenje sladoleda (Ice Cream making machinery)\" aria-describedby=\"gallery-1-1216\" srcset=\"https:\/\/premis.hr\/wp-content\/uploads\/2024\/11\/ManteTs2-768x543.jpg 768w, https:\/\/premis.hr\/wp-content\/uploads\/2024\/11\/ManteTs2-300x212.jpg 300w, https:\/\/premis.hr\/wp-content\/uploads\/2024\/11\/ManteTs2.jpg 841w\" sizes=\"(max-width: 768px) 100vw, 768px\" \/><\/a>\n\t\t\t<\/div>\n\t\t\t\t<figcaption class='wp-caption-text gallery-caption' id='gallery-1-1216'>\n\t\t\t\tSladoledni strojevi i oprema za izradu sladoleda (Equipment and machines for Ice Cream Making)\n\t\t\t\t<\/figcaption><\/figure><figure class='gallery-item'>\n\t\t\t<div class='gallery-icon landscape'>\n\t\t\t\t<a data-elementor-open-lightbox=\"yes\" data-elementor-lightbox-slideshow=\"3f8c0a0\" data-e-action-hash=\"#elementor-action%3Aaction%3Dlightbox%26settings%3DeyJpZCI6MTIxNywidXJsIjoiaHR0cHM6XC9cL3ByZW1pcy5oclwvd3AtY29udGVudFwvdXBsb2Fkc1wvMjAyNFwvMTFcL01peEdlbC5qcGciLCJzbGlkZXNob3ciOiIzZjhjMGEwIn0%3D\" href='https:\/\/premis.hr\/wp-content\/uploads\/2024\/11\/MixGel.jpg'><img loading=\"lazy\" decoding=\"async\" width=\"768\" height=\"543\" src=\"https:\/\/premis.hr\/wp-content\/uploads\/2024\/11\/MixGel-768x543.jpg\" class=\"attachment-medium_large size-medium_large\" alt=\"Oprema za pravljenje sladoleda (Ice Cream making machinery)\" aria-describedby=\"gallery-1-1217\" srcset=\"https:\/\/premis.hr\/wp-content\/uploads\/2024\/11\/MixGel-768x543.jpg 768w, https:\/\/premis.hr\/wp-content\/uploads\/2024\/11\/MixGel-300x212.jpg 300w, https:\/\/premis.hr\/wp-content\/uploads\/2024\/11\/MixGel.jpg 841w\" sizes=\"(max-width: 768px) 100vw, 768px\" \/><\/a>\n\t\t\t<\/div>\n\t\t\t\t<figcaption class='wp-caption-text gallery-caption' id='gallery-1-1217'>\n\t\t\t\tSladoledni strojevi i oprema za izradu sladoleda (Equipment and machines for Ice Cream Making)\n\t\t\t\t<\/figcaption><\/figure><figure class='gallery-item'>\n\t\t\t<div class='gallery-icon landscape'>\n\t\t\t\t<a data-elementor-open-lightbox=\"yes\" data-elementor-lightbox-slideshow=\"3f8c0a0\" data-e-action-hash=\"#elementor-action%3Aaction%3Dlightbox%26settings%3DeyJpZCI6MTIxOCwidXJsIjoiaHR0cHM6XC9cL3ByZW1pcy5oclwvd3AtY29udGVudFwvdXBsb2Fkc1wvMjAyNFwvMTFcL01peFBhc3Ryby5qcGciLCJzbGlkZXNob3ciOiIzZjhjMGEwIn0%3D\" href='https:\/\/premis.hr\/wp-content\/uploads\/2024\/11\/MixPastro.jpg'><img loading=\"lazy\" decoding=\"async\" width=\"768\" height=\"543\" src=\"https:\/\/premis.hr\/wp-content\/uploads\/2024\/11\/MixPastro-768x543.jpg\" class=\"attachment-medium_large size-medium_large\" alt=\"Oprema za pravljenje sladoleda (Ice Cream making machinery)\" aria-describedby=\"gallery-1-1218\" srcset=\"https:\/\/premis.hr\/wp-content\/uploads\/2024\/11\/MixPastro-768x543.jpg 768w, https:\/\/premis.hr\/wp-content\/uploads\/2024\/11\/MixPastro-300x212.jpg 300w, https:\/\/premis.hr\/wp-content\/uploads\/2024\/11\/MixPastro.jpg 841w\" sizes=\"(max-width: 768px) 100vw, 768px\" \/><\/a>\n\t\t\t<\/div>\n\t\t\t\t<figcaption class='wp-caption-text gallery-caption' id='gallery-1-1218'>\n\t\t\t\tSladoledni strojevi i oprema za izradu sladoleda (Equipment and machines for Ice Cream Making)\n\t\t\t\t<\/figcaption><\/figure>\n\t\t<\/div>\n\t\t<\/div>\n\t\t\t\t\t\t<\/div>\n\t\t\t\t<\/div>\n\t\t\t\t\t<\/div>\n\t\t\t\t<\/div>\n\t\t<div class=\"elementor-element elementor-element-654266b e-flex e-con-boxed e-con e-parent\" data-id=\"654266b\" data-element_type=\"container\" data-e-type=\"container\">\n\t\t\t\t\t<div class=\"e-con-inner\">\n\t\t\t\t<div class=\"elementor-element elementor-element-63be73b elementor-widget elementor-widget-video\" data-id=\"63be73b\" data-element_type=\"widget\" data-e-type=\"widget\" data-settings=\"{&quot;youtube_url&quot;:&quot;https:\\\/\\\/www.youtube.com\\\/watch?v=L-zHZ3WRnik&amp;t=6s&quot;,&quot;video_type&quot;:&quot;youtube&quot;,&quot;controls&quot;:&quot;yes&quot;}\" data-widget_type=\"video.default\">\n\t\t\t\t\t\t\t<div class=\"elementor-wrapper elementor-open-inline\">\n\t\t\t<div class=\"elementor-video\"><\/div>\t\t<\/div>\n\t\t\t\t\t\t<\/div>\n\t\t\t\t\t<\/div>\n\t\t\t\t<\/div>\n\t\t\t\t<\/div>\n\t\t","protected":false},"excerpt":{"rendered":"<p>Strojevi za sladoled Premis: Strojevi za sladoled koji nas svaki put iznova osvoje \u2013 doslovno! Technogel strojevi za sladoled Pravi majstori u proizvodnji sladoleda! Ako tra\u017eite strojeve koji se pona\u0161aju bolje od va\u0161ih zaposlenika, evo rje\u0161enja! U Premisu ve\u0107 dugi niz godina poma\u017eemo svojim partnerima sladoledarima da prona\u0111u idealne strojeve za sladoled. Tijekom godina smo, [&hellip;]<\/p>\n","protected":false},"author":1,"featured_media":0,"parent":0,"menu_order":0,"comment_status":"closed","ping_status":"closed","template":"","meta":{"footnotes":""},"class_list":["post-1093","page","type-page","status-publish","hentry"],"_links":{"self":[{"href":"https:\/\/premis.hr\/index.php\/wp-json\/wp\/v2\/pages\/1093","targetHints":{"allow":["GET"]}}],"collection":[{"href":"https:\/\/premis.hr\/index.php\/wp-json\/wp\/v2\/pages"}],"about":[{"href":"https:\/\/premis.hr\/index.php\/wp-json\/wp\/v2\/types\/page"}],"author":[{"embeddable":true,"href":"https:\/\/premis.hr\/index.php\/wp-json\/wp\/v2\/users\/1"}],"replies":[{"embeddable":true,"href":"https:\/\/premis.hr\/index.php\/wp-json\/wp\/v2\/comments?post=1093"}],"version-history":[{"count":46,"href":"https:\/\/premis.hr\/index.php\/wp-json\/wp\/v2\/pages\/1093\/revisions"}],"predecessor-version":[{"id":2934,"href":"https:\/\/premis.hr\/index.php\/wp-json\/wp\/v2\/pages\/1093\/revisions\/2934"}],"wp:attachment":[{"href":"https:\/\/premis.hr\/index.php\/wp-json\/wp\/v2\/media?parent=1093"}],"curies":[{"name":"wp","href":"https:\/\/api.w.org\/{rel}","templated":true}]}}